{"id":15586,"date":"2023-10-30T10:22:00","date_gmt":"2023-10-30T09:22:00","guid":{"rendered":"https:\/\/baralivres.ma\/?post_type=product&#038;p=15586"},"modified":"2023-10-31T09:28:10","modified_gmt":"2023-10-31T08:28:10","slug":"disrupteur-le-pdg-damazon-mot-a-mot","status":"publish","type":"product","link":"https:\/\/baralivres.ma\/?product=disrupteur-le-pdg-damazon-mot-a-mot","title":{"rendered":"DISRUPTEUR, LE PDG D&rsquo;AMAZON MOT A MOT"},"content":{"rendered":"<p>Ce livre offre plus de 500 citations extraites des journaux, magazines, courriels et discours de Jeff Bezos. Organis\u00e9es en onze cat\u00e9gories, elles couvrent un large \u00e9ventail de sujets, de la cr\u00e9ation de ses entreprises embl\u00e9matiques (Amazon, le Kindle, Blue Origin) aux questions de gestion d&rsquo;entreprise, d&rsquo;entrepreneuriat, d&rsquo;innovation, et m\u00eame de conseils de vie. En compl\u00e9ment, une biographie d\u00e9taill\u00e9e retrace le parcours chronologique de Jeff Bezos. \u00c0 travers ses paroles, il partage les cl\u00e9s de la r\u00e9ussite d&rsquo;Amazon et de ses autres entreprises, mettant en lumi\u00e8re son engagement envers l&rsquo;am\u00e9lioration quotidienne de la vie des gens gr\u00e2ce \u00e0 l&rsquo;innovation constante. Les onze cat\u00e9gories abordent des aspects tels que l&rsquo;e-commerce, la culture d&rsquo;entreprise, l&rsquo;invention, la technologie, l&rsquo;espace, les investissements, et bien plus encore.<\/p>\n","protected":false},"excerpt":{"rendered":"<p>Livre de 500 citations de Jeff Bezos, couvrant divers sujets et compl\u00e9t\u00e9 par une biographie chronologique.<\/p>\n","protected":false},"featured_media":15593,"comment_status":"open","ping_status":"closed","template":"","meta":{"inline_featured_image":false},"product_cat":[204,91],"product_tag":[],"class_list":{"0":"post-15586","1":"product","2":"type-product","3":"status-publish","4":"has-post-thumbnail","6":"product_cat-francais","7":"product_cat-developpement","8":"pa_auteurs-helrna-hun","10":"first","11":"instock","12":"shipping-taxable","13":"purchasable","14":"product-type-simple"},"_links":{"self":[{"href":"https:\/\/baralivres.ma\/index.php?rest_route=\/wp\/v2\/product\/15586","targetHints":{"allow":["GET"]}}],"collection":[{"href":"https:\/\/baralivres.ma\/index.php?rest_route=\/wp\/v2\/product"}],"about":[{"href":"https:\/\/baralivres.ma\/index.php?rest_route=\/wp\/v2\/types\/product"}],"replies":[{"embeddable":true,"href":"https:\/\/baralivres.ma\/index.php?rest_route=%2Fwp%2Fv2%2Fcomments&post=15586"}],"version-history":[{"count":1,"href":"https:\/\/baralivres.ma\/index.php?rest_route=\/wp\/v2\/product\/15586\/revisions"}],"predecessor-version":[{"id":15594,"href":"https:\/\/baralivres.ma\/index.php?rest_route=\/wp\/v2\/product\/15586\/revisions\/15594"}],"wp:featuredmedia":[{"embeddable":true,"href":"https:\/\/baralivres.ma\/index.php?rest_route=\/wp\/v2\/media\/15593"}],"wp:attachment":[{"href":"https:\/\/baralivres.ma\/index.php?rest_route=%2Fwp%2Fv2%2Fmedia&parent=15586"}],"wp:term":[{"taxonomy":"product_cat","embeddable":true,"href":"https:\/\/baralivres.ma\/index.php?rest_route=%2Fwp%2Fv2%2Fproduct_cat&post=15586"},{"taxonomy":"product_tag","embeddable":true,"href":"https:\/\/baralivres.ma\/index.php?rest_route=%2Fwp%2Fv2%2Fproduct_tag&post=15586"}],"curies":[{"name":"wp","href":"https:\/\/api.w.org\/{rel}","templated":true}]}}