{"id":15579,"date":"2023-10-30T10:17:20","date_gmt":"2023-10-30T09:17:20","guid":{"rendered":"https:\/\/baralivres.ma\/?post_type=product&#038;p=15579"},"modified":"2023-10-31T09:27:37","modified_gmt":"2023-10-31T08:27:37","slug":"martin-luther-king-autobiographie","status":"publish","type":"product","link":"https:\/\/baralivres.ma\/?product=martin-luther-king-autobiographie","title":{"rendered":"MARTIN LUTHER KING, AUTOBIOGRAPHIE"},"content":{"rendered":"<p>Cette autobiographie de Martin Luther King repr\u00e9sente le tout premier recueil exhaustif de ses \u00e9crits. Elle permet aux lecteurs de plonger dans la vie et le combat de l&rsquo;un des personnages politiques les plus influents du XXe si\u00e8cle, en d\u00e9couvrant son propre regard sur les \u00e9v\u00e9nements marquants. Le r\u00e9cit commence en tant que jeune \u00e9tudiant confront\u00e9 \u00e0 la s\u00e9gr\u00e9gation, un pr\u00e9judice auquel il se dressera r\u00e9solument contre, pour devenir un orateur inspirant et un leader du Mouvement pour les droits civiques. Au-del\u00e0 de son r\u00f4le public, ce livre d\u00e9voile \u00e9galement l&rsquo;homme en tant qu&rsquo;\u00e9poux aimant et p\u00e8re attentionn\u00e9.<\/p>\n<p>Au fil de ces \u00e9crits, Martin Luther King d\u00e9nonce l&rsquo;imp\u00e9rialisme, la discrimination raciale, l&rsquo;oppression \u00e9conomique et partage ses exp\u00e9riences marquantes aux c\u00f4tours de figures telles que Gandhi, Malcolm X, et le pr\u00e9sident Kennedy. Cette autobiographie offre un aper\u00e7u intime de la vie et du parcours de Martin Luther King, ainsi que de l&rsquo;impact profond qu&rsquo;il a eu sur la lutte pour les droits civils et l&rsquo;\u00e9galit\u00e9.<\/p>\n","protected":false},"excerpt":{"rendered":"<p>L&rsquo;autobiographie de Martin Luther King, qui rassemble ses \u00e9crits, retrace sa vie, son combat, et ses rencontres marquantes.<\/p>\n","protected":false},"featured_media":15582,"comment_status":"open","ping_status":"closed","template":"","meta":{"inline_featured_image":false},"product_cat":[204,91],"product_tag":[],"class_list":{"0":"post-15579","1":"product","2":"type-product","3":"status-publish","4":"has-post-thumbnail","6":"product_cat-francais","7":"product_cat-developpement","8":"pa_auteurs-clayborne-carson","10":"first","11":"instock","12":"shipping-taxable","13":"purchasable","14":"product-type-simple"},"_links":{"self":[{"href":"https:\/\/baralivres.ma\/index.php?rest_route=\/wp\/v2\/product\/15579","targetHints":{"allow":["GET"]}}],"collection":[{"href":"https:\/\/baralivres.ma\/index.php?rest_route=\/wp\/v2\/product"}],"about":[{"href":"https:\/\/baralivres.ma\/index.php?rest_route=\/wp\/v2\/types\/product"}],"replies":[{"embeddable":true,"href":"https:\/\/baralivres.ma\/index.php?rest_route=%2Fwp%2Fv2%2Fcomments&post=15579"}],"version-history":[{"count":2,"href":"https:\/\/baralivres.ma\/index.php?rest_route=\/wp\/v2\/product\/15579\/revisions"}],"predecessor-version":[{"id":15587,"href":"https:\/\/baralivres.ma\/index.php?rest_route=\/wp\/v2\/product\/15579\/revisions\/15587"}],"wp:featuredmedia":[{"embeddable":true,"href":"https:\/\/baralivres.ma\/index.php?rest_route=\/wp\/v2\/media\/15582"}],"wp:attachment":[{"href":"https:\/\/baralivres.ma\/index.php?rest_route=%2Fwp%2Fv2%2Fmedia&parent=15579"}],"wp:term":[{"taxonomy":"product_cat","embeddable":true,"href":"https:\/\/baralivres.ma\/index.php?rest_route=%2Fwp%2Fv2%2Fproduct_cat&post=15579"},{"taxonomy":"product_tag","embeddable":true,"href":"https:\/\/baralivres.ma\/index.php?rest_route=%2Fwp%2Fv2%2Fproduct_tag&post=15579"}],"curies":[{"name":"wp","href":"https:\/\/api.w.org\/{rel}","templated":true}]}}