{"id":15576,"date":"2023-10-30T10:17:04","date_gmt":"2023-10-30T09:17:04","guid":{"rendered":"https:\/\/baralivres.ma\/?post_type=product&#038;p=15576"},"modified":"2023-10-30T10:17:04","modified_gmt":"2023-10-30T09:17:04","slug":"la-plaisanterie","status":"publish","type":"product","link":"https:\/\/baralivres.ma\/?product=la-plaisanterie","title":{"rendered":"La plaisanterie"},"content":{"rendered":"<p>Oui, soudain, j&rsquo;ai eu une vision claire : la plupart des individus se laissent emporter par une illusion \u00e0 double facette : ils croient en l&rsquo;immuabilit\u00e9 de la m\u00e9moire (qu&rsquo;elle concerne les individus, les objets, les actions ou les nations) et en la capacit\u00e9 de r\u00e9parer (les actions, les erreurs, les p\u00e9ch\u00e9s, les torts). Pourtant, ces deux croyances sont tout aussi erron\u00e9es l&rsquo;une que l&rsquo;autre. La v\u00e9rit\u00e9 se trouve dans une direction oppos\u00e9e : tout sera oubli\u00e9 et rien ne pourra \u00eatre r\u00e9ellement r\u00e9par\u00e9. Le r\u00f4le de la r\u00e9paration, que ce soit par la vengeance ou par le pardon, sera assur\u00e9 par l&rsquo;oubli. Personne ne pourra v\u00e9ritablement rectifier les torts commis, mais tous ces torts finiront par \u00eatre oubli\u00e9s.<\/p>\n","protected":false},"excerpt":{"rendered":"<p>M\u00e9moire et r\u00e9paration illusoires ; l&rsquo;oubli joue le r\u00f4le de r\u00e9demption pour les torts.<\/p>\n","protected":false},"featured_media":15580,"comment_status":"open","ping_status":"closed","template":"","meta":{"inline_featured_image":false},"product_cat":[204,143],"product_tag":[],"class_list":{"0":"post-15576","1":"product","2":"type-product","3":"status-publish","4":"has-post-thumbnail","6":"product_cat-francais","7":"product_cat-roman","8":"pa_auteurs-milan-kundera","10":"first","11":"instock","12":"shipping-taxable","13":"purchasable","14":"product-type-simple"},"_links":{"self":[{"href":"https:\/\/baralivres.ma\/index.php?rest_route=\/wp\/v2\/product\/15576","targetHints":{"allow":["GET"]}}],"collection":[{"href":"https:\/\/baralivres.ma\/index.php?rest_route=\/wp\/v2\/product"}],"about":[{"href":"https:\/\/baralivres.ma\/index.php?rest_route=\/wp\/v2\/types\/product"}],"replies":[{"embeddable":true,"href":"https:\/\/baralivres.ma\/index.php?rest_route=%2Fwp%2Fv2%2Fcomments&post=15576"}],"version-history":[{"count":1,"href":"https:\/\/baralivres.ma\/index.php?rest_route=\/wp\/v2\/product\/15576\/revisions"}],"predecessor-version":[{"id":15581,"href":"https:\/\/baralivres.ma\/index.php?rest_route=\/wp\/v2\/product\/15576\/revisions\/15581"}],"wp:featuredmedia":[{"embeddable":true,"href":"https:\/\/baralivres.ma\/index.php?rest_route=\/wp\/v2\/media\/15580"}],"wp:attachment":[{"href":"https:\/\/baralivres.ma\/index.php?rest_route=%2Fwp%2Fv2%2Fmedia&parent=15576"}],"wp:term":[{"taxonomy":"product_cat","embeddable":true,"href":"https:\/\/baralivres.ma\/index.php?rest_route=%2Fwp%2Fv2%2Fproduct_cat&post=15576"},{"taxonomy":"product_tag","embeddable":true,"href":"https:\/\/baralivres.ma\/index.php?rest_route=%2Fwp%2Fv2%2Fproduct_tag&post=15576"}],"curies":[{"name":"wp","href":"https:\/\/api.w.org\/{rel}","templated":true}]}}