{"id":15569,"date":"2023-10-30T10:13:42","date_gmt":"2023-10-30T09:13:42","guid":{"rendered":"https:\/\/baralivres.ma\/?post_type=product&#038;p=15569"},"modified":"2023-10-30T10:13:42","modified_gmt":"2023-10-30T09:13:42","slug":"limmortalite","status":"publish","type":"product","link":"https:\/\/baralivres.ma\/?product=limmortalite","title":{"rendered":"L&rsquo;Immortalit\u00e9"},"content":{"rendered":"<p>Premi\u00e8re section : La facette faciale Deuxi\u00e8me section : La qu\u00eate d&rsquo;\u00e9ternit\u00e9 Troisi\u00e8me section : Le combat fraternel. Les lunettes opaques. La forme corporelle. Les calculs d&rsquo;ajout et de retrait. La femme plus exp\u00e9riment\u00e9e, l&rsquo;homme plus jeune. Le \u00ab\u00a0onzi\u00e8me pr\u00e9cepte\u00a0\u00bb. L&rsquo;image de soi. L&rsquo;individu qui soutient involontairement ses d\u00e9tracteurs. L&rsquo;\u00e2ne total. Le f\u00e9lin. L&rsquo;acte de r\u00e9sistance contre les violations des droits de l&rsquo;homme. \u00catre r\u00e9solument contemporain. Devenir captif de sa renomm\u00e9e. L&rsquo;affrontement. Le professeur Avenarius. La corporalit\u00e9. Le geste exprimant le d\u00e9sir d&rsquo;immortalit\u00e9. L&rsquo;ambigu\u00eft\u00e9. La voyante. L&rsquo;autodestruction. Les verres de soleil.<\/p>\n<p>Quatri\u00e8me partie : L&rsquo;\u00eatre \u00e9motif Cinqui\u00e8me partie : Les al\u00e9as du destin Sixi\u00e8me partie : Le chronom\u00e8tre Septi\u00e8me partie : La comm\u00e9moration<\/p>\n","protected":false},"excerpt":{"rendered":"<p>Visages, immortalit\u00e9, lutte, relations, hasard, temps, c\u00e9l\u00e9bration : th\u00e8mes explor\u00e9s \u00e0 travers l&rsquo;existence humaine.<\/p>\n","protected":false},"featured_media":15574,"comment_status":"open","ping_status":"closed","template":"","meta":{"inline_featured_image":false},"product_cat":[204,143],"product_tag":[],"class_list":{"0":"post-15569","1":"product","2":"type-product","3":"status-publish","4":"has-post-thumbnail","6":"product_cat-francais","7":"product_cat-roman","8":"pa_auteurs-milan-kundera","10":"first","11":"instock","12":"shipping-taxable","13":"purchasable","14":"product-type-simple"},"_links":{"self":[{"href":"https:\/\/baralivres.ma\/index.php?rest_route=\/wp\/v2\/product\/15569","targetHints":{"allow":["GET"]}}],"collection":[{"href":"https:\/\/baralivres.ma\/index.php?rest_route=\/wp\/v2\/product"}],"about":[{"href":"https:\/\/baralivres.ma\/index.php?rest_route=\/wp\/v2\/types\/product"}],"replies":[{"embeddable":true,"href":"https:\/\/baralivres.ma\/index.php?rest_route=%2Fwp%2Fv2%2Fcomments&post=15569"}],"version-history":[{"count":1,"href":"https:\/\/baralivres.ma\/index.php?rest_route=\/wp\/v2\/product\/15569\/revisions"}],"predecessor-version":[{"id":15575,"href":"https:\/\/baralivres.ma\/index.php?rest_route=\/wp\/v2\/product\/15569\/revisions\/15575"}],"wp:featuredmedia":[{"embeddable":true,"href":"https:\/\/baralivres.ma\/index.php?rest_route=\/wp\/v2\/media\/15574"}],"wp:attachment":[{"href":"https:\/\/baralivres.ma\/index.php?rest_route=%2Fwp%2Fv2%2Fmedia&parent=15569"}],"wp:term":[{"taxonomy":"product_cat","embeddable":true,"href":"https:\/\/baralivres.ma\/index.php?rest_route=%2Fwp%2Fv2%2Fproduct_cat&post=15569"},{"taxonomy":"product_tag","embeddable":true,"href":"https:\/\/baralivres.ma\/index.php?rest_route=%2Fwp%2Fv2%2Fproduct_tag&post=15569"}],"curies":[{"name":"wp","href":"https:\/\/api.w.org\/{rel}","templated":true}]}}