{"id":15566,"date":"2023-10-30T10:11:39","date_gmt":"2023-10-30T09:11:39","guid":{"rendered":"https:\/\/baralivres.ma\/?post_type=product&#038;p=15566"},"modified":"2023-10-31T09:27:01","modified_gmt":"2023-10-31T08:27:01","slug":"15566","status":"publish","type":"product","link":"https:\/\/baralivres.ma\/?product=15566","title":{"rendered":"PARLER EN PUBLIC TED LE GUIDE OFFICIEL"},"content":{"rendered":"<p>Les c\u00e9l\u00e8bres conf\u00e9rences TED sont incontournables pour leur impact et ont red\u00e9fini l&rsquo;art de parler en public. Ce guide TED r\u00e9v\u00e8le les secrets pour une intervention r\u00e9ussie, de la pr\u00e9paration \u00e0 la prestation sur sc\u00e8ne : introduction, notes, pr\u00e9sentation, PowerPoint, passion, confiance. Les t\u00e9moignages de conf\u00e9renciers, c\u00e9l\u00e8bres ou devenus c\u00e9l\u00e8bres gr\u00e2ce \u00e0 TED, attestent de la transformation qu&rsquo;offre cette exp\u00e9rience. \u00c0 vous de briller !<\/p>\n","protected":false},"excerpt":{"rendered":"<p>Guide TED conf\u00e9rences : r\u00e9ussir prise de parole, impact, secrets, transformation, confiance, t\u00e9moignages, inspiration, brillance.<\/p>\n","protected":false},"featured_media":15570,"comment_status":"open","ping_status":"closed","template":"","meta":{"inline_featured_image":false},"product_cat":[204,178],"product_tag":[],"class_list":{"0":"post-15566","1":"product","2":"type-product","3":"status-publish","4":"has-post-thumbnail","6":"product_cat-francais","7":"product_cat-contemporain","8":"pa_auteurs-chris-anderson","10":"first","11":"instock","12":"shipping-taxable","13":"purchasable","14":"product-type-simple"},"_links":{"self":[{"href":"https:\/\/baralivres.ma\/index.php?rest_route=\/wp\/v2\/product\/15566","targetHints":{"allow":["GET"]}}],"collection":[{"href":"https:\/\/baralivres.ma\/index.php?rest_route=\/wp\/v2\/product"}],"about":[{"href":"https:\/\/baralivres.ma\/index.php?rest_route=\/wp\/v2\/types\/product"}],"replies":[{"embeddable":true,"href":"https:\/\/baralivres.ma\/index.php?rest_route=%2Fwp%2Fv2%2Fcomments&post=15566"}],"version-history":[{"count":2,"href":"https:\/\/baralivres.ma\/index.php?rest_route=\/wp\/v2\/product\/15566\/revisions"}],"predecessor-version":[{"id":15572,"href":"https:\/\/baralivres.ma\/index.php?rest_route=\/wp\/v2\/product\/15566\/revisions\/15572"}],"wp:featuredmedia":[{"embeddable":true,"href":"https:\/\/baralivres.ma\/index.php?rest_route=\/wp\/v2\/media\/15570"}],"wp:attachment":[{"href":"https:\/\/baralivres.ma\/index.php?rest_route=%2Fwp%2Fv2%2Fmedia&parent=15566"}],"wp:term":[{"taxonomy":"product_cat","embeddable":true,"href":"https:\/\/baralivres.ma\/index.php?rest_route=%2Fwp%2Fv2%2Fproduct_cat&post=15566"},{"taxonomy":"product_tag","embeddable":true,"href":"https:\/\/baralivres.ma\/index.php?rest_route=%2Fwp%2Fv2%2Fproduct_tag&post=15566"}],"curies":[{"name":"wp","href":"https:\/\/api.w.org\/{rel}","templated":true}]}}