{"id":15561,"date":"2023-10-30T10:14:04","date_gmt":"2023-10-30T09:14:04","guid":{"rendered":"https:\/\/baralivres.ma\/?post_type=product&#038;p=15561"},"modified":"2023-10-30T10:14:04","modified_gmt":"2023-10-30T09:14:04","slug":"le-bec-de-canard","status":"publish","type":"product","link":"https:\/\/baralivres.ma\/?product=le-bec-de-canard","title":{"rendered":"Le Bec de Canard"},"content":{"rendered":"<p>\u00ab\u00a0Saviez-vous qu&rsquo;\u00e0 un moment donn\u00e9, le roi du Portugal avait pris la d\u00e9cision de former une alliance avec les Anglais ? Pour sceller cette alliance, il a jug\u00e9 pertinent d&rsquo;offrir sa s\u0153ur en mariage au roi d&rsquo;Angleterre. Pouvez-vous deviner ce qu&rsquo;il a inclus dans la dot ? &#8211; Tanger ? &#8211; Exactement !\u00a0\u00bb<\/p>\n<p>\u00ab\u00a0Le Maghreb, une r\u00e9gion \u00e0 la fois famili\u00e8re et exotique, a constamment suscit\u00e9 l&rsquo;int\u00e9r\u00eat de l&rsquo;Europe. De la conqu\u00eate d&rsquo;Alger en 1830 \u00e0 l&rsquo;\u00e9tablissement du protectorat fran\u00e7ais au Maroc en 1912, les puissances europ\u00e9ennes ont orchestr\u00e9 un jeu complexe, o\u00f9 les pions sont des individus vivants. Entour\u00e9s d&rsquo;espions de toutes origines, les acteurs de cette grande saga ont vu leurs espoirs et leurs destins pris dans un tourbillon d&rsquo;\u00e9v\u00e9nements.\u00a0\u00bb<\/p>\n","protected":false},"excerpt":{"rendered":"<p>Le roi portugais offrit sa s\u0153ur en mariage pour sceller une alliance avec l&rsquo;Angleterre, incluant Tanger. Jeu europ\u00e9en complexe au Maghreb, 1830-1912.<\/p>\n","protected":false},"featured_media":15573,"comment_status":"open","ping_status":"closed","template":"","meta":{"inline_featured_image":false},"product_cat":[204,143],"product_tag":[],"class_list":{"0":"post-15561","1":"product","2":"type-product","3":"status-publish","4":"has-post-thumbnail","6":"product_cat-francais","7":"product_cat-roman","8":"pa_auteurs-gilbert-sinoue","10":"first","11":"instock","12":"shipping-taxable","13":"purchasable","14":"product-type-simple"},"_links":{"self":[{"href":"https:\/\/baralivres.ma\/index.php?rest_route=\/wp\/v2\/product\/15561","targetHints":{"allow":["GET"]}}],"collection":[{"href":"https:\/\/baralivres.ma\/index.php?rest_route=\/wp\/v2\/product"}],"about":[{"href":"https:\/\/baralivres.ma\/index.php?rest_route=\/wp\/v2\/types\/product"}],"replies":[{"embeddable":true,"href":"https:\/\/baralivres.ma\/index.php?rest_route=%2Fwp%2Fv2%2Fcomments&post=15561"}],"version-history":[{"count":2,"href":"https:\/\/baralivres.ma\/index.php?rest_route=\/wp\/v2\/product\/15561\/revisions"}],"predecessor-version":[{"id":15578,"href":"https:\/\/baralivres.ma\/index.php?rest_route=\/wp\/v2\/product\/15561\/revisions\/15578"}],"wp:featuredmedia":[{"embeddable":true,"href":"https:\/\/baralivres.ma\/index.php?rest_route=\/wp\/v2\/media\/15573"}],"wp:attachment":[{"href":"https:\/\/baralivres.ma\/index.php?rest_route=%2Fwp%2Fv2%2Fmedia&parent=15561"}],"wp:term":[{"taxonomy":"product_cat","embeddable":true,"href":"https:\/\/baralivres.ma\/index.php?rest_route=%2Fwp%2Fv2%2Fproduct_cat&post=15561"},{"taxonomy":"product_tag","embeddable":true,"href":"https:\/\/baralivres.ma\/index.php?rest_route=%2Fwp%2Fv2%2Fproduct_tag&post=15561"}],"curies":[{"name":"wp","href":"https:\/\/api.w.org\/{rel}","templated":true}]}}