{"id":15556,"date":"2023-10-30T10:06:42","date_gmt":"2023-10-30T09:06:42","guid":{"rendered":"https:\/\/baralivres.ma\/?post_type=product&#038;p=15556"},"modified":"2023-10-30T10:06:43","modified_gmt":"2023-10-30T09:06:43","slug":"la-fete-de-linsignifiance","status":"publish","type":"product","link":"https:\/\/baralivres.ma\/?product=la-fete-de-linsignifiance","title":{"rendered":"La f\u00eate de l&rsquo;insignifiance"},"content":{"rendered":"<p>\u00c9clairer les questions les plus graves sans un seul mot s\u00e9rieux, s&rsquo;\u00e9merveiller du monde moderne tout en \u00e9vitant toute forme de r\u00e9alit\u00e9\u00a0: voil\u00e0 ce qu&rsquo;est la c\u00e9l\u00e9bration de l&rsquo;insignifiance. Un rire singulier, inspir\u00e9 par notre \u00e9poque, qui trouve sa com\u00e9die dans l&rsquo;absence totale de sens de l&rsquo;humour.<\/p>\n","protected":false},"excerpt":{"rendered":"<p>C\u00e9l\u00e9bration de l&rsquo;insignifiance : \u00e9clairer s\u00e9rieux par humour, monde moderne, sans r\u00e9alisme mais fascination.<\/p>\n","protected":false},"featured_media":15559,"comment_status":"open","ping_status":"closed","template":"","meta":{"inline_featured_image":false},"product_cat":[204,143],"product_tag":[],"class_list":{"0":"post-15556","1":"product","2":"type-product","3":"status-publish","4":"has-post-thumbnail","6":"product_cat-francais","7":"product_cat-roman","8":"pa_auteurs-milan-kundera","10":"first","11":"instock","12":"shipping-taxable","13":"purchasable","14":"product-type-simple"},"_links":{"self":[{"href":"https:\/\/baralivres.ma\/index.php?rest_route=\/wp\/v2\/product\/15556","targetHints":{"allow":["GET"]}}],"collection":[{"href":"https:\/\/baralivres.ma\/index.php?rest_route=\/wp\/v2\/product"}],"about":[{"href":"https:\/\/baralivres.ma\/index.php?rest_route=\/wp\/v2\/types\/product"}],"replies":[{"embeddable":true,"href":"https:\/\/baralivres.ma\/index.php?rest_route=%2Fwp%2Fv2%2Fcomments&post=15556"}],"version-history":[{"count":1,"href":"https:\/\/baralivres.ma\/index.php?rest_route=\/wp\/v2\/product\/15556\/revisions"}],"predecessor-version":[{"id":15560,"href":"https:\/\/baralivres.ma\/index.php?rest_route=\/wp\/v2\/product\/15556\/revisions\/15560"}],"wp:featuredmedia":[{"embeddable":true,"href":"https:\/\/baralivres.ma\/index.php?rest_route=\/wp\/v2\/media\/15559"}],"wp:attachment":[{"href":"https:\/\/baralivres.ma\/index.php?rest_route=%2Fwp%2Fv2%2Fmedia&parent=15556"}],"wp:term":[{"taxonomy":"product_cat","embeddable":true,"href":"https:\/\/baralivres.ma\/index.php?rest_route=%2Fwp%2Fv2%2Fproduct_cat&post=15556"},{"taxonomy":"product_tag","embeddable":true,"href":"https:\/\/baralivres.ma\/index.php?rest_route=%2Fwp%2Fv2%2Fproduct_tag&post=15556"}],"curies":[{"name":"wp","href":"https:\/\/api.w.org\/{rel}","templated":true}]}}