{"id":15552,"date":"2023-10-30T10:06:25","date_gmt":"2023-10-30T09:06:25","guid":{"rendered":"https:\/\/baralivres.ma\/?post_type=product&#038;p=15552"},"modified":"2023-10-30T10:06:26","modified_gmt":"2023-10-30T09:06:26","slug":"la-vie-mensongere-des-adultes","status":"publish","type":"product","link":"https:\/\/baralivres.ma\/?product=la-vie-mensongere-des-adultes","title":{"rendered":"La vie mensong\u00e8re des adultes"},"content":{"rendered":"<p>Deux ans avant de quitter la maison, mon p\u00e8re a fait part \u00e0 ma m\u00e8re de son avis sur ma beaut\u00e9. &lsquo;Giovanna, l&rsquo;enfant unique d&rsquo;un couple de professeurs, \u00e9tait choy\u00e9e. Cependant, \u00e0 l&rsquo;\u00e2ge de douze ans, elle a \u00e9t\u00e9 t\u00e9moin d&rsquo;une conversation dans laquelle son p\u00e8re l&rsquo;a compar\u00e9e \u00e0 Vittoria, une tante \u00e0 la r\u00e9putation sinistre. Profond\u00e9ment affect\u00e9e par cette comparaison inattendue et d\u00e9valorisante, Giovanna entreprend de d\u00e9couvrir davantage sur cette myst\u00e9rieuse femme. Cette qu\u00eate la conduit jusqu&rsquo;aux quartiers d\u00e9favoris\u00e9s de la ville de Naples, o\u00f9 elle commence \u00e0 voir les fissures dans le monde des adultes se former peu \u00e0 peu&#8230; C&rsquo;est l&rsquo;\u0153uvre de l&rsquo;auteure de L&rsquo;amie prodigieuse.<\/p>\n","protected":false},"excerpt":{"rendered":"<p>Giovanna, enfant choy\u00e9e, d\u00e9couvre une comparaison troublante, explore Naples et d\u00e9voile les fissures du monde adulte.<\/p>\n","protected":false},"featured_media":15557,"comment_status":"open","ping_status":"closed","template":"","meta":{"inline_featured_image":false},"product_cat":[203,204,143],"product_tag":[],"class_list":{"0":"post-15552","1":"product","2":"type-product","3":"status-publish","4":"has-post-thumbnail","6":"product_cat-adolescente","7":"product_cat-francais","8":"product_cat-roman","9":"pa_auteurs-elena_ferrante","11":"first","12":"instock","13":"shipping-taxable","14":"purchasable","15":"product-type-simple"},"_links":{"self":[{"href":"https:\/\/baralivres.ma\/index.php?rest_route=\/wp\/v2\/product\/15552","targetHints":{"allow":["GET"]}}],"collection":[{"href":"https:\/\/baralivres.ma\/index.php?rest_route=\/wp\/v2\/product"}],"about":[{"href":"https:\/\/baralivres.ma\/index.php?rest_route=\/wp\/v2\/types\/product"}],"replies":[{"embeddable":true,"href":"https:\/\/baralivres.ma\/index.php?rest_route=%2Fwp%2Fv2%2Fcomments&post=15552"}],"version-history":[{"count":1,"href":"https:\/\/baralivres.ma\/index.php?rest_route=\/wp\/v2\/product\/15552\/revisions"}],"predecessor-version":[{"id":15558,"href":"https:\/\/baralivres.ma\/index.php?rest_route=\/wp\/v2\/product\/15552\/revisions\/15558"}],"wp:featuredmedia":[{"embeddable":true,"href":"https:\/\/baralivres.ma\/index.php?rest_route=\/wp\/v2\/media\/15557"}],"wp:attachment":[{"href":"https:\/\/baralivres.ma\/index.php?rest_route=%2Fwp%2Fv2%2Fmedia&parent=15552"}],"wp:term":[{"taxonomy":"product_cat","embeddable":true,"href":"https:\/\/baralivres.ma\/index.php?rest_route=%2Fwp%2Fv2%2Fproduct_cat&post=15552"},{"taxonomy":"product_tag","embeddable":true,"href":"https:\/\/baralivres.ma\/index.php?rest_route=%2Fwp%2Fv2%2Fproduct_tag&post=15552"}],"curies":[{"name":"wp","href":"https:\/\/api.w.org\/{rel}","templated":true}]}}