{"id":15549,"date":"2023-10-30T10:03:08","date_gmt":"2023-10-30T09:03:08","guid":{"rendered":"https:\/\/baralivres.ma\/?post_type=product&#038;p=15549"},"modified":"2023-10-30T10:03:08","modified_gmt":"2023-10-30T09:03:08","slug":"le-rideau","status":"publish","type":"product","link":"https:\/\/baralivres.ma\/?product=le-rideau","title":{"rendered":"Le rideau"},"content":{"rendered":"<p>Un voile ensorcelant, fait de contes et d&rsquo;histoires, se dressait devant l&rsquo;ensemble du monde. Cervant\u00e8s a lanc\u00e9 don Quichotte dans un p\u00e9riple et a d\u00e9chir\u00e9 ce voile. Le monde s&rsquo;est d\u00e9voil\u00e9 devant ce chevalier errant, exposant toute la nudit\u00e9 comique de sa prose&#8230; En d\u00e9chirant le voile de l&rsquo;interpr\u00e9tation pr\u00e9con\u00e7ue, Cervant\u00e8s a inaugur\u00e9 un art nouveau ; son geste destructeur se refl\u00e8te et se perp\u00e9tue dans chaque r\u00e9cit digne de ce nom ; c&rsquo;est l&#8217;empreinte caract\u00e9ristique de l&rsquo;art du roman.<\/p>\n","protected":false},"excerpt":{"rendered":"<p>Cervant\u00e8s, avec Don Quichotte, d\u00e9voile l&rsquo;art romanesque en brisant le voile de l&rsquo;interpr\u00e9tation.<\/p>\n","protected":false},"featured_media":15554,"comment_status":"open","ping_status":"closed","template":"","meta":{"inline_featured_image":false},"product_cat":[204,143],"product_tag":[],"class_list":{"0":"post-15549","1":"product","2":"type-product","3":"status-publish","4":"has-post-thumbnail","6":"product_cat-francais","7":"product_cat-roman","8":"pa_auteurs-milan-kundera","10":"first","11":"instock","12":"shipping-taxable","13":"purchasable","14":"product-type-simple"},"_links":{"self":[{"href":"https:\/\/baralivres.ma\/index.php?rest_route=\/wp\/v2\/product\/15549","targetHints":{"allow":["GET"]}}],"collection":[{"href":"https:\/\/baralivres.ma\/index.php?rest_route=\/wp\/v2\/product"}],"about":[{"href":"https:\/\/baralivres.ma\/index.php?rest_route=\/wp\/v2\/types\/product"}],"replies":[{"embeddable":true,"href":"https:\/\/baralivres.ma\/index.php?rest_route=%2Fwp%2Fv2%2Fcomments&post=15549"}],"version-history":[{"count":1,"href":"https:\/\/baralivres.ma\/index.php?rest_route=\/wp\/v2\/product\/15549\/revisions"}],"predecessor-version":[{"id":15555,"href":"https:\/\/baralivres.ma\/index.php?rest_route=\/wp\/v2\/product\/15549\/revisions\/15555"}],"wp:featuredmedia":[{"embeddable":true,"href":"https:\/\/baralivres.ma\/index.php?rest_route=\/wp\/v2\/media\/15554"}],"wp:attachment":[{"href":"https:\/\/baralivres.ma\/index.php?rest_route=%2Fwp%2Fv2%2Fmedia&parent=15549"}],"wp:term":[{"taxonomy":"product_cat","embeddable":true,"href":"https:\/\/baralivres.ma\/index.php?rest_route=%2Fwp%2Fv2%2Fproduct_cat&post=15549"},{"taxonomy":"product_tag","embeddable":true,"href":"https:\/\/baralivres.ma\/index.php?rest_route=%2Fwp%2Fv2%2Fproduct_tag&post=15549"}],"curies":[{"name":"wp","href":"https:\/\/api.w.org\/{rel}","templated":true}]}}