{"id":15545,"date":"2023-10-30T09:59:54","date_gmt":"2023-10-30T08:59:54","guid":{"rendered":"https:\/\/baralivres.ma\/?post_type=product&#038;p=15545"},"modified":"2023-10-30T09:59:55","modified_gmt":"2023-10-30T08:59:55","slug":"lenfant-perdue","status":"publish","type":"product","link":"https:\/\/baralivres.ma\/?product=lenfant-perdue","title":{"rendered":"L&rsquo;enfant perdue"},"content":{"rendered":"<p>\u00ab\u00a0Comme toujours, Lila se chargeait de stimuler mon c\u0153ur avec une aiguille, non pas pour le faire cesser de battre, mais pour le faire pulser plus intens\u00e9ment.\u00a0\u00bb Elena, devenue une auteure renomm\u00e9e, m\u00e8ne une vie rythm\u00e9e par ses escapades avec son amant, voyageant entre Milan, Florence et Naples. Ayant pris ses distances avec le quartier populaire o\u00f9 elle a grandi, Elena appr\u00e9hende les retrouvailles avec son amie d&rsquo;enfance. Cependant, ces derniers temps, Lila insiste pour les rencontrer et lui parler&#8230; Cette saga atteint son apog\u00e9e apr\u00e8s avoir couvert soixante ans d&rsquo;histoire, tant de ces deux femmes que de l&rsquo;Italie, des ann\u00e9es 1950 jusqu&rsquo;\u00e0 nos jours. \u00ab\u00a0L&rsquo;enfant perdue\u00a0\u00bb constitue le dernier volet de la s\u00e9rie d&rsquo;Elena Ferrante, succ\u00e9dant ainsi \u00e0 \u00ab\u00a0L&rsquo;amie prodigieuse\u00a0\u00bb, \u00ab\u00a0Le nouveau nom\u00a0\u00bb et \u00ab\u00a0Celle qui fuit et celle qui reste.\u00a0\u00bb<\/p>\n","protected":false},"excerpt":{"rendered":"<p>Amiti\u00e9 complexe d&rsquo;Elena et Lila \u00e9volue sur six d\u00e9cennies d&rsquo;histoire italienne, amour et rivalit\u00e9.<\/p>\n","protected":false},"featured_media":15546,"comment_status":"open","ping_status":"closed","template":"","meta":{"inline_featured_image":false},"product_cat":[203,204,143],"product_tag":[],"class_list":{"0":"post-15545","1":"product","2":"type-product","3":"status-publish","4":"has-post-thumbnail","6":"product_cat-adolescente","7":"product_cat-francais","8":"product_cat-roman","9":"pa_auteurs-elena_ferrante","11":"first","12":"instock","13":"shipping-taxable","14":"purchasable","15":"product-type-simple"},"_links":{"self":[{"href":"https:\/\/baralivres.ma\/index.php?rest_route=\/wp\/v2\/product\/15545","targetHints":{"allow":["GET"]}}],"collection":[{"href":"https:\/\/baralivres.ma\/index.php?rest_route=\/wp\/v2\/product"}],"about":[{"href":"https:\/\/baralivres.ma\/index.php?rest_route=\/wp\/v2\/types\/product"}],"replies":[{"embeddable":true,"href":"https:\/\/baralivres.ma\/index.php?rest_route=%2Fwp%2Fv2%2Fcomments&post=15545"}],"version-history":[{"count":2,"href":"https:\/\/baralivres.ma\/index.php?rest_route=\/wp\/v2\/product\/15545\/revisions"}],"predecessor-version":[{"id":15551,"href":"https:\/\/baralivres.ma\/index.php?rest_route=\/wp\/v2\/product\/15545\/revisions\/15551"}],"wp:featuredmedia":[{"embeddable":true,"href":"https:\/\/baralivres.ma\/index.php?rest_route=\/wp\/v2\/media\/15546"}],"wp:attachment":[{"href":"https:\/\/baralivres.ma\/index.php?rest_route=%2Fwp%2Fv2%2Fmedia&parent=15545"}],"wp:term":[{"taxonomy":"product_cat","embeddable":true,"href":"https:\/\/baralivres.ma\/index.php?rest_route=%2Fwp%2Fv2%2Fproduct_cat&post=15545"},{"taxonomy":"product_tag","embeddable":true,"href":"https:\/\/baralivres.ma\/index.php?rest_route=%2Fwp%2Fv2%2Fproduct_tag&post=15545"}],"curies":[{"name":"wp","href":"https:\/\/api.w.org\/{rel}","templated":true}]}}