{"id":15543,"date":"2023-10-30T09:58:59","date_gmt":"2023-10-30T08:58:59","guid":{"rendered":"https:\/\/baralivres.ma\/?post_type=product&#038;p=15543"},"modified":"2023-10-30T09:58:59","modified_gmt":"2023-10-30T08:58:59","slug":"la-peste","status":"publish","type":"product","link":"https:\/\/baralivres.ma\/?product=la-peste","title":{"rendered":"La Peste"},"content":{"rendered":"<p>\u00ab Bien s\u00fbr, vous \u00eates familier avec cette maladie, Rieux ? \u00bb demanda l&rsquo;interlocuteur.<\/p>\n<p>Rieux r\u00e9pondit sobrement : \u00ab J&rsquo;attends les r\u00e9sultats des analyses. \u00bb<\/p>\n<p>L&rsquo;autre insista : \u00ab Pour ma part, je le sais. Je n&rsquo;ai pas besoin d&rsquo;analyses. J&rsquo;ai travaill\u00e9 en Chine pendant une partie de ma carri\u00e8re et j&rsquo;ai \u00e9t\u00e9 t\u00e9moin de quelques cas \u00e0 Paris il y a une vingtaine d&rsquo;ann\u00e9es. \u00c0 l&rsquo;\u00e9poque, nous n&rsquo;avions pas os\u00e9 lui donner un nom&#8230; Comme le disait un de mes coll\u00e8gues : \u00ab\u00a0C&rsquo;est impossible, tout le monde sait qu&rsquo;elle a disparu de l&rsquo;Occident.\u00a0\u00bb Effectivement, tout le monde le croyait, sauf les victimes. Enfin, Rieux, vous \u00eates aussi inform\u00e9 que moi sur la nature de cette maladie&#8230; \u00bb<\/p>\n<p>Rieux acquies\u00e7a : \u00ab Oui, Castel, c&rsquo;est \u00e0 peine concevable. Mais il semble bel et bien que ce soit la peste. \u00bb<\/p>\n","protected":false},"excerpt":{"rendered":"<p>Deux m\u00e9decins connaissent une maladie resurgie, la peste, \u00e9nigme apr\u00e8s sa disparition occidentale.<\/p>\n","protected":false},"featured_media":15547,"comment_status":"open","ping_status":"closed","template":"","meta":{"inline_featured_image":false},"product_cat":[204,143],"product_tag":[],"class_list":{"0":"post-15543","1":"product","2":"type-product","3":"status-publish","4":"has-post-thumbnail","6":"product_cat-francais","7":"product_cat-roman","8":"pa_auteurs-albert-camus","10":"first","11":"instock","12":"shipping-taxable","13":"purchasable","14":"product-type-simple"},"_links":{"self":[{"href":"https:\/\/baralivres.ma\/index.php?rest_route=\/wp\/v2\/product\/15543","targetHints":{"allow":["GET"]}}],"collection":[{"href":"https:\/\/baralivres.ma\/index.php?rest_route=\/wp\/v2\/product"}],"about":[{"href":"https:\/\/baralivres.ma\/index.php?rest_route=\/wp\/v2\/types\/product"}],"replies":[{"embeddable":true,"href":"https:\/\/baralivres.ma\/index.php?rest_route=%2Fwp%2Fv2%2Fcomments&post=15543"}],"version-history":[{"count":1,"href":"https:\/\/baralivres.ma\/index.php?rest_route=\/wp\/v2\/product\/15543\/revisions"}],"predecessor-version":[{"id":15548,"href":"https:\/\/baralivres.ma\/index.php?rest_route=\/wp\/v2\/product\/15543\/revisions\/15548"}],"wp:featuredmedia":[{"embeddable":true,"href":"https:\/\/baralivres.ma\/index.php?rest_route=\/wp\/v2\/media\/15547"}],"wp:attachment":[{"href":"https:\/\/baralivres.ma\/index.php?rest_route=%2Fwp%2Fv2%2Fmedia&parent=15543"}],"wp:term":[{"taxonomy":"product_cat","embeddable":true,"href":"https:\/\/baralivres.ma\/index.php?rest_route=%2Fwp%2Fv2%2Fproduct_cat&post=15543"},{"taxonomy":"product_tag","embeddable":true,"href":"https:\/\/baralivres.ma\/index.php?rest_route=%2Fwp%2Fv2%2Fproduct_tag&post=15543"}],"curies":[{"name":"wp","href":"https:\/\/api.w.org\/{rel}","templated":true}]}}