{"id":15538,"date":"2023-10-30T09:55:43","date_gmt":"2023-10-30T08:55:43","guid":{"rendered":"https:\/\/baralivres.ma\/?post_type=product&#038;p=15538"},"modified":"2023-10-30T09:55:44","modified_gmt":"2023-10-30T08:55:44","slug":"caligula-le-malentendu","status":"publish","type":"product","link":"https:\/\/baralivres.ma\/?product=caligula-le-malentendu","title":{"rendered":"Caligula \/ Le Malentendu"},"content":{"rendered":"<p>\u00ab\u00a0Caligula exprime une v\u00e9rit\u00e9 simple et \u00e9vidente, mais souvent ignor\u00e9e et difficile \u00e0 supporter : la mortalit\u00e9 humaine et l&rsquo;absence de bonheur. H\u00e9licon tente de minimiser cette r\u00e9alit\u00e9 en soulignant que les gens s&rsquo;adaptent malgr\u00e9 tout. Cependant, Caligula insiste sur le fait que cette acceptation est une illusion et qu&rsquo;il aspire \u00e0 instaurer une existence bas\u00e9e sur la v\u00e9rit\u00e9, car tout ce qui l&rsquo;entoure lui semble \u00eatre une supercherie.\u00a0\u00bb<\/p>\n","protected":false},"excerpt":{"rendered":"<p>Caligula cherche la v\u00e9rit\u00e9 sur la mortalit\u00e9 et le bonheur, rejetant l&rsquo;illusion et aspirant \u00e0 l&rsquo;authenticit\u00e9.<\/p>\n","protected":false},"featured_media":15540,"comment_status":"open","ping_status":"closed","template":"","meta":{"inline_featured_image":false},"product_cat":[204,143],"product_tag":[],"class_list":{"0":"post-15538","1":"product","2":"type-product","3":"status-publish","4":"has-post-thumbnail","6":"product_cat-francais","7":"product_cat-roman","8":"pa_auteurs-albert-camus","10":"first","11":"instock","12":"shipping-taxable","13":"purchasable","14":"product-type-simple"},"_links":{"self":[{"href":"https:\/\/baralivres.ma\/index.php?rest_route=\/wp\/v2\/product\/15538","targetHints":{"allow":["GET"]}}],"collection":[{"href":"https:\/\/baralivres.ma\/index.php?rest_route=\/wp\/v2\/product"}],"about":[{"href":"https:\/\/baralivres.ma\/index.php?rest_route=\/wp\/v2\/types\/product"}],"replies":[{"embeddable":true,"href":"https:\/\/baralivres.ma\/index.php?rest_route=%2Fwp%2Fv2%2Fcomments&post=15538"}],"version-history":[{"count":1,"href":"https:\/\/baralivres.ma\/index.php?rest_route=\/wp\/v2\/product\/15538\/revisions"}],"predecessor-version":[{"id":15542,"href":"https:\/\/baralivres.ma\/index.php?rest_route=\/wp\/v2\/product\/15538\/revisions\/15542"}],"wp:featuredmedia":[{"embeddable":true,"href":"https:\/\/baralivres.ma\/index.php?rest_route=\/wp\/v2\/media\/15540"}],"wp:attachment":[{"href":"https:\/\/baralivres.ma\/index.php?rest_route=%2Fwp%2Fv2%2Fmedia&parent=15538"}],"wp:term":[{"taxonomy":"product_cat","embeddable":true,"href":"https:\/\/baralivres.ma\/index.php?rest_route=%2Fwp%2Fv2%2Fproduct_cat&post=15538"},{"taxonomy":"product_tag","embeddable":true,"href":"https:\/\/baralivres.ma\/index.php?rest_route=%2Fwp%2Fv2%2Fproduct_tag&post=15538"}],"curies":[{"name":"wp","href":"https:\/\/api.w.org\/{rel}","templated":true}]}}