{"id":15537,"date":"2023-10-30T09:56:18","date_gmt":"2023-10-30T08:56:18","guid":{"rendered":"https:\/\/baralivres.ma\/?post_type=product&#038;p=15537"},"modified":"2023-10-30T09:56:19","modified_gmt":"2023-10-30T08:56:19","slug":"celle-qui-fuit-et-celle-qui-reste","status":"publish","type":"product","link":"https:\/\/baralivres.ma\/?product=celle-qui-fuit-et-celle-qui-reste","title":{"rendered":"Celle qui fuit et celle qui reste"},"content":{"rendered":"<p>Nous vivons une \u00e9poque critique, marqu\u00e9e par des bouleversements majeurs. Rejoignez-nous, faites-vous entendre ! Alors que les \u00e9v\u00e9nements de 1968 se profilent \u00e0 l&rsquo;horizon, les mouvements f\u00e9ministes et de protestation prennent forme, et Elena, dipl\u00f4m\u00e9e de l&rsquo;\u00c9cole normale sup\u00e9rieure de Pise, est \u00e0 l&rsquo;avant-garde. Elle vient de publier un roman bas\u00e9 sur ses amours de jeunesse, qui suscite \u00e0 la fois l&rsquo;engouement et la controverse. Pendant ce temps, Lila a quitt\u00e9 son mari Stefano et travaille ardemment dans une usine, o\u00f9 elle est confront\u00e9e au harc\u00e8lement des hommes et d\u00e9couvre les pr\u00e9mices de la lutte ouvri\u00e8re. Pour ces deux jeunes femmes, tout comme pour l&rsquo;Italie, c&rsquo;est le d\u00e9but d&rsquo;une p\u00e9riode de grands changements. Apr\u00e8s \u00ab\u00a0L&rsquo;amie prodigieuse\u00a0\u00bb et \u00ab\u00a0Le nouveau nom\u00a0\u00bb, \u00ab\u00a0Celle qui fuit et celle qui reste\u00a0\u00bb est le troisi\u00e8me volet de la saga d&rsquo;Elena Ferrante, qui se cl\u00f4t avec \u00ab\u00a0L&rsquo;enfant perdue\u00a0\u00bb.<\/p>\n","protected":false},"excerpt":{"rendered":"<p>\u00c9poque tumultueuse, Elena et Lila affrontent le changement social et personnel dans l&rsquo;Italie des ann\u00e9es 1968.<\/p>\n","protected":false},"featured_media":15539,"comment_status":"open","ping_status":"closed","template":"","meta":{"inline_featured_image":false},"product_cat":[203,204,143],"product_tag":[],"class_list":{"0":"post-15537","1":"product","2":"type-product","3":"status-publish","4":"has-post-thumbnail","6":"product_cat-adolescente","7":"product_cat-francais","8":"product_cat-roman","9":"pa_auteurs-elena_ferrante","11":"first","12":"instock","13":"shipping-taxable","14":"purchasable","15":"product-type-simple"},"_links":{"self":[{"href":"https:\/\/baralivres.ma\/index.php?rest_route=\/wp\/v2\/product\/15537","targetHints":{"allow":["GET"]}}],"collection":[{"href":"https:\/\/baralivres.ma\/index.php?rest_route=\/wp\/v2\/product"}],"about":[{"href":"https:\/\/baralivres.ma\/index.php?rest_route=\/wp\/v2\/types\/product"}],"replies":[{"embeddable":true,"href":"https:\/\/baralivres.ma\/index.php?rest_route=%2Fwp%2Fv2%2Fcomments&post=15537"}],"version-history":[{"count":1,"href":"https:\/\/baralivres.ma\/index.php?rest_route=\/wp\/v2\/product\/15537\/revisions"}],"predecessor-version":[{"id":15544,"href":"https:\/\/baralivres.ma\/index.php?rest_route=\/wp\/v2\/product\/15537\/revisions\/15544"}],"wp:featuredmedia":[{"embeddable":true,"href":"https:\/\/baralivres.ma\/index.php?rest_route=\/wp\/v2\/media\/15539"}],"wp:attachment":[{"href":"https:\/\/baralivres.ma\/index.php?rest_route=%2Fwp%2Fv2%2Fmedia&parent=15537"}],"wp:term":[{"taxonomy":"product_cat","embeddable":true,"href":"https:\/\/baralivres.ma\/index.php?rest_route=%2Fwp%2Fv2%2Fproduct_cat&post=15537"},{"taxonomy":"product_tag","embeddable":true,"href":"https:\/\/baralivres.ma\/index.php?rest_route=%2Fwp%2Fv2%2Fproduct_tag&post=15537"}],"curies":[{"name":"wp","href":"https:\/\/api.w.org\/{rel}","templated":true}]}}