{"id":15532,"date":"2023-10-30T09:51:14","date_gmt":"2023-10-30T08:51:14","guid":{"rendered":"https:\/\/baralivres.ma\/?post_type=product&#038;p=15532"},"modified":"2023-10-30T09:51:15","modified_gmt":"2023-10-30T08:51:15","slug":"le-nouveau-nom","status":"publish","type":"product","link":"https:\/\/baralivres.ma\/?product=le-nouveau-nom","title":{"rendered":"Le nouveau nom"},"content":{"rendered":"<p>Le soir de ses noces avec l&rsquo;\u00e9picier Stefano, Lila, \u00e2g\u00e9e de seize ans, esp\u00e8re laisser derri\u00e8re elle une jeunesse marqu\u00e9e par la pauvret\u00e9 et le travail acharn\u00e9. De son c\u00f4t\u00e9, Elena poursuit ses \u00e9tudes au lyc\u00e9e, loin du quartier. \u00c0 l&rsquo;approche des vacances, les deux amies se rendent \u00e0 Ischia, sans se douter que cet \u00e9t\u00e9 d\u00e9cisif bouleversera le peu d&rsquo;insouciance qui leur restait.<\/p>\n","protected":false},"excerpt":{"rendered":"<p>Lila se marie \u00e0 16 ans, cherchant \u00e0 \u00e9chapper \u00e0 la pauvret\u00e9, tandis qu&rsquo;Elena poursuit ses \u00e9tudes.<\/p>\n","protected":false},"featured_media":15533,"comment_status":"open","ping_status":"closed","template":"","meta":{"inline_featured_image":false},"product_cat":[203,204,143],"product_tag":[],"class_list":{"0":"post-15532","1":"product","2":"type-product","3":"status-publish","4":"has-post-thumbnail","6":"product_cat-adolescente","7":"product_cat-francais","8":"product_cat-roman","9":"pa_auteurs-elena_ferrante","11":"first","12":"instock","13":"shipping-taxable","14":"purchasable","15":"product-type-simple"},"_links":{"self":[{"href":"https:\/\/baralivres.ma\/index.php?rest_route=\/wp\/v2\/product\/15532","targetHints":{"allow":["GET"]}}],"collection":[{"href":"https:\/\/baralivres.ma\/index.php?rest_route=\/wp\/v2\/product"}],"about":[{"href":"https:\/\/baralivres.ma\/index.php?rest_route=\/wp\/v2\/types\/product"}],"replies":[{"embeddable":true,"href":"https:\/\/baralivres.ma\/index.php?rest_route=%2Fwp%2Fv2%2Fcomments&post=15532"}],"version-history":[{"count":1,"href":"https:\/\/baralivres.ma\/index.php?rest_route=\/wp\/v2\/product\/15532\/revisions"}],"predecessor-version":[{"id":15534,"href":"https:\/\/baralivres.ma\/index.php?rest_route=\/wp\/v2\/product\/15532\/revisions\/15534"}],"wp:featuredmedia":[{"embeddable":true,"href":"https:\/\/baralivres.ma\/index.php?rest_route=\/wp\/v2\/media\/15533"}],"wp:attachment":[{"href":"https:\/\/baralivres.ma\/index.php?rest_route=%2Fwp%2Fv2%2Fmedia&parent=15532"}],"wp:term":[{"taxonomy":"product_cat","embeddable":true,"href":"https:\/\/baralivres.ma\/index.php?rest_route=%2Fwp%2Fv2%2Fproduct_cat&post=15532"},{"taxonomy":"product_tag","embeddable":true,"href":"https:\/\/baralivres.ma\/index.php?rest_route=%2Fwp%2Fv2%2Fproduct_tag&post=15532"}],"curies":[{"name":"wp","href":"https:\/\/api.w.org\/{rel}","templated":true}]}}