{"id":15531,"date":"2023-10-30T09:52:17","date_gmt":"2023-10-30T08:52:17","guid":{"rendered":"https:\/\/baralivres.ma\/?post_type=product&#038;p=15531"},"modified":"2023-10-30T09:52:17","modified_gmt":"2023-10-30T08:52:17","slug":"la-chute","status":"publish","type":"product","link":"https:\/\/baralivres.ma\/?product=la-chute","title":{"rendered":"La Chute"},"content":{"rendered":"<p>En traversant le pont, j&rsquo;ai remarqu\u00e9 une silhouette pench\u00e9e sur le parapet, apparemment absorb\u00e9e par la contemplation du fleuve. En m&rsquo;approchant, j&rsquo;ai discern\u00e9 une jeune femme \u00e9lanc\u00e9e v\u00eatue de noir. Seule sa nuque, fra\u00eeche et humide, \u00e9tait visible entre ses cheveux sombres et le col de son manteau, ce qui m&rsquo;a \u00e9mu. Malgr\u00e9 cela, j&rsquo;ai d\u00e9cid\u00e9 de continuer mon chemin apr\u00e8s un bref moment d&rsquo;ind\u00e9cision.<\/p>\n<p>Apr\u00e8s avoir march\u00e9 environ cinquante m\u00e8tres, j&rsquo;ai \u00e9t\u00e9 frapp\u00e9 par un bruit, retentissant dans le silence de la nuit, semblant \u00eatre le plongeon d&rsquo;un corps dans l&rsquo;eau, m\u00eame s&rsquo;il \u00e9tait lointain. J&rsquo;ai imm\u00e9diatement stopp\u00e9, sans pour autant me retourner. Peu de temps apr\u00e8s, des cris se sont fait entendre, se r\u00e9percutant le long du fleuve, pour ensuite s&rsquo;\u00e9teindre brusquement.<\/p>\n","protected":false},"excerpt":{"rendered":"<p>Observation d&rsquo;une femme sur un pont suivie du son d&rsquo;une chute dans l&rsquo;eau nocturne.<\/p>\n","protected":false},"featured_media":15535,"comment_status":"open","ping_status":"closed","template":"","meta":{"inline_featured_image":false},"product_cat":[204,143],"product_tag":[],"class_list":{"0":"post-15531","1":"product","2":"type-product","3":"status-publish","4":"has-post-thumbnail","6":"product_cat-francais","7":"product_cat-roman","8":"pa_auteurs-albert-camus","10":"first","11":"instock","12":"shipping-taxable","13":"purchasable","14":"product-type-simple"},"_links":{"self":[{"href":"https:\/\/baralivres.ma\/index.php?rest_route=\/wp\/v2\/product\/15531","targetHints":{"allow":["GET"]}}],"collection":[{"href":"https:\/\/baralivres.ma\/index.php?rest_route=\/wp\/v2\/product"}],"about":[{"href":"https:\/\/baralivres.ma\/index.php?rest_route=\/wp\/v2\/types\/product"}],"replies":[{"embeddable":true,"href":"https:\/\/baralivres.ma\/index.php?rest_route=%2Fwp%2Fv2%2Fcomments&post=15531"}],"version-history":[{"count":1,"href":"https:\/\/baralivres.ma\/index.php?rest_route=\/wp\/v2\/product\/15531\/revisions"}],"predecessor-version":[{"id":15536,"href":"https:\/\/baralivres.ma\/index.php?rest_route=\/wp\/v2\/product\/15531\/revisions\/15536"}],"wp:featuredmedia":[{"embeddable":true,"href":"https:\/\/baralivres.ma\/index.php?rest_route=\/wp\/v2\/media\/15535"}],"wp:attachment":[{"href":"https:\/\/baralivres.ma\/index.php?rest_route=%2Fwp%2Fv2%2Fmedia&parent=15531"}],"wp:term":[{"taxonomy":"product_cat","embeddable":true,"href":"https:\/\/baralivres.ma\/index.php?rest_route=%2Fwp%2Fv2%2Fproduct_cat&post=15531"},{"taxonomy":"product_tag","embeddable":true,"href":"https:\/\/baralivres.ma\/index.php?rest_route=%2Fwp%2Fv2%2Fproduct_tag&post=15531"}],"curies":[{"name":"wp","href":"https:\/\/api.w.org\/{rel}","templated":true}]}}