{"id":15522,"date":"2023-10-30T09:45:39","date_gmt":"2023-10-30T08:45:39","guid":{"rendered":"https:\/\/baralivres.ma\/?post_type=product&#038;p=15522"},"modified":"2023-10-30T09:45:39","modified_gmt":"2023-10-30T08:45:39","slug":"lamie-prodigieuse","status":"publish","type":"product","link":"https:\/\/baralivres.ma\/?product=lamie-prodigieuse","title":{"rendered":"L\u2019amie Prodigieuse"},"content":{"rendered":"<p>Je ne ressens pas de nostalgie pour notre enfance, car elle \u00e9tait empreinte de violence. C&rsquo;\u00e9tait simplement la vie que nous menions, marqu\u00e9e par la n\u00e9cessit\u00e9 de rendre les choses difficiles pour les autres avant qu&rsquo;ils ne nous les rendent difficiles. Elena et Lila r\u00e9sidaient dans un quartier d\u00e9favoris\u00e9 de Naples \u00e0 la fin des ann\u00e9es cinquante. Bien qu&rsquo;elles aient montr\u00e9 un talent pour les \u00e9tudes, leur avenir ne semblait pas tout trac\u00e9. Lila a quitt\u00e9 l&rsquo;\u00e9cole pour travailler dans la boutique de cordonnier de son p\u00e8re, tandis qu&rsquo;Elena, encourag\u00e9e par son institutrice, a poursuivi ses \u00e9tudes au coll\u00e8ge puis au lyc\u00e9e. Les chemins de ces deux amies se sont crois\u00e9s et \u00e9loign\u00e9s, sur fond d&rsquo;une Naples obscure en pleine \u00e9bullition. &lsquo;L&rsquo;amie prodigieuse&rsquo;, &lsquo;Le nouveau nom&rsquo; et &lsquo;Celle qui fuit et celle qui reste&rsquo; sont les trois premiers volumes de la saga d&rsquo;Elena Ferrante, qui trouve sa conclusion dans &lsquo;L&rsquo;enfant perdue&rsquo;.<\/p>\n","protected":false},"excerpt":{"rendered":"<p>Amiti\u00e9, Naples des ann\u00e9es 50, chemins diff\u00e9rents, violence, \u00e9ducation, saga d&rsquo;Elena Ferrante conclue.<\/p>\n","protected":false},"featured_media":15526,"comment_status":"open","ping_status":"closed","template":"","meta":{"inline_featured_image":false},"product_cat":[204,143],"product_tag":[],"class_list":{"0":"post-15522","1":"product","2":"type-product","3":"status-publish","4":"has-post-thumbnail","6":"product_cat-francais","7":"product_cat-roman","8":"pa_auteurs-elena_ferrante","10":"first","11":"instock","12":"shipping-taxable","13":"purchasable","14":"product-type-simple"},"_links":{"self":[{"href":"https:\/\/baralivres.ma\/index.php?rest_route=\/wp\/v2\/product\/15522","targetHints":{"allow":["GET"]}}],"collection":[{"href":"https:\/\/baralivres.ma\/index.php?rest_route=\/wp\/v2\/product"}],"about":[{"href":"https:\/\/baralivres.ma\/index.php?rest_route=\/wp\/v2\/types\/product"}],"replies":[{"embeddable":true,"href":"https:\/\/baralivres.ma\/index.php?rest_route=%2Fwp%2Fv2%2Fcomments&post=15522"}],"version-history":[{"count":2,"href":"https:\/\/baralivres.ma\/index.php?rest_route=\/wp\/v2\/product\/15522\/revisions"}],"predecessor-version":[{"id":15528,"href":"https:\/\/baralivres.ma\/index.php?rest_route=\/wp\/v2\/product\/15522\/revisions\/15528"}],"wp:featuredmedia":[{"embeddable":true,"href":"https:\/\/baralivres.ma\/index.php?rest_route=\/wp\/v2\/media\/15526"}],"wp:attachment":[{"href":"https:\/\/baralivres.ma\/index.php?rest_route=%2Fwp%2Fv2%2Fmedia&parent=15522"}],"wp:term":[{"taxonomy":"product_cat","embeddable":true,"href":"https:\/\/baralivres.ma\/index.php?rest_route=%2Fwp%2Fv2%2Fproduct_cat&post=15522"},{"taxonomy":"product_tag","embeddable":true,"href":"https:\/\/baralivres.ma\/index.php?rest_route=%2Fwp%2Fv2%2Fproduct_tag&post=15522"}],"curies":[{"name":"wp","href":"https:\/\/api.w.org\/{rel}","templated":true}]}}