{"id":15521,"date":"2023-10-30T09:44:38","date_gmt":"2023-10-30T08:44:38","guid":{"rendered":"https:\/\/baralivres.ma\/?post_type=product&#038;p=15521"},"modified":"2023-10-30T09:44:39","modified_gmt":"2023-10-30T08:44:39","slug":"la-mort-heureuse","status":"publish","type":"product","link":"https:\/\/baralivres.ma\/?product=la-mort-heureuse","title":{"rendered":"La mort heureuse"},"content":{"rendered":"<p>\u00ab\u00a0En 1938, Albert Camus abandonne son premier roman, La mort heureuse, pour se lancer dans la r\u00e9daction de L&rsquo;\u00e9tranger. Ce projet initial, publi\u00e9 \u00e0 titre posthume, offre des descriptions lumineuses de la nature et des r\u00e9flexions anticonformistes. Son protagoniste, Meursault, recherche ardemment le bonheur, m\u00eame au prix d&rsquo;un acte criminel. Son cheminement est inspir\u00e9 par la jeunesse tumultueuse et passionn\u00e9e de Camus ; ses choix et r\u00e9flexions pr\u00e9figurent les r\u00e9cits et essais \u00e0 venir.\u00a0\u00bb<\/p>\n","protected":false},"excerpt":{"rendered":"<p>Abandon de \u00ab\u00a0La mort heureuse\u00a0\u00bb pour \u00ab\u00a0L&rsquo;\u00e9tranger\u00a0\u00bb : cheminement de Meursault, reflet de Camus.<\/p>\n","protected":false},"featured_media":15523,"comment_status":"open","ping_status":"closed","template":"","meta":{"inline_featured_image":false},"product_cat":[204,143],"product_tag":[],"class_list":{"0":"post-15521","1":"product","2":"type-product","3":"status-publish","4":"has-post-thumbnail","6":"product_cat-francais","7":"product_cat-roman","8":"pa_auteurs-albert-camus","10":"first","11":"instock","12":"shipping-taxable","13":"purchasable","14":"product-type-simple"},"_links":{"self":[{"href":"https:\/\/baralivres.ma\/index.php?rest_route=\/wp\/v2\/product\/15521","targetHints":{"allow":["GET"]}}],"collection":[{"href":"https:\/\/baralivres.ma\/index.php?rest_route=\/wp\/v2\/product"}],"about":[{"href":"https:\/\/baralivres.ma\/index.php?rest_route=\/wp\/v2\/types\/product"}],"replies":[{"embeddable":true,"href":"https:\/\/baralivres.ma\/index.php?rest_route=%2Fwp%2Fv2%2Fcomments&post=15521"}],"version-history":[{"count":1,"href":"https:\/\/baralivres.ma\/index.php?rest_route=\/wp\/v2\/product\/15521\/revisions"}],"predecessor-version":[{"id":15524,"href":"https:\/\/baralivres.ma\/index.php?rest_route=\/wp\/v2\/product\/15521\/revisions\/15524"}],"wp:featuredmedia":[{"embeddable":true,"href":"https:\/\/baralivres.ma\/index.php?rest_route=\/wp\/v2\/media\/15523"}],"wp:attachment":[{"href":"https:\/\/baralivres.ma\/index.php?rest_route=%2Fwp%2Fv2%2Fmedia&parent=15521"}],"wp:term":[{"taxonomy":"product_cat","embeddable":true,"href":"https:\/\/baralivres.ma\/index.php?rest_route=%2Fwp%2Fv2%2Fproduct_cat&post=15521"},{"taxonomy":"product_tag","embeddable":true,"href":"https:\/\/baralivres.ma\/index.php?rest_route=%2Fwp%2Fv2%2Fproduct_tag&post=15521"}],"curies":[{"name":"wp","href":"https:\/\/api.w.org\/{rel}","templated":true}]}}