{"id":15515,"date":"2023-10-30T09:38:05","date_gmt":"2023-10-30T08:38:05","guid":{"rendered":"https:\/\/baralivres.ma\/?post_type=product&#038;p=15515"},"modified":"2023-10-30T09:38:05","modified_gmt":"2023-10-30T08:38:05","slug":"lhomme-revolte","status":"publish","type":"product","link":"https:\/\/baralivres.ma\/?product=lhomme-revolte","title":{"rendered":"L&rsquo;Homme r\u00e9volt\u00e9"},"content":{"rendered":"<p>Albert Camus affirme que \u00ab\u00a0I revolt, therefore we exist.\u00a0\u00bb According to him, rebellion is the sole means to surpass the absurd. However, the true focus of &lsquo;The Rebel&rsquo; is how, in the name of rebellion, humanity accommodates crime, leading to the totalitarian states and concentration camps of the 20th century. How did human pride veer off course? The release of this essay was met with intense controversy. Camus&rsquo;s contemporaries were not ready to accept these truths, which are now evident and bring &lsquo;The Rebel&rsquo; into the forefront of current relevance.<\/p>\n","protected":false},"excerpt":{"rendered":"<p>Camus: R\u00e9volte combat l&rsquo;absurde, expose comment orgueil humain d\u00e9vie vers crimes, pol\u00e9miques, actualit\u00e9.<\/p>\n","protected":false},"featured_media":15516,"comment_status":"open","ping_status":"closed","template":"","meta":{"inline_featured_image":false},"product_cat":[204,143],"product_tag":[],"class_list":{"0":"post-15515","1":"product","2":"type-product","3":"status-publish","4":"has-post-thumbnail","6":"product_cat-francais","7":"product_cat-roman","8":"pa_auteurs-albert-camus","10":"first","11":"instock","12":"shipping-taxable","13":"purchasable","14":"product-type-simple"},"_links":{"self":[{"href":"https:\/\/baralivres.ma\/index.php?rest_route=\/wp\/v2\/product\/15515","targetHints":{"allow":["GET"]}}],"collection":[{"href":"https:\/\/baralivres.ma\/index.php?rest_route=\/wp\/v2\/product"}],"about":[{"href":"https:\/\/baralivres.ma\/index.php?rest_route=\/wp\/v2\/types\/product"}],"replies":[{"embeddable":true,"href":"https:\/\/baralivres.ma\/index.php?rest_route=%2Fwp%2Fv2%2Fcomments&post=15515"}],"version-history":[{"count":1,"href":"https:\/\/baralivres.ma\/index.php?rest_route=\/wp\/v2\/product\/15515\/revisions"}],"predecessor-version":[{"id":15517,"href":"https:\/\/baralivres.ma\/index.php?rest_route=\/wp\/v2\/product\/15515\/revisions\/15517"}],"wp:featuredmedia":[{"embeddable":true,"href":"https:\/\/baralivres.ma\/index.php?rest_route=\/wp\/v2\/media\/15516"}],"wp:attachment":[{"href":"https:\/\/baralivres.ma\/index.php?rest_route=%2Fwp%2Fv2%2Fmedia&parent=15515"}],"wp:term":[{"taxonomy":"product_cat","embeddable":true,"href":"https:\/\/baralivres.ma\/index.php?rest_route=%2Fwp%2Fv2%2Fproduct_cat&post=15515"},{"taxonomy":"product_tag","embeddable":true,"href":"https:\/\/baralivres.ma\/index.php?rest_route=%2Fwp%2Fv2%2Fproduct_tag&post=15515"}],"curies":[{"name":"wp","href":"https:\/\/api.w.org\/{rel}","templated":true}]}}