{"id":15512,"date":"2023-10-30T09:33:31","date_gmt":"2023-10-30T08:33:31","guid":{"rendered":"https:\/\/baralivres.ma\/?post_type=product&#038;p=15512"},"modified":"2023-10-30T09:33:31","modified_gmt":"2023-10-30T08:33:31","slug":"les-justes","status":"publish","type":"product","link":"https:\/\/baralivres.ma\/?product=les-justes","title":{"rendered":"Les Justes"},"content":{"rendered":"<p>En f\u00e9vrier 1905, \u00e0 Moscou, un groupe de terroristes, membres du parti socialiste r\u00e9volutionnaire, a planifi\u00e9 un attentat \u00e0 la bombe contre le grand-duc Serge, oncle du tsar. Cet \u00e9v\u00e9nement et les situations inhabituelles qui l&rsquo;ont entour\u00e9 sont le c\u0153ur des Justes. Bien que certaines situations de cette pi\u00e8ce puissent sembler incroyables, elles sont en r\u00e9alit\u00e9 issues de faits historiques. Il est important de noter que, malgr\u00e9 cela, Les Justes ne sont pas une pi\u00e8ce strictement historique. Cependant, tous les personnages ont exist\u00e9 et ont agi conform\u00e9ment \u00e0 ce que j&rsquo;ai d\u00e9crit. Mon but \u00e9tait simplement de rendre cr\u00e9dible ce qui \u00e9tait d\u00e9j\u00e0 v\u00e9ridique&#8230; La pression insupportable de la haine sur ces \u00e2mes remarquables est devenue un mode de fonctionnement accept\u00e9. C&rsquo;est une raison de plus pour \u00e9voquer ces grandes figures, leur r\u00e9volte juste, leur tentative laborieuse de fraternit\u00e9 et les efforts immenses qu&rsquo;elles ont d\u00e9ploy\u00e9s pour justifier l&rsquo;acte de meurtre \u2013 pour ainsi indiquer o\u00f9 se situe notre loyaut\u00e9.<\/p>\n","protected":false},"excerpt":{"rendered":"<p>Attentat terroriste contre le grand-duc en 1905, inspire \u00ab\u00a0Les Justes\u00a0\u00bb de Camus sur r\u00e9volte morale.<\/p>\n","protected":false},"featured_media":15513,"comment_status":"open","ping_status":"closed","template":"","meta":{"inline_featured_image":false},"product_cat":[204,143],"product_tag":[],"class_list":{"0":"post-15512","1":"product","2":"type-product","3":"status-publish","4":"has-post-thumbnail","6":"product_cat-francais","7":"product_cat-roman","8":"pa_auteurs-albert-camus","10":"first","11":"instock","12":"shipping-taxable","13":"purchasable","14":"product-type-simple"},"_links":{"self":[{"href":"https:\/\/baralivres.ma\/index.php?rest_route=\/wp\/v2\/product\/15512","targetHints":{"allow":["GET"]}}],"collection":[{"href":"https:\/\/baralivres.ma\/index.php?rest_route=\/wp\/v2\/product"}],"about":[{"href":"https:\/\/baralivres.ma\/index.php?rest_route=\/wp\/v2\/types\/product"}],"replies":[{"embeddable":true,"href":"https:\/\/baralivres.ma\/index.php?rest_route=%2Fwp%2Fv2%2Fcomments&post=15512"}],"version-history":[{"count":1,"href":"https:\/\/baralivres.ma\/index.php?rest_route=\/wp\/v2\/product\/15512\/revisions"}],"predecessor-version":[{"id":15514,"href":"https:\/\/baralivres.ma\/index.php?rest_route=\/wp\/v2\/product\/15512\/revisions\/15514"}],"wp:featuredmedia":[{"embeddable":true,"href":"https:\/\/baralivres.ma\/index.php?rest_route=\/wp\/v2\/media\/15513"}],"wp:attachment":[{"href":"https:\/\/baralivres.ma\/index.php?rest_route=%2Fwp%2Fv2%2Fmedia&parent=15512"}],"wp:term":[{"taxonomy":"product_cat","embeddable":true,"href":"https:\/\/baralivres.ma\/index.php?rest_route=%2Fwp%2Fv2%2Fproduct_cat&post=15512"},{"taxonomy":"product_tag","embeddable":true,"href":"https:\/\/baralivres.ma\/index.php?rest_route=%2Fwp%2Fv2%2Fproduct_tag&post=15512"}],"curies":[{"name":"wp","href":"https:\/\/api.w.org\/{rel}","templated":true}]}}