{"id":15507,"date":"2023-10-27T17:01:55","date_gmt":"2023-10-27T16:01:55","guid":{"rendered":"https:\/\/baralivres.ma\/?post_type=product&#038;p=15507"},"modified":"2023-10-27T17:01:56","modified_gmt":"2023-10-27T16:01:56","slug":"leurs-enfants-apres-eux","status":"publish","type":"product","link":"https:\/\/baralivres.ma\/?product=leurs-enfants-apres-eux","title":{"rendered":"Leurs enfants apr\u00e8s eux"},"content":{"rendered":"<p>En ao\u00fbt 1992, dans une vall\u00e9e en d\u00e9clin de l&rsquo;Est de la France, Anthony, un adolescent de quatorze ans, d\u00e9cide de voler un cano\u00eb avec son cousin pour explorer la l\u00e9gendaire plage des culs-nus. Cet \u00e9t\u00e9 marque le d\u00e9but de sa vie, de son premier amour, et des drames \u00e0 venir. Nicolas Mathieu d\u00e9peint la vall\u00e9e, l&rsquo;adolescence, et une jeunesse cherchant sa place dans un monde en d\u00e9clin. Il relate quatre \u00e9t\u00e9s, de \u00ab\u00a0Smells Like Teen Spirit\u00a0\u00bb \u00e0 la Coupe du Monde 98, en racontant des vies en acc\u00e9l\u00e9r\u00e9 dans une France de transition, entre villes moyennes, zones pavillonnaires, et nostalgie d&rsquo;une \u00e9poque r\u00e9volue. C&rsquo;est un portrait de la France rurale et ouvri\u00e8re, un pays marqu\u00e9 par le d\u00e9clin et la recherche d&rsquo;identit\u00e9, tiraill\u00e9 entre la d\u00e9cence et la col\u00e8re.<\/p>\n","protected":false},"excerpt":{"rendered":"<p>Dans une vall\u00e9e en d\u00e9clin de l&rsquo;Est de la France, Anthony vit son premier amour, entre nostalgie et d\u00e9clin.<\/p>\n","protected":false},"featured_media":15509,"comment_status":"open","ping_status":"closed","template":"","meta":{"inline_featured_image":false},"product_cat":[204,143],"product_tag":[],"class_list":{"0":"post-15507","1":"product","2":"type-product","3":"status-publish","4":"has-post-thumbnail","6":"product_cat-francais","7":"product_cat-roman","8":"pa_auteurs-naguib-mahfouz","10":"first","11":"instock","12":"shipping-taxable","13":"purchasable","14":"product-type-simple"},"_links":{"self":[{"href":"https:\/\/baralivres.ma\/index.php?rest_route=\/wp\/v2\/product\/15507","targetHints":{"allow":["GET"]}}],"collection":[{"href":"https:\/\/baralivres.ma\/index.php?rest_route=\/wp\/v2\/product"}],"about":[{"href":"https:\/\/baralivres.ma\/index.php?rest_route=\/wp\/v2\/types\/product"}],"replies":[{"embeddable":true,"href":"https:\/\/baralivres.ma\/index.php?rest_route=%2Fwp%2Fv2%2Fcomments&post=15507"}],"version-history":[{"count":1,"href":"https:\/\/baralivres.ma\/index.php?rest_route=\/wp\/v2\/product\/15507\/revisions"}],"predecessor-version":[{"id":15510,"href":"https:\/\/baralivres.ma\/index.php?rest_route=\/wp\/v2\/product\/15507\/revisions\/15510"}],"wp:featuredmedia":[{"embeddable":true,"href":"https:\/\/baralivres.ma\/index.php?rest_route=\/wp\/v2\/media\/15509"}],"wp:attachment":[{"href":"https:\/\/baralivres.ma\/index.php?rest_route=%2Fwp%2Fv2%2Fmedia&parent=15507"}],"wp:term":[{"taxonomy":"product_cat","embeddable":true,"href":"https:\/\/baralivres.ma\/index.php?rest_route=%2Fwp%2Fv2%2Fproduct_cat&post=15507"},{"taxonomy":"product_tag","embeddable":true,"href":"https:\/\/baralivres.ma\/index.php?rest_route=%2Fwp%2Fv2%2Fproduct_tag&post=15507"}],"curies":[{"name":"wp","href":"https:\/\/api.w.org\/{rel}","templated":true}]}}