{"id":15501,"date":"2023-10-27T16:54:05","date_gmt":"2023-10-27T15:54:05","guid":{"rendered":"https:\/\/baralivres.ma\/?post_type=product&#038;p=15501"},"modified":"2023-10-27T16:54:05","modified_gmt":"2023-10-27T15:54:05","slug":"recits-de-notre-quartier","status":"publish","type":"product","link":"https:\/\/baralivres.ma\/?product=recits-de-notre-quartier","title":{"rendered":"R\u00e9cits de notre quartier"},"content":{"rendered":"<p>En se replongeant dans ses souvenirs d&rsquo;enfance, sa formation, et l&rsquo;\u00e9veil de ses sens, Mahfouz, \u00e0 travers soixante-dix s\u00e9quences qui composent un roman vivant et enchanteur, ram\u00e8ne \u00e0 la vie le Caire du d\u00e9but du XXe si\u00e8cle, avec tous ses bruits, ses couleurs et ses odeurs.<\/p>\n<p>Les r\u00e9sidents du quartier, qu&rsquo;il s&rsquo;agisse du myst\u00e9rieux Grand Cheikh, de la voluptueuse Oumm Zaki, de son cousin activiste Sabri, ou encore du joueur de football Yahia Madkour, servent de sujets \u00e0 une s\u00e9rie de portraits \u00e0 la fois fascinants et empreints de bienveillance, r\u00e9v\u00e9l\u00e9s par le regard d&rsquo;un adolescent qui, au-del\u00e0 de son innocence, d\u00e9couvre la v\u00e9rit\u00e9 du monde.<\/p>\n","protected":false},"excerpt":{"rendered":"<p>Mahfouz fait revivre le Caire du XXe si\u00e8cle \u00e0 travers 78 s\u00e9quences. Ses souvenirs d&rsquo;enfance, la formation, et l&rsquo;\u00e9veil des sens sont les fils conducteurs. Les habitants du quartier, du myst\u00e9rieux Grand Cheikh \u00e0 Oumm Zaki, offrent des portraits intrigants et g\u00e9n\u00e9reux, vu par les yeux d&rsquo;un adolescent d\u00e9couvrant la v\u00e9rit\u00e9 du monde par-del\u00e0 son innocence.<\/p>\n","protected":false},"featured_media":15504,"comment_status":"open","ping_status":"closed","template":"","meta":{"inline_featured_image":false},"product_cat":[204,143],"product_tag":[],"class_list":{"0":"post-15501","1":"product","2":"type-product","3":"status-publish","4":"has-post-thumbnail","6":"product_cat-francais","7":"product_cat-roman","8":"pa_auteurs-naguib-mahfouz","10":"first","11":"instock","12":"shipping-taxable","13":"purchasable","14":"product-type-simple"},"_links":{"self":[{"href":"https:\/\/baralivres.ma\/index.php?rest_route=\/wp\/v2\/product\/15501","targetHints":{"allow":["GET"]}}],"collection":[{"href":"https:\/\/baralivres.ma\/index.php?rest_route=\/wp\/v2\/product"}],"about":[{"href":"https:\/\/baralivres.ma\/index.php?rest_route=\/wp\/v2\/types\/product"}],"replies":[{"embeddable":true,"href":"https:\/\/baralivres.ma\/index.php?rest_route=%2Fwp%2Fv2%2Fcomments&post=15501"}],"version-history":[{"count":1,"href":"https:\/\/baralivres.ma\/index.php?rest_route=\/wp\/v2\/product\/15501\/revisions"}],"predecessor-version":[{"id":15506,"href":"https:\/\/baralivres.ma\/index.php?rest_route=\/wp\/v2\/product\/15501\/revisions\/15506"}],"wp:featuredmedia":[{"embeddable":true,"href":"https:\/\/baralivres.ma\/index.php?rest_route=\/wp\/v2\/media\/15504"}],"wp:attachment":[{"href":"https:\/\/baralivres.ma\/index.php?rest_route=%2Fwp%2Fv2%2Fmedia&parent=15501"}],"wp:term":[{"taxonomy":"product_cat","embeddable":true,"href":"https:\/\/baralivres.ma\/index.php?rest_route=%2Fwp%2Fv2%2Fproduct_cat&post=15501"},{"taxonomy":"product_tag","embeddable":true,"href":"https:\/\/baralivres.ma\/index.php?rest_route=%2Fwp%2Fv2%2Fproduct_tag&post=15501"}],"curies":[{"name":"wp","href":"https:\/\/api.w.org\/{rel}","templated":true}]}}