{"id":15489,"date":"2023-10-27T16:42:19","date_gmt":"2023-10-27T15:42:19","guid":{"rendered":"https:\/\/baralivres.ma\/?post_type=product&#038;p=15489"},"modified":"2023-10-27T16:42:19","modified_gmt":"2023-10-27T15:42:19","slug":"silo","status":"publish","type":"product","link":"https:\/\/baralivres.ma\/?product=silo","title":{"rendered":"Silo"},"content":{"rendered":"<p>Dans un avenir impr\u00e9cis, des rescap\u00e9s ont \u00e9tabli leur vie dans un immense silo souterrain qui les prot\u00e8ge d&rsquo;une atmosph\u00e8re devenue nocive. Leur seule fen\u00eatre sur le monde ext\u00e9rieur est un \u00e9cran diffusant des images captur\u00e9es par des cam\u00e9ras. Lorsqu&rsquo;un individu est exclu de cette soci\u00e9t\u00e9, il est condamn\u00e9 \u00e0 une mort in\u00e9vitable, pourtant, avant leur d\u00e9c\u00e8s, tous se portent volontaires pour nettoyer les objectifs des cam\u00e9ras. Pourquoi font-ils cela ? Une intrigue fascinante dans le contexte de la science-fiction.<\/p>\n","protected":false},"excerpt":{"rendered":"<p>Dans un futur incertain, des survivants vivent dans un silo souterrain pour \u00e9chapper \u00e0 une atmosph\u00e8re toxique. Lorsqu&rsquo;un banni est envoy\u00e9 dehors pour mourir, il nettoie les cam\u00e9ras du silo avant de p\u00e9rir. Pourquoi ? Une \u00e9nigme intrigante dans la science-fiction.<\/p>\n","protected":false},"featured_media":15490,"comment_status":"open","ping_status":"closed","template":"","meta":{"inline_featured_image":false},"product_cat":[204,143],"product_tag":[],"class_list":{"0":"post-15489","1":"product","2":"type-product","3":"status-publish","4":"has-post-thumbnail","6":"product_cat-francais","7":"product_cat-roman","8":"pa_auteurs-hugh-howey","10":"first","11":"instock","12":"shipping-taxable","13":"purchasable","14":"product-type-simple"},"_links":{"self":[{"href":"https:\/\/baralivres.ma\/index.php?rest_route=\/wp\/v2\/product\/15489","targetHints":{"allow":["GET"]}}],"collection":[{"href":"https:\/\/baralivres.ma\/index.php?rest_route=\/wp\/v2\/product"}],"about":[{"href":"https:\/\/baralivres.ma\/index.php?rest_route=\/wp\/v2\/types\/product"}],"replies":[{"embeddable":true,"href":"https:\/\/baralivres.ma\/index.php?rest_route=%2Fwp%2Fv2%2Fcomments&post=15489"}],"version-history":[{"count":1,"href":"https:\/\/baralivres.ma\/index.php?rest_route=\/wp\/v2\/product\/15489\/revisions"}],"predecessor-version":[{"id":15492,"href":"https:\/\/baralivres.ma\/index.php?rest_route=\/wp\/v2\/product\/15489\/revisions\/15492"}],"wp:featuredmedia":[{"embeddable":true,"href":"https:\/\/baralivres.ma\/index.php?rest_route=\/wp\/v2\/media\/15490"}],"wp:attachment":[{"href":"https:\/\/baralivres.ma\/index.php?rest_route=%2Fwp%2Fv2%2Fmedia&parent=15489"}],"wp:term":[{"taxonomy":"product_cat","embeddable":true,"href":"https:\/\/baralivres.ma\/index.php?rest_route=%2Fwp%2Fv2%2Fproduct_cat&post=15489"},{"taxonomy":"product_tag","embeddable":true,"href":"https:\/\/baralivres.ma\/index.php?rest_route=%2Fwp%2Fv2%2Fproduct_tag&post=15489"}],"curies":[{"name":"wp","href":"https:\/\/api.w.org\/{rel}","templated":true}]}}