{"id":15481,"date":"2023-10-27T16:35:20","date_gmt":"2023-10-27T15:35:20","guid":{"rendered":"https:\/\/baralivres.ma\/?post_type=product&#038;p=15481"},"modified":"2023-10-27T16:35:20","modified_gmt":"2023-10-27T15:35:20","slug":"silo-silo-generations","status":"publish","type":"product","link":"https:\/\/baralivres.ma\/?product=silo-silo-generations","title":{"rendered":"Silo &#8211; : Silo G\u00e9n\u00e9rations"},"content":{"rendered":"<p>Donald a remplac\u00e9 Thurman, Juliette est maintenant maire du silo 18, et une confrontation avec le silo 1 approche. Un compte \u00e0 rebours commence. Donald pourra-t-il d\u00e9jouer la sinistre logique du silo 1 ? Juliette parviendra-t-elle \u00e0 \u00e9chapper au silo 18 ? La vie sur Terre reprendra-t-elle, ou est-ce un leurre ? Dans \u00ab\u00a0Silo G\u00e9n\u00e9rations\u00a0\u00bb, Hugh Howey conclut brillamment une s\u00e9rie devenue culte.<\/p>\n","protected":false},"excerpt":{"rendered":"<p>Donald remplace Thurman, Juliette dirige le silo 18, confrontation avec le silo 1, conclusion du cycle culte.<\/p>\n","protected":false},"featured_media":15483,"comment_status":"open","ping_status":"closed","template":"","meta":{"inline_featured_image":false},"product_cat":[204,143],"product_tag":[],"class_list":{"0":"post-15481","1":"product","2":"type-product","3":"status-publish","4":"has-post-thumbnail","6":"product_cat-francais","7":"product_cat-roman","8":"pa_auteurs-hugh-howey","10":"first","11":"instock","12":"shipping-taxable","13":"purchasable","14":"product-type-simple"},"_links":{"self":[{"href":"https:\/\/baralivres.ma\/index.php?rest_route=\/wp\/v2\/product\/15481","targetHints":{"allow":["GET"]}}],"collection":[{"href":"https:\/\/baralivres.ma\/index.php?rest_route=\/wp\/v2\/product"}],"about":[{"href":"https:\/\/baralivres.ma\/index.php?rest_route=\/wp\/v2\/types\/product"}],"replies":[{"embeddable":true,"href":"https:\/\/baralivres.ma\/index.php?rest_route=%2Fwp%2Fv2%2Fcomments&post=15481"}],"version-history":[{"count":1,"href":"https:\/\/baralivres.ma\/index.php?rest_route=\/wp\/v2\/product\/15481\/revisions"}],"predecessor-version":[{"id":15487,"href":"https:\/\/baralivres.ma\/index.php?rest_route=\/wp\/v2\/product\/15481\/revisions\/15487"}],"wp:featuredmedia":[{"embeddable":true,"href":"https:\/\/baralivres.ma\/index.php?rest_route=\/wp\/v2\/media\/15483"}],"wp:attachment":[{"href":"https:\/\/baralivres.ma\/index.php?rest_route=%2Fwp%2Fv2%2Fmedia&parent=15481"}],"wp:term":[{"taxonomy":"product_cat","embeddable":true,"href":"https:\/\/baralivres.ma\/index.php?rest_route=%2Fwp%2Fv2%2Fproduct_cat&post=15481"},{"taxonomy":"product_tag","embeddable":true,"href":"https:\/\/baralivres.ma\/index.php?rest_route=%2Fwp%2Fv2%2Fproduct_tag&post=15481"}],"curies":[{"name":"wp","href":"https:\/\/api.w.org\/{rel}","templated":true}]}}