{"id":15461,"date":"2023-10-27T16:13:01","date_gmt":"2023-10-27T15:13:01","guid":{"rendered":"https:\/\/baralivres.ma\/?post_type=product&#038;p=15461"},"modified":"2025-02-20T12:12:39","modified_gmt":"2025-02-20T11:12:39","slug":"lislam-en-questions","status":"publish","type":"product","link":"https:\/\/baralivres.ma\/?product=lislam-en-questions","title":{"rendered":"L&rsquo;Islam en questions"},"content":{"rendered":"<p>Ce livre est un m\u00e9lange de portrait, r\u00e9cit et d\u00e9bat. Les deux auteurs se mettent en sc\u00e8ne, confrontant leurs id\u00e9es et divergences sur l&rsquo;histoire. Le r\u00e9cit entrelace leurs parcours personnels avec les bouleversements au sein de l&rsquo;\u00c9gypte et du Proche-Orient. Il est aussi un d\u00e9bat sur l&rsquo;\u00e9tat actuel du Proche-Orient, l&rsquo;islamisme, l&rsquo;ordre international au 21e si\u00e8cle, le sous-d\u00e9veloppement des nations musulmanes, les droits de l&rsquo;homme en terre d&rsquo;islam, et la possibilit\u00e9 d&rsquo;un islam europ\u00e9en. Alain Gresh et Tariq Ramadan r\u00e9pondent \u00e0 ces questions pos\u00e9es par Fran\u00e7oise Germain-Robin et discutent de leurs diff\u00e9rences de mani\u00e8re constructive.<\/p>\n","protected":false},"excerpt":{"rendered":"<p>Livre m\u00e9lange portrait, r\u00e9cit, et d\u00e9bat sur l&rsquo;islam, l&rsquo;histoire, et l&rsquo;avenir du Proche-Orient par deux auteurs.<\/p>\n","protected":false},"featured_media":15464,"comment_status":"open","ping_status":"closed","template":"","meta":{"inline_featured_image":false},"product_cat":[3725,3862,4214],"product_tag":[],"class_list":{"0":"post-15461","1":"product","2":"type-product","3":"status-publish","4":"has-post-thumbnail","6":"product_cat-litterature-religieuse","7":"product_cat-spiritualite","8":"product_cat-voyage-spirituel-pendant-le-ramadan","9":"pa_auteurs-alain-gersh-et-tanriq-ramadan","11":"first","12":"instock","13":"shipping-taxable","14":"purchasable","15":"product-type-simple"},"_links":{"self":[{"href":"https:\/\/baralivres.ma\/index.php?rest_route=\/wp\/v2\/product\/15461","targetHints":{"allow":["GET"]}}],"collection":[{"href":"https:\/\/baralivres.ma\/index.php?rest_route=\/wp\/v2\/product"}],"about":[{"href":"https:\/\/baralivres.ma\/index.php?rest_route=\/wp\/v2\/types\/product"}],"replies":[{"embeddable":true,"href":"https:\/\/baralivres.ma\/index.php?rest_route=%2Fwp%2Fv2%2Fcomments&post=15461"}],"version-history":[{"count":1,"href":"https:\/\/baralivres.ma\/index.php?rest_route=\/wp\/v2\/product\/15461\/revisions"}],"predecessor-version":[{"id":15465,"href":"https:\/\/baralivres.ma\/index.php?rest_route=\/wp\/v2\/product\/15461\/revisions\/15465"}],"wp:featuredmedia":[{"embeddable":true,"href":"https:\/\/baralivres.ma\/index.php?rest_route=\/wp\/v2\/media\/15464"}],"wp:attachment":[{"href":"https:\/\/baralivres.ma\/index.php?rest_route=%2Fwp%2Fv2%2Fmedia&parent=15461"}],"wp:term":[{"taxonomy":"product_cat","embeddable":true,"href":"https:\/\/baralivres.ma\/index.php?rest_route=%2Fwp%2Fv2%2Fproduct_cat&post=15461"},{"taxonomy":"product_tag","embeddable":true,"href":"https:\/\/baralivres.ma\/index.php?rest_route=%2Fwp%2Fv2%2Fproduct_tag&post=15461"}],"curies":[{"name":"wp","href":"https:\/\/api.w.org\/{rel}","templated":true}]}}