{"id":15453,"date":"2023-10-27T16:08:32","date_gmt":"2023-10-27T15:08:32","guid":{"rendered":"https:\/\/baralivres.ma\/?post_type=product&#038;p=15453"},"modified":"2025-02-20T11:01:47","modified_gmt":"2025-02-20T10:01:47","slug":"la-voie-et-la-loi","status":"publish","type":"product","link":"https:\/\/baralivres.ma\/?product=la-voie-et-la-loi","title":{"rendered":"La Voie et la Loi"},"content":{"rendered":"<p>Focalis\u00e9 sur le d\u00e9bat concernant la l\u00e9gitimit\u00e9 du ma\u00eetre spirituel, contest\u00e9e par les docteurs de la Loi qui pr\u00e9conisent une interpr\u00e9tation litt\u00e9rale de la religion, ce livre offre une r\u00e9flexion in\u00e9dite sur la signification et l&rsquo;\u00e9volution du soufisme. Il explore les tensions entre les partisans de l&rsquo;orthodoxie religieuse et les adeptes de la voie mystique, mettant en lumi\u00e8re l&rsquo;importance du r\u00f4le du ma\u00eetre spirituel dans le d\u00e9veloppement du soufisme et la recherche de la v\u00e9rit\u00e9 spirituelle.<\/p>\n","protected":false},"excerpt":{"rendered":"<p>Cet ouvrage explore le d\u00e9bat autour de la l\u00e9gitimit\u00e9 du ma\u00eetre spirituel, remise en question par les tenants d&rsquo;une interpr\u00e9tation litt\u00e9rale de la religion. Il offre une perspective unique sur le sens et l&rsquo;\u00e9volution du soufisme.<\/p>\n","protected":false},"featured_media":15457,"comment_status":"open","ping_status":"closed","template":"","meta":{"inline_featured_image":false},"product_cat":[3725,3862,4214],"product_tag":[],"class_list":{"0":"post-15453","1":"product","2":"type-product","3":"status-publish","4":"has-post-thumbnail","6":"product_cat-litterature-religieuse","7":"product_cat-spiritualite","8":"product_cat-voyage-spirituel-pendant-le-ramadan","9":"pa_auteurs-ibn-khaldun","11":"first","12":"instock","13":"shipping-taxable","14":"purchasable","15":"product-type-simple"},"_links":{"self":[{"href":"https:\/\/baralivres.ma\/index.php?rest_route=\/wp\/v2\/product\/15453","targetHints":{"allow":["GET"]}}],"collection":[{"href":"https:\/\/baralivres.ma\/index.php?rest_route=\/wp\/v2\/product"}],"about":[{"href":"https:\/\/baralivres.ma\/index.php?rest_route=\/wp\/v2\/types\/product"}],"replies":[{"embeddable":true,"href":"https:\/\/baralivres.ma\/index.php?rest_route=%2Fwp%2Fv2%2Fcomments&post=15453"}],"version-history":[{"count":1,"href":"https:\/\/baralivres.ma\/index.php?rest_route=\/wp\/v2\/product\/15453\/revisions"}],"predecessor-version":[{"id":15458,"href":"https:\/\/baralivres.ma\/index.php?rest_route=\/wp\/v2\/product\/15453\/revisions\/15458"}],"wp:featuredmedia":[{"embeddable":true,"href":"https:\/\/baralivres.ma\/index.php?rest_route=\/wp\/v2\/media\/15457"}],"wp:attachment":[{"href":"https:\/\/baralivres.ma\/index.php?rest_route=%2Fwp%2Fv2%2Fmedia&parent=15453"}],"wp:term":[{"taxonomy":"product_cat","embeddable":true,"href":"https:\/\/baralivres.ma\/index.php?rest_route=%2Fwp%2Fv2%2Fproduct_cat&post=15453"},{"taxonomy":"product_tag","embeddable":true,"href":"https:\/\/baralivres.ma\/index.php?rest_route=%2Fwp%2Fv2%2Fproduct_tag&post=15453"}],"curies":[{"name":"wp","href":"https:\/\/api.w.org\/{rel}","templated":true}]}}