{"id":15436,"date":"2023-10-27T15:57:50","date_gmt":"2023-10-27T14:57:50","guid":{"rendered":"https:\/\/baralivres.ma\/?post_type=product&#038;p=15436"},"modified":"2023-10-27T15:58:39","modified_gmt":"2023-10-27T14:58:39","slug":"a-lorigine-notre-pere-obscur","status":"publish","type":"product","link":"https:\/\/baralivres.ma\/?product=a-lorigine-notre-pere-obscur","title":{"rendered":"\u00c0 l&rsquo;origine notre p\u00e8re obscur"},"content":{"rendered":"<p>Confinee depuis toujours dans la &lsquo;maison des femmes,&rsquo; o\u00f9 les maris, les fr\u00e8res et les p\u00e8res isolent les \u00e9pouses, les s\u0153urs et les filles coupables ou suspect\u00e9es de transgresser les lois patriarcales, une enfant a grandi en \u00e9tant impuissante t\u00e9moin de l&rsquo;ali\u00e9nation de sa m\u00e8re et en \u00e9tant victime de son manque d&rsquo;affection. Lorsqu&rsquo;elle parvient enfin \u00e0 s&rsquo;\u00e9chapper, la jeune fille nourrit le secret d\u00e9sir de rejoindre son p\u00e8re, un r\u00eave qu&rsquo;elle a ch\u00e9ri toute sa vie. Cependant, \u00e0 l&rsquo;int\u00e9rieur de la demeure paternelle, elle se retrouve confront\u00e9e \u00e0 un nouveau cauchemar d&rsquo;oppression et de d\u00e9mence.<\/p>\n<p>Entre hurlements et chuchotements, passant de portes closes \u00e0 des moments de silence p\u00e9rilleux, Kaoutar Harchi r\u00e9dige avec les mots de la trag\u00e9die et de la compassion le r\u00e9cit cruel de quelqu&rsquo;un qui tente de s&rsquo;inventer un ailleurs lumineux en dehors des contraintes impos\u00e9es par le groupe.<\/p>\n","protected":false},"excerpt":{"rendered":"<p>Enferm\u00e9e dans la \u00ab\u00a0maison des femmes,\u00a0\u00bb une fille cherche libert\u00e9 mais affronte l&rsquo;oppression paternelle, trag\u00e9die et compassion.<\/p>\n","protected":false},"featured_media":15440,"comment_status":"open","ping_status":"closed","template":"","meta":{"inline_featured_image":false},"product_cat":[204,143],"product_tag":[],"class_list":{"0":"post-15436","1":"product","2":"type-product","3":"status-publish","4":"has-post-thumbnail","6":"product_cat-francais","7":"product_cat-roman","8":"pa_auteurs-kawtar-harchi","10":"first","11":"instock","12":"shipping-taxable","13":"purchasable","14":"product-type-simple"},"_links":{"self":[{"href":"https:\/\/baralivres.ma\/index.php?rest_route=\/wp\/v2\/product\/15436","targetHints":{"allow":["GET"]}}],"collection":[{"href":"https:\/\/baralivres.ma\/index.php?rest_route=\/wp\/v2\/product"}],"about":[{"href":"https:\/\/baralivres.ma\/index.php?rest_route=\/wp\/v2\/types\/product"}],"replies":[{"embeddable":true,"href":"https:\/\/baralivres.ma\/index.php?rest_route=%2Fwp%2Fv2%2Fcomments&post=15436"}],"version-history":[{"count":1,"href":"https:\/\/baralivres.ma\/index.php?rest_route=\/wp\/v2\/product\/15436\/revisions"}],"predecessor-version":[{"id":15443,"href":"https:\/\/baralivres.ma\/index.php?rest_route=\/wp\/v2\/product\/15436\/revisions\/15443"}],"wp:featuredmedia":[{"embeddable":true,"href":"https:\/\/baralivres.ma\/index.php?rest_route=\/wp\/v2\/media\/15440"}],"wp:attachment":[{"href":"https:\/\/baralivres.ma\/index.php?rest_route=%2Fwp%2Fv2%2Fmedia&parent=15436"}],"wp:term":[{"taxonomy":"product_cat","embeddable":true,"href":"https:\/\/baralivres.ma\/index.php?rest_route=%2Fwp%2Fv2%2Fproduct_cat&post=15436"},{"taxonomy":"product_tag","embeddable":true,"href":"https:\/\/baralivres.ma\/index.php?rest_route=%2Fwp%2Fv2%2Fproduct_tag&post=15436"}],"curies":[{"name":"wp","href":"https:\/\/api.w.org\/{rel}","templated":true}]}}