{"id":15430,"date":"2023-10-27T15:54:47","date_gmt":"2023-10-27T14:54:47","guid":{"rendered":"https:\/\/baralivres.ma\/?post_type=product&#038;p=15430"},"modified":"2023-10-27T15:54:47","modified_gmt":"2023-10-27T14:54:47","slug":"connemara","status":"publish","type":"product","link":"https:\/\/baralivres.ma\/?product=connemara","title":{"rendered":"Connemara"},"content":{"rendered":"<p>H\u00e9l\u00e8ne, pr\u00e8s de la quarantaine, a une vie en apparence r\u00e9ussie, mais ressent une amertume pour ce qui aurait pu \u00eatre. Christophe, son ami d&rsquo;enfance, est rest\u00e9 dans leur petite ville, pr\u00e9f\u00e9rant la l\u00e9g\u00e8ret\u00e9 \u00e0 la prise de d\u00e9cisions. Leurs destins se croisent \u00e0 nouveau, \u00e9voquant des r\u00e9parations avec le pass\u00e9 et la possibilit\u00e9 d&rsquo;un nouveau d\u00e9part. \u00ab\u00a0Connemara\u00a0\u00bb relate cette qu\u00eate de r\u00e9demption et l&rsquo;\u00e9mergence d&rsquo;un amour malgr\u00e9 les obstacles, dans un pays marqu\u00e9 par les choix politiques et l&rsquo;h\u00e9ritage culturel.<\/p>\n","protected":false},"excerpt":{"rendered":"<p>H\u00e9l\u00e8ne r\u00e9ussie mais insatisfaite. Christophe simple, croit en de nouveaux d\u00e9parts. \u00ab\u00a0Connemara\u00a0\u00bb explore l&rsquo;amour et la r\u00e9demption.<\/p>\n","protected":false},"featured_media":15438,"comment_status":"open","ping_status":"closed","template":"","meta":{"inline_featured_image":false},"product_cat":[204,143],"product_tag":[],"class_list":{"0":"post-15430","1":"product","2":"type-product","3":"status-publish","4":"has-post-thumbnail","6":"product_cat-francais","7":"product_cat-roman","8":"pa_auteurs-nicolos-mathieu","10":"first","11":"instock","12":"shipping-taxable","13":"purchasable","14":"product-type-simple"},"_links":{"self":[{"href":"https:\/\/baralivres.ma\/index.php?rest_route=\/wp\/v2\/product\/15430","targetHints":{"allow":["GET"]}}],"collection":[{"href":"https:\/\/baralivres.ma\/index.php?rest_route=\/wp\/v2\/product"}],"about":[{"href":"https:\/\/baralivres.ma\/index.php?rest_route=\/wp\/v2\/types\/product"}],"replies":[{"embeddable":true,"href":"https:\/\/baralivres.ma\/index.php?rest_route=%2Fwp%2Fv2%2Fcomments&post=15430"}],"version-history":[{"count":1,"href":"https:\/\/baralivres.ma\/index.php?rest_route=\/wp\/v2\/product\/15430\/revisions"}],"predecessor-version":[{"id":15439,"href":"https:\/\/baralivres.ma\/index.php?rest_route=\/wp\/v2\/product\/15430\/revisions\/15439"}],"wp:featuredmedia":[{"embeddable":true,"href":"https:\/\/baralivres.ma\/index.php?rest_route=\/wp\/v2\/media\/15438"}],"wp:attachment":[{"href":"https:\/\/baralivres.ma\/index.php?rest_route=%2Fwp%2Fv2%2Fmedia&parent=15430"}],"wp:term":[{"taxonomy":"product_cat","embeddable":true,"href":"https:\/\/baralivres.ma\/index.php?rest_route=%2Fwp%2Fv2%2Fproduct_cat&post=15430"},{"taxonomy":"product_tag","embeddable":true,"href":"https:\/\/baralivres.ma\/index.php?rest_route=%2Fwp%2Fv2%2Fproduct_tag&post=15430"}],"curies":[{"name":"wp","href":"https:\/\/api.w.org\/{rel}","templated":true}]}}