{"id":15422,"date":"2023-10-27T15:49:07","date_gmt":"2023-10-27T14:49:07","guid":{"rendered":"https:\/\/baralivres.ma\/?post_type=product&#038;p=15422"},"modified":"2023-10-27T15:49:57","modified_gmt":"2023-10-27T14:49:57","slug":"comme-nous-existons","status":"publish","type":"product","link":"https:\/\/baralivres.ma\/?product=comme-nous-existons","title":{"rendered":"Comme nous existons"},"content":{"rendered":"<p>Ce r\u00e9cit explore le parcours \u00e9motionnel, intellectuel, et politique d&rsquo;une enfant issue de l&rsquo;immigration post-coloniale, n\u00e9e en 1987 dans l&rsquo;Est de la France. L&rsquo;autrice revisite son pass\u00e9 et les exp\u00e9riences qui ont fa\u00e7onn\u00e9 sa pens\u00e9e actuelle, ainsi que sa place dans la soci\u00e9t\u00e9. \u00c0 travers une enqu\u00eate intersectionnelle, Kaoutar Harchi, \u00e0 la fois narratrice et personnage de ce livre, partage ce que signifiait grandir dans les ann\u00e9es 1990 pour elle, dans son quartier, et au sein de sa famille aimante. Cependant, tout change lorsque ses parents d\u00e9cident soudainement de la mettre \u00e0 l&rsquo;abri, sans nommer clairement la menace, en l&rsquo;inscrivant dans un coll\u00e8ge catholique de l&rsquo;autre c\u00f4t\u00e9 de la ville. C&rsquo;est \u00e0 ce moment qu&rsquo;elle se trouve \u00e0 la crois\u00e9e des chemins.<\/p>\n<p>Apr\u00e8s avoir termin\u00e9 le lyc\u00e9e, Kaoutar Harchi s&rsquo;engage dans une formation intellectuelle critique, sans jamais renier ses origines et dans le but de mieux les comprendre. Cette formation lui permet aujourd&rsquo;hui de d\u00e9crire, dans ce texte engag\u00e9 anim\u00e9 par un d\u00e9sir de justice et d&rsquo;\u00e9galit\u00e9, les relations de pouvoir li\u00e9es \u00e0 la classe sociale, au genre, et \u00e0 la race, qui influencent profond\u00e9ment nos vies.<\/p>\n","protected":false},"excerpt":{"rendered":"<p>R\u00e9cit de Kaoutar Harchi, enfant d&rsquo;immigr\u00e9s post-coloniaux, explorant son cheminement intellectuel et politique intersectionnel.<\/p>\n","protected":false},"featured_media":15433,"comment_status":"open","ping_status":"closed","template":"","meta":{"inline_featured_image":false},"product_cat":[204,143],"product_tag":[],"class_list":{"0":"post-15422","1":"product","2":"type-product","3":"status-publish","4":"has-post-thumbnail","6":"product_cat-francais","7":"product_cat-roman","8":"pa_auteurs-kawtar-harchi","10":"first","11":"instock","12":"shipping-taxable","13":"purchasable","14":"product-type-simple"},"_links":{"self":[{"href":"https:\/\/baralivres.ma\/index.php?rest_route=\/wp\/v2\/product\/15422","targetHints":{"allow":["GET"]}}],"collection":[{"href":"https:\/\/baralivres.ma\/index.php?rest_route=\/wp\/v2\/product"}],"about":[{"href":"https:\/\/baralivres.ma\/index.php?rest_route=\/wp\/v2\/types\/product"}],"replies":[{"embeddable":true,"href":"https:\/\/baralivres.ma\/index.php?rest_route=%2Fwp%2Fv2%2Fcomments&post=15422"}],"version-history":[{"count":1,"href":"https:\/\/baralivres.ma\/index.php?rest_route=\/wp\/v2\/product\/15422\/revisions"}],"predecessor-version":[{"id":15435,"href":"https:\/\/baralivres.ma\/index.php?rest_route=\/wp\/v2\/product\/15422\/revisions\/15435"}],"wp:featuredmedia":[{"embeddable":true,"href":"https:\/\/baralivres.ma\/index.php?rest_route=\/wp\/v2\/media\/15433"}],"wp:attachment":[{"href":"https:\/\/baralivres.ma\/index.php?rest_route=%2Fwp%2Fv2%2Fmedia&parent=15422"}],"wp:term":[{"taxonomy":"product_cat","embeddable":true,"href":"https:\/\/baralivres.ma\/index.php?rest_route=%2Fwp%2Fv2%2Fproduct_cat&post=15422"},{"taxonomy":"product_tag","embeddable":true,"href":"https:\/\/baralivres.ma\/index.php?rest_route=%2Fwp%2Fv2%2Fproduct_tag&post=15422"}],"curies":[{"name":"wp","href":"https:\/\/api.w.org\/{rel}","templated":true}]}}