{"id":15420,"date":"2023-10-27T15:45:06","date_gmt":"2023-10-27T14:45:06","guid":{"rendered":"https:\/\/baralivres.ma\/?post_type=product&#038;p=15420"},"modified":"2023-10-27T15:45:06","modified_gmt":"2023-10-27T14:45:06","slug":"avec-joie-et-docilite","status":"publish","type":"product","link":"https:\/\/baralivres.ma\/?product=avec-joie-et-docilite","title":{"rendered":"Avec joie et docilit\u00e9"},"content":{"rendered":"<p>Dans une Finlande du XXIe si\u00e8cle, la soci\u00e9t\u00e9 valorise la stabilit\u00e9 et la sant\u00e9 publique, interdisant tout plaisir sauf le sexe. Une sous-esp\u00e8ce humaine soumise a \u00e9t\u00e9 cr\u00e9\u00e9e pour cela. Les femmes ind\u00e9pendantes sont st\u00e9rilis\u00e9es et utilis\u00e9es comme main-d&rsquo;\u0153uvre. Vanna, malgr\u00e9 tout, parvient \u00e0 se cacher, mais sa dissimulation est fragile. Ce thriller dystopique de Johanna Sinisalo, dans la lign\u00e9e de \u00ab\u00a0Nous\u00a0\u00bb d&rsquo;Evgueni Zamiatine et du \u00ab\u00a0Meilleur des mondes\u00a0\u00bb d&rsquo;Aldous Huxley, explore les m\u00e9canismes de manipulation des masses et le r\u00f4le des femmes dans la soci\u00e9t\u00e9.<\/p>\n","protected":false},"excerpt":{"rendered":"<div class=\"flex-1 overflow-hidden\">\n<div class=\"react-scroll-to-bottom--css-iwlaj-79elbk h-full\">\n<div class=\"react-scroll-to-bottom--css-iwlaj-1n7m0yu\">\n<div class=\"flex flex-col text-sm gizmo:pb-9 dark:bg-gray-800 gizmo:dark:bg-transparent\">\n<div class=\"group w-full text-token-text-primary border-b border-black\/10 gizmo:border-0 dark:border-gray-900\/50 gizmo:dark:border-0 bg-gray-50 gizmo:bg-transparent dark:bg-[#444654] gizmo:dark:bg-transparent\" data-testid=\"conversation-turn-37\">\n<div class=\"p-4 gizmo:py-2 justify-center text-base md:gap-6 md:py-6 m-auto\">\n<div class=\"flex flex-1 gap-4 text-base mx-auto md:gap-6 gizmo:gap-3 gizmo:md:px-5 gizmo:lg:px-1 gizmo:xl:px-5 md:max-w-2xl lg:max-w-[38rem] gizmo:md:max-w-3xl gizmo:lg:max-w-[40rem] gizmo:xl:max-w-[48rem] xl:max-w-3xl }\">\n<div class=\"relative flex w-[calc(100%-50px)] flex-col gizmo:w-full lg:w-[calc(100%-115px)] agent-turn\">\n<div class=\"flex-col gap-1 md:gap-3\">\n<div class=\"flex flex-grow flex-col gap-3 max-w-full\">\n<div class=\"min-h-[20px] flex flex-col items-start gap-3 whitespace-pre-wrap break-words overflow-x-auto\" data-message-author-role=\"assistant\" data-message-id=\"f1afbbb3-8b83-4dcb-bea1-647db48b0c97\">\n<div class=\"markdown prose w-full break-words dark:prose-invert light\">\n<p>En Finlande future, plaisir interdit sauf sexe. Sous-esp\u00e8ce humaine soumise. Vanna lutte contre ce contr\u00f4le<\/p>\n<\/div>\n<\/div>\n<\/div>\n<\/div>\n<\/div>\n<\/div>\n<\/div>\n<\/div>\n<\/div>\n<\/div>\n<\/div>\n<\/div>\n","protected":false},"featured_media":15427,"comment_status":"open","ping_status":"closed","template":"","meta":{"inline_featured_image":false},"product_cat":[204,143],"product_tag":[],"class_list":{"0":"post-15420","1":"product","2":"type-product","3":"status-publish","4":"has-post-thumbnail","6":"product_cat-francais","7":"product_cat-roman","8":"pa_auteurs-johanna-sinisalo","10":"first","11":"instock","12":"shipping-taxable","13":"purchasable","14":"product-type-simple"},"_links":{"self":[{"href":"https:\/\/baralivres.ma\/index.php?rest_route=\/wp\/v2\/product\/15420","targetHints":{"allow":["GET"]}}],"collection":[{"href":"https:\/\/baralivres.ma\/index.php?rest_route=\/wp\/v2\/product"}],"about":[{"href":"https:\/\/baralivres.ma\/index.php?rest_route=\/wp\/v2\/types\/product"}],"replies":[{"embeddable":true,"href":"https:\/\/baralivres.ma\/index.php?rest_route=%2Fwp%2Fv2%2Fcomments&post=15420"}],"version-history":[{"count":2,"href":"https:\/\/baralivres.ma\/index.php?rest_route=\/wp\/v2\/product\/15420\/revisions"}],"predecessor-version":[{"id":15429,"href":"https:\/\/baralivres.ma\/index.php?rest_route=\/wp\/v2\/product\/15420\/revisions\/15429"}],"wp:featuredmedia":[{"embeddable":true,"href":"https:\/\/baralivres.ma\/index.php?rest_route=\/wp\/v2\/media\/15427"}],"wp:attachment":[{"href":"https:\/\/baralivres.ma\/index.php?rest_route=%2Fwp%2Fv2%2Fmedia&parent=15420"}],"wp:term":[{"taxonomy":"product_cat","embeddable":true,"href":"https:\/\/baralivres.ma\/index.php?rest_route=%2Fwp%2Fv2%2Fproduct_cat&post=15420"},{"taxonomy":"product_tag","embeddable":true,"href":"https:\/\/baralivres.ma\/index.php?rest_route=%2Fwp%2Fv2%2Fproduct_tag&post=15420"}],"curies":[{"name":"wp","href":"https:\/\/api.w.org\/{rel}","templated":true}]}}