{"id":15412,"date":"2023-10-27T15:43:19","date_gmt":"2023-10-27T14:43:19","guid":{"rendered":"https:\/\/baralivres.ma\/?post_type=product&#038;p=15412"},"modified":"2023-10-27T15:43:20","modified_gmt":"2023-10-27T14:43:20","slug":"thomas-pesquet-une-odyssee-francaise","status":"publish","type":"product","link":"https:\/\/baralivres.ma\/?product=thomas-pesquet-une-odyssee-francaise","title":{"rendered":"Thomas Pesquet, une odyss\u00e9e fran\u00e7aise"},"content":{"rendered":"<p>\u00ab\u00a0Tout au long de l&rsquo;histoire, l&rsquo;humanit\u00e9 a toujours cherch\u00e9 \u00e0 affronter des d\u00e9fis qui d\u00e9passent ses limites. C&rsquo;est en sortant de sa zone de confort que l&rsquo;apprentissage authentique se r\u00e9alise.\u00a0\u00bb M\u00eame en tant qu&rsquo;enfant, Thomas Pesquet jouait \u00e0 l&rsquo;astronaute dans une fus\u00e9e en carton fabriqu\u00e9e par son p\u00e8re. Ce livre d\u00e9voile le parcours m\u00e9connu de ce jeune prodige qui a travaill\u00e9 avec acharnement et passion pour devenir le plus jeune astronaute de l&rsquo;Agence spatiale europ\u00e9enne. Il dresse le portrait d&rsquo;un individu dou\u00e9, un symbole de la r\u00e9ussite fran\u00e7aise, qui a d\u00e9j\u00e0 effectu\u00e9 deux voyages de six mois \u00e0 bord de la Station spatiale internationale, dont l&rsquo;un en tant que premier commandant fran\u00e7ais de l&rsquo;histoire. C&rsquo;est l&rsquo;histoire incroyable d&rsquo;un homme qui a su rester humble et authentique, les pieds solidement ancr\u00e9s sur Terre tout en ayant la t\u00eate dans les \u00e9toiles.<\/p>\n","protected":false},"excerpt":{"rendered":"<p>L&rsquo;histoire de Thomas Pesquet, jeune prodige fran\u00e7ais, astronaute passionn\u00e9, d\u00e9fiant les limites, accomplissant deux missions spatiales.<\/p>\n","protected":false},"featured_media":15423,"comment_status":"open","ping_status":"closed","template":"","meta":{"inline_featured_image":false},"product_cat":[204,143],"product_tag":[],"class_list":{"0":"post-15412","1":"product","2":"type-product","3":"status-publish","4":"has-post-thumbnail","6":"product_cat-francais","7":"product_cat-roman","8":"pa_auteurs-denis-gandjou","10":"first","11":"instock","12":"shipping-taxable","13":"purchasable","14":"product-type-simple"},"_links":{"self":[{"href":"https:\/\/baralivres.ma\/index.php?rest_route=\/wp\/v2\/product\/15412","targetHints":{"allow":["GET"]}}],"collection":[{"href":"https:\/\/baralivres.ma\/index.php?rest_route=\/wp\/v2\/product"}],"about":[{"href":"https:\/\/baralivres.ma\/index.php?rest_route=\/wp\/v2\/types\/product"}],"replies":[{"embeddable":true,"href":"https:\/\/baralivres.ma\/index.php?rest_route=%2Fwp%2Fv2%2Fcomments&post=15412"}],"version-history":[{"count":1,"href":"https:\/\/baralivres.ma\/index.php?rest_route=\/wp\/v2\/product\/15412\/revisions"}],"predecessor-version":[{"id":15424,"href":"https:\/\/baralivres.ma\/index.php?rest_route=\/wp\/v2\/product\/15412\/revisions\/15424"}],"wp:featuredmedia":[{"embeddable":true,"href":"https:\/\/baralivres.ma\/index.php?rest_route=\/wp\/v2\/media\/15423"}],"wp:attachment":[{"href":"https:\/\/baralivres.ma\/index.php?rest_route=%2Fwp%2Fv2%2Fmedia&parent=15412"}],"wp:term":[{"taxonomy":"product_cat","embeddable":true,"href":"https:\/\/baralivres.ma\/index.php?rest_route=%2Fwp%2Fv2%2Fproduct_cat&post=15412"},{"taxonomy":"product_tag","embeddable":true,"href":"https:\/\/baralivres.ma\/index.php?rest_route=%2Fwp%2Fv2%2Fproduct_tag&post=15412"}],"curies":[{"name":"wp","href":"https:\/\/api.w.org\/{rel}","templated":true}]}}