{"id":15409,"date":"2023-10-27T15:38:16","date_gmt":"2023-10-27T14:38:16","guid":{"rendered":"https:\/\/baralivres.ma\/?post_type=product&#038;p=15409"},"modified":"2023-10-27T15:38:17","modified_gmt":"2023-10-27T14:38:17","slug":"lampleur-du-saccage","status":"publish","type":"product","link":"https:\/\/baralivres.ma\/?product=lampleur-du-saccage","title":{"rendered":"L&rsquo;Ampleur du saccage"},"content":{"rendered":"<p>Quatre hommes, condamn\u00e9s par le triste h\u00e9ritage d&rsquo;une r\u00e9pression sexuelle brutale qui avait s\u00e9vi trois d\u00e9cennies auparavant, et qui avait laiss\u00e9 une empreinte ind\u00e9l\u00e9bile de d\u00e9sespoir sur leurs vies, se retrouvent inextricablement li\u00e9s par les liens du sang. Ils entreprennent un voyage \u00e0 travers la M\u00e9diterran\u00e9e, o\u00f9, sous le ciel alg\u00e9rien, le dernier chapitre de leur trag\u00e9die sans consolation prend forme.<\/p>\n","protected":false},"excerpt":{"rendered":"<p>Quatre hommes, marqu\u00e9s par une r\u00e9pression sexuelle pass\u00e9e, li\u00e9s par le sang, traversent la M\u00e9diterran\u00e9e vers l&rsquo;Alg\u00e9rie.<\/p>\n","protected":false},"featured_media":15416,"comment_status":"open","ping_status":"closed","template":"","meta":{"inline_featured_image":false},"product_cat":[204,143],"product_tag":[],"class_list":{"0":"post-15409","1":"product","2":"type-product","3":"status-publish","4":"has-post-thumbnail","6":"product_cat-francais","7":"product_cat-roman","8":"pa_auteurs-kawtar-harchi","10":"first","11":"instock","12":"shipping-taxable","13":"purchasable","14":"product-type-simple"},"_links":{"self":[{"href":"https:\/\/baralivres.ma\/index.php?rest_route=\/wp\/v2\/product\/15409","targetHints":{"allow":["GET"]}}],"collection":[{"href":"https:\/\/baralivres.ma\/index.php?rest_route=\/wp\/v2\/product"}],"about":[{"href":"https:\/\/baralivres.ma\/index.php?rest_route=\/wp\/v2\/types\/product"}],"replies":[{"embeddable":true,"href":"https:\/\/baralivres.ma\/index.php?rest_route=%2Fwp%2Fv2%2Fcomments&post=15409"}],"version-history":[{"count":1,"href":"https:\/\/baralivres.ma\/index.php?rest_route=\/wp\/v2\/product\/15409\/revisions"}],"predecessor-version":[{"id":15419,"href":"https:\/\/baralivres.ma\/index.php?rest_route=\/wp\/v2\/product\/15409\/revisions\/15419"}],"wp:featuredmedia":[{"embeddable":true,"href":"https:\/\/baralivres.ma\/index.php?rest_route=\/wp\/v2\/media\/15416"}],"wp:attachment":[{"href":"https:\/\/baralivres.ma\/index.php?rest_route=%2Fwp%2Fv2%2Fmedia&parent=15409"}],"wp:term":[{"taxonomy":"product_cat","embeddable":true,"href":"https:\/\/baralivres.ma\/index.php?rest_route=%2Fwp%2Fv2%2Fproduct_cat&post=15409"},{"taxonomy":"product_tag","embeddable":true,"href":"https:\/\/baralivres.ma\/index.php?rest_route=%2Fwp%2Fv2%2Fproduct_tag&post=15409"}],"curies":[{"name":"wp","href":"https:\/\/api.w.org\/{rel}","templated":true}]}}