{"id":15407,"date":"2023-10-27T15:34:22","date_gmt":"2023-10-27T14:34:22","guid":{"rendered":"https:\/\/baralivres.ma\/?post_type=product&#038;p=15407"},"modified":"2023-10-27T15:35:12","modified_gmt":"2023-10-27T14:35:12","slug":"le-vertige-de-la-peur","status":"publish","type":"product","link":"https:\/\/baralivres.ma\/?product=le-vertige-de-la-peur","title":{"rendered":"Le vertige de la peur"},"content":{"rendered":"<p>Un lundi matin \u00e0 8 heures, plusieurs employ\u00e9s de la soci\u00e9t\u00e9 Cromwell Entertainment prennent l&rsquo;ascenseur pour se rendre \u00e0 leurs bureaux, qui se trouvent entre les 33e et 37e \u00e9tages d&rsquo;un gratte-ciel de New York. De mani\u00e8re \u00e9trange, la cabine ne s&rsquo;arr\u00eate pas et continue de monter, provoquant un incident m\u00e9canique tragique mais apparemment ordinaire. Cependant, le lendemain, un incident similaire se reproduit, suivi d&rsquo;un autre le mercredi. Une atmosph\u00e8re de peur s&rsquo;installe alors que les habitants de la ville h\u00e9sitent \u00e0 sortir de chez eux. Dans ce contexte, deux policiers d\u00e9sabus\u00e9s et une journaliste d\u00e9termin\u00e9e se lancent dans une course contre la montre pour r\u00e9soudre ces myst\u00e9rieux \u00e9v\u00e9nements avant l&rsquo;inauguration de la plus grande tour r\u00e9sidentielle de Manhattan.<\/p>\n","protected":false},"excerpt":{"rendered":"<p>S\u00e9rie d&rsquo;accidents d&rsquo;ascenseurs \u00e0 New York, provoquant panique, enqu\u00eate polici\u00e8re et journalisme avant inauguration d&rsquo;une tour.<\/p>\n","protected":false},"featured_media":15410,"comment_status":"open","ping_status":"closed","template":"","meta":{"inline_featured_image":false},"product_cat":[204,143],"product_tag":[],"class_list":{"0":"post-15407","1":"product","2":"type-product","3":"status-publish","4":"has-post-thumbnail","6":"product_cat-francais","7":"product_cat-roman","8":"pa_auteurs-linwood-barclay","10":"first","11":"instock","12":"shipping-taxable","13":"purchasable","14":"product-type-simple"},"_links":{"self":[{"href":"https:\/\/baralivres.ma\/index.php?rest_route=\/wp\/v2\/product\/15407","targetHints":{"allow":["GET"]}}],"collection":[{"href":"https:\/\/baralivres.ma\/index.php?rest_route=\/wp\/v2\/product"}],"about":[{"href":"https:\/\/baralivres.ma\/index.php?rest_route=\/wp\/v2\/types\/product"}],"replies":[{"embeddable":true,"href":"https:\/\/baralivres.ma\/index.php?rest_route=%2Fwp%2Fv2%2Fcomments&post=15407"}],"version-history":[{"count":1,"href":"https:\/\/baralivres.ma\/index.php?rest_route=\/wp\/v2\/product\/15407\/revisions"}],"predecessor-version":[{"id":15411,"href":"https:\/\/baralivres.ma\/index.php?rest_route=\/wp\/v2\/product\/15407\/revisions\/15411"}],"wp:featuredmedia":[{"embeddable":true,"href":"https:\/\/baralivres.ma\/index.php?rest_route=\/wp\/v2\/media\/15410"}],"wp:attachment":[{"href":"https:\/\/baralivres.ma\/index.php?rest_route=%2Fwp%2Fv2%2Fmedia&parent=15407"}],"wp:term":[{"taxonomy":"product_cat","embeddable":true,"href":"https:\/\/baralivres.ma\/index.php?rest_route=%2Fwp%2Fv2%2Fproduct_cat&post=15407"},{"taxonomy":"product_tag","embeddable":true,"href":"https:\/\/baralivres.ma\/index.php?rest_route=%2Fwp%2Fv2%2Fproduct_tag&post=15407"}],"curies":[{"name":"wp","href":"https:\/\/api.w.org\/{rel}","templated":true}]}}