{"id":15401,"date":"2023-10-27T15:30:55","date_gmt":"2023-10-27T14:30:55","guid":{"rendered":"https:\/\/baralivres.ma\/?post_type=product&#038;p=15401"},"modified":"2023-10-27T15:30:55","modified_gmt":"2023-10-27T14:30:55","slug":"nom","status":"publish","type":"product","link":"https:\/\/baralivres.ma\/?product=nom","title":{"rendered":"Nom"},"content":{"rendered":"<p>Mon programme politique pr\u00f4ne la r\u00e9forme de divers aspects du syst\u00e8me familial et juridique. Je propose l&rsquo;\u00e9limination de l&rsquo;h\u00e9ritage, de l&rsquo;obligation alimentaire entre g\u00e9n\u00e9rations, ainsi que la suppression de l&rsquo;autorit\u00e9 parentale. Je soutiens l&rsquo;abolition du mariage et l&rsquo;id\u00e9e que les enfants soient pris en charge par d&rsquo;autres que leurs parents d\u00e8s leur plus jeune \u00e2ge. De plus, je plaide en faveur de l&rsquo;abolition de la notion de filiation, du nom de famille, de la tutelle et de la minorit\u00e9. Je m&rsquo;oppose \u00e9galement au concept de patrimoine, au domicile, \u00e0 la nationalit\u00e9, et je souhaite la suppression de l&rsquo;\u00e9tat civil. Enfin, je propose la dissolution de la structure familiale traditionnelle, y compris la suppression de l&rsquo;enfance, si cela s&rsquo;av\u00e8re r\u00e9alisable.<\/p>\n","protected":false},"excerpt":{"rendered":"<p>R\u00e9forme radicale : suppression de l&rsquo;h\u00e9ritage, autorit\u00e9 parentale, mariage, filiation, tutelle, enfance, pour l&rsquo;abolition de la famille.<\/p>\n","protected":false},"featured_media":15404,"comment_status":"open","ping_status":"closed","template":"","meta":{"inline_featured_image":false},"product_cat":[204,143],"product_tag":[],"class_list":{"0":"post-15401","1":"product","2":"type-product","3":"status-publish","4":"has-post-thumbnail","6":"product_cat-francais","7":"product_cat-roman","8":"pa_auteurs-constance-debre","10":"first","11":"instock","12":"shipping-taxable","13":"purchasable","14":"product-type-simple"},"_links":{"self":[{"href":"https:\/\/baralivres.ma\/index.php?rest_route=\/wp\/v2\/product\/15401","targetHints":{"allow":["GET"]}}],"collection":[{"href":"https:\/\/baralivres.ma\/index.php?rest_route=\/wp\/v2\/product"}],"about":[{"href":"https:\/\/baralivres.ma\/index.php?rest_route=\/wp\/v2\/types\/product"}],"replies":[{"embeddable":true,"href":"https:\/\/baralivres.ma\/index.php?rest_route=%2Fwp%2Fv2%2Fcomments&post=15401"}],"version-history":[{"count":1,"href":"https:\/\/baralivres.ma\/index.php?rest_route=\/wp\/v2\/product\/15401\/revisions"}],"predecessor-version":[{"id":15405,"href":"https:\/\/baralivres.ma\/index.php?rest_route=\/wp\/v2\/product\/15401\/revisions\/15405"}],"wp:featuredmedia":[{"embeddable":true,"href":"https:\/\/baralivres.ma\/index.php?rest_route=\/wp\/v2\/media\/15404"}],"wp:attachment":[{"href":"https:\/\/baralivres.ma\/index.php?rest_route=%2Fwp%2Fv2%2Fmedia&parent=15401"}],"wp:term":[{"taxonomy":"product_cat","embeddable":true,"href":"https:\/\/baralivres.ma\/index.php?rest_route=%2Fwp%2Fv2%2Fproduct_cat&post=15401"},{"taxonomy":"product_tag","embeddable":true,"href":"https:\/\/baralivres.ma\/index.php?rest_route=%2Fwp%2Fv2%2Fproduct_tag&post=15401"}],"curies":[{"name":"wp","href":"https:\/\/api.w.org\/{rel}","templated":true}]}}