{"id":15394,"date":"2023-10-27T15:31:17","date_gmt":"2023-10-27T14:31:17","guid":{"rendered":"https:\/\/baralivres.ma\/?post_type=product&#038;p=15394"},"modified":"2023-10-27T15:31:18","modified_gmt":"2023-10-27T14:31:18","slug":"orange-amere","status":"publish","type":"product","link":"https:\/\/baralivres.ma\/?product=orange-amere","title":{"rendered":"Orange am\u00e8re"},"content":{"rendered":"<p>Lors du bapt\u00eame de Franny, la fille d&rsquo;un policier qu&rsquo;il conna\u00eet \u00e0 peine, Albert tombe sous le charme irr\u00e9sistible de Beverly, la m\u00e8re de l&rsquo;enfant au centre de toutes les attentions ce jour de 1964, au point d&rsquo;oublier sa propre femme et ses enfants. Albert et Beverly se marient par la suite et emm\u00e8nent leurs six enfants en Floride chaque \u00e9t\u00e9, formant ainsi une sorte de clan livr\u00e9 \u00e0 lui-m\u00eame. Cependant, leur bonheur est bris\u00e9 par un drame qui d\u00e9chire cette famille recompos\u00e9e.<\/p>\n<p>Des ann\u00e9es plus tard, Franny, devenue serveuse, a l&rsquo;opportunit\u00e9 de rencontrer un auteur v\u00e9n\u00e9r\u00e9 qu&rsquo;elle admire profond\u00e9ment. Apr\u00e8s \u00eatre devenue sa compagne, elle partage son histoire avec lui, qui d\u00e9cide de s&rsquo;en inspirer pour retrouver sa gloire litt\u00e9raire. Le succ\u00e8s immense de ce roman ram\u00e8ne \u00e0 la surface la trag\u00e9die familiale et ravive les cicatrices de cette famille dispers\u00e9e.<\/p>\n<p>Ann Patchett, une conteuse exceptionnelle dont la popularit\u00e9 aux \u00c9tats-Unis ne se d\u00e9ment jamais, nous offre un r\u00e9cit \u00e9mouvant et tendre sur l&rsquo;enfance et la p\u00e9rennit\u00e9 des liens familiaux.<\/p>\n","protected":false},"excerpt":{"rendered":"<p>Franny&rsquo;s baptism sparks a love story, leading to a tragic family drama, revealed through literature.<\/p>\n","protected":false},"featured_media":15402,"comment_status":"open","ping_status":"closed","template":"","meta":{"inline_featured_image":false},"product_cat":[204,143],"product_tag":[],"class_list":{"0":"post-15394","1":"product","2":"type-product","3":"status-publish","4":"has-post-thumbnail","6":"product_cat-francais","7":"product_cat-roman","8":"pa_auteurs-ann-patchett","10":"first","11":"instock","12":"shipping-taxable","13":"purchasable","14":"product-type-simple"},"_links":{"self":[{"href":"https:\/\/baralivres.ma\/index.php?rest_route=\/wp\/v2\/product\/15394","targetHints":{"allow":["GET"]}}],"collection":[{"href":"https:\/\/baralivres.ma\/index.php?rest_route=\/wp\/v2\/product"}],"about":[{"href":"https:\/\/baralivres.ma\/index.php?rest_route=\/wp\/v2\/types\/product"}],"replies":[{"embeddable":true,"href":"https:\/\/baralivres.ma\/index.php?rest_route=%2Fwp%2Fv2%2Fcomments&post=15394"}],"version-history":[{"count":1,"href":"https:\/\/baralivres.ma\/index.php?rest_route=\/wp\/v2\/product\/15394\/revisions"}],"predecessor-version":[{"id":15406,"href":"https:\/\/baralivres.ma\/index.php?rest_route=\/wp\/v2\/product\/15394\/revisions\/15406"}],"wp:featuredmedia":[{"embeddable":true,"href":"https:\/\/baralivres.ma\/index.php?rest_route=\/wp\/v2\/media\/15402"}],"wp:attachment":[{"href":"https:\/\/baralivres.ma\/index.php?rest_route=%2Fwp%2Fv2%2Fmedia&parent=15394"}],"wp:term":[{"taxonomy":"product_cat","embeddable":true,"href":"https:\/\/baralivres.ma\/index.php?rest_route=%2Fwp%2Fv2%2Fproduct_cat&post=15394"},{"taxonomy":"product_tag","embeddable":true,"href":"https:\/\/baralivres.ma\/index.php?rest_route=%2Fwp%2Fv2%2Fproduct_tag&post=15394"}],"curies":[{"name":"wp","href":"https:\/\/api.w.org\/{rel}","templated":true}]}}