{"id":15392,"date":"2023-10-27T15:26:56","date_gmt":"2023-10-27T14:26:56","guid":{"rendered":"https:\/\/baralivres.ma\/?post_type=product&#038;p=15392"},"modified":"2023-10-27T15:26:56","modified_gmt":"2023-10-27T14:26:56","slug":"amours-solitaires-amours-solitaires","status":"publish","type":"product","link":"https:\/\/baralivres.ma\/?product=amours-solitaires-amours-solitaires","title":{"rendered":"Amours Solitaires &#8211; : Amours solitaires"},"content":{"rendered":"<p>Autrefois, les amoureux se communiquaient \u00e0 travers des lettres, mais de nos jours, ils pr\u00e9f\u00e8rent s&rsquo;\u00e9changer des messages textuels. N\u00e9anmoins, la po\u00e9sie et l&rsquo;intimit\u00e9 ne se sont pas \u00e9vanouies dans cette transition. En cr\u00e9ant le compte Instagram @amours_solitaires, Morgane Ortin a r\u00e9uni des milliers de conversations intimes entre amoureux anonymes, regroupant des expressions douces, crues, \u00e9rotiques, humoristiques et piquantes. Parmi celles-ci, elle en a soigneusement s\u00e9lectionn\u00e9 278 pour tisser le r\u00e9cit d&rsquo;une histoire d&rsquo;amour que vous \u00eates sur le point de d\u00e9couvrir.<\/p>\n","protected":false},"excerpt":{"rendered":"<p>Morgane Ortin collecte conversations intimes amoureux anonymes sur Instagram, composant ainsi une histoire d&rsquo;amour unique.<\/p>\n","protected":false},"featured_media":15395,"comment_status":"open","ping_status":"closed","template":"","meta":{"inline_featured_image":false},"product_cat":[204,143],"product_tag":[],"class_list":{"0":"post-15392","1":"product","2":"type-product","3":"status-publish","4":"has-post-thumbnail","6":"product_cat-francais","7":"product_cat-roman","8":"pa_auteurs-morgane-ortin","10":"first","11":"instock","12":"shipping-taxable","13":"purchasable","14":"product-type-simple"},"_links":{"self":[{"href":"https:\/\/baralivres.ma\/index.php?rest_route=\/wp\/v2\/product\/15392","targetHints":{"allow":["GET"]}}],"collection":[{"href":"https:\/\/baralivres.ma\/index.php?rest_route=\/wp\/v2\/product"}],"about":[{"href":"https:\/\/baralivres.ma\/index.php?rest_route=\/wp\/v2\/types\/product"}],"replies":[{"embeddable":true,"href":"https:\/\/baralivres.ma\/index.php?rest_route=%2Fwp%2Fv2%2Fcomments&post=15392"}],"version-history":[{"count":1,"href":"https:\/\/baralivres.ma\/index.php?rest_route=\/wp\/v2\/product\/15392\/revisions"}],"predecessor-version":[{"id":15396,"href":"https:\/\/baralivres.ma\/index.php?rest_route=\/wp\/v2\/product\/15392\/revisions\/15396"}],"wp:featuredmedia":[{"embeddable":true,"href":"https:\/\/baralivres.ma\/index.php?rest_route=\/wp\/v2\/media\/15395"}],"wp:attachment":[{"href":"https:\/\/baralivres.ma\/index.php?rest_route=%2Fwp%2Fv2%2Fmedia&parent=15392"}],"wp:term":[{"taxonomy":"product_cat","embeddable":true,"href":"https:\/\/baralivres.ma\/index.php?rest_route=%2Fwp%2Fv2%2Fproduct_cat&post=15392"},{"taxonomy":"product_tag","embeddable":true,"href":"https:\/\/baralivres.ma\/index.php?rest_route=%2Fwp%2Fv2%2Fproduct_tag&post=15392"}],"curies":[{"name":"wp","href":"https:\/\/api.w.org\/{rel}","templated":true}]}}