{"id":15388,"date":"2023-10-27T15:24:57","date_gmt":"2023-10-27T14:24:57","guid":{"rendered":"https:\/\/baralivres.ma\/?post_type=product&#038;p=15388"},"modified":"2023-10-27T15:24:58","modified_gmt":"2023-10-27T14:24:58","slug":"tanger","status":"publish","type":"product","link":"https:\/\/baralivres.ma\/?product=tanger","title":{"rendered":"Tanger"},"content":{"rendered":"<p>Tanger, une vaste fresque romanesque impr\u00e9gn\u00e9e d&rsquo;intrigues, se d\u00e9roule au sein d&rsquo;une cit\u00e9 l\u00e9gendaire d&rsquo;Afrique du Nord. Pour les lecteurs, cette \u0153uvre pourrait \u00e9voquer Lawrence Durrell et son Quatuor d&rsquo;Alexandrie. Dans ce livre, Tanger ne se limite pas \u00e0 \u00eatre une simple destination touristique, elle devient le th\u00e9\u00e2tre de passions inhabituelles. Des Europ\u00e9ens de haut rang, des prostitu\u00e9s marocains, un couple de repentis nazis et divers d\u00e9cadents se livrent \u00e0 des rituels, rivalisent pour conqu\u00e9rir des amours magnifiques et s&rsquo;affirmer au sein de l&rsquo;\u00e9lite sociale. Le h\u00e9ros de cette histoire, un jeune et brillant inspecteur de police nomm\u00e9 Hamid Ouazzani, se trouve fascin\u00e9 par leurs manigances et leurs passions, tout en \u00e9tant r\u00e9volt\u00e9 par cette colonie d&rsquo;\u00e9trangers privil\u00e9gi\u00e9s. Il s&rsquo;efforce de comprendre cet enchev\u00eatrement de secrets. Finalement, il d\u00e9couvre la cl\u00e9 de cette \u00e9nigme en la personne de Kalinka, une belle Eurasienne dont il parvient \u00e0 d\u00e9chiffrer le pass\u00e9 myst\u00e9rieux. \u00c0 travers les yeux de cette jeune femme, il voit Tanger sous un jour nouveau. Publi\u00e9 en 1978 mais encore in\u00e9dit en France, Tanger aborde les th\u00e8mes du pouvoir et de la d\u00e9cadence morale, du choc culturel entre l&rsquo;Orient et l&rsquo;Occident, de la persistance de l&rsquo;esprit \u00ab\u00a0colonial\u00a0\u00bb chez les \u00ab\u00a0\u00e9trangers\u00a0\u00bb, et de la fin d&rsquo;un monde qui n&rsquo;anticipe pas l&rsquo;orage \u00e0 l&rsquo;horizon, comme le dit le proverbe. William Bayer, un ma\u00eetre du psychothriller, signe ici un roman d&rsquo;une profondeur \u00e9tonnante qui rappelle les chefs-d&rsquo;\u0153uvre de Graham Greene.<\/p>\n","protected":false},"excerpt":{"rendered":"<p>\u00c0 Tanger, Hamid Ouazzani enqu\u00eate sur des intrigues et des passions complexes impliquant des \u00e9trangers privil\u00e9gi\u00e9s.<\/p>\n","protected":false},"featured_media":15389,"comment_status":"open","ping_status":"closed","template":"","meta":{"inline_featured_image":false},"product_cat":[204,143],"product_tag":[],"class_list":{"0":"post-15388","1":"product","2":"type-product","3":"status-publish","4":"has-post-thumbnail","6":"product_cat-francais","7":"product_cat-roman","8":"pa_auteurs-william-bayer","10":"first","11":"instock","12":"shipping-taxable","13":"purchasable","14":"product-type-simple"},"_links":{"self":[{"href":"https:\/\/baralivres.ma\/index.php?rest_route=\/wp\/v2\/product\/15388","targetHints":{"allow":["GET"]}}],"collection":[{"href":"https:\/\/baralivres.ma\/index.php?rest_route=\/wp\/v2\/product"}],"about":[{"href":"https:\/\/baralivres.ma\/index.php?rest_route=\/wp\/v2\/types\/product"}],"replies":[{"embeddable":true,"href":"https:\/\/baralivres.ma\/index.php?rest_route=%2Fwp%2Fv2%2Fcomments&post=15388"}],"version-history":[{"count":1,"href":"https:\/\/baralivres.ma\/index.php?rest_route=\/wp\/v2\/product\/15388\/revisions"}],"predecessor-version":[{"id":15393,"href":"https:\/\/baralivres.ma\/index.php?rest_route=\/wp\/v2\/product\/15388\/revisions\/15393"}],"wp:featuredmedia":[{"embeddable":true,"href":"https:\/\/baralivres.ma\/index.php?rest_route=\/wp\/v2\/media\/15389"}],"wp:attachment":[{"href":"https:\/\/baralivres.ma\/index.php?rest_route=%2Fwp%2Fv2%2Fmedia&parent=15388"}],"wp:term":[{"taxonomy":"product_cat","embeddable":true,"href":"https:\/\/baralivres.ma\/index.php?rest_route=%2Fwp%2Fv2%2Fproduct_cat&post=15388"},{"taxonomy":"product_tag","embeddable":true,"href":"https:\/\/baralivres.ma\/index.php?rest_route=%2Fwp%2Fv2%2Fproduct_tag&post=15388"}],"curies":[{"name":"wp","href":"https:\/\/api.w.org\/{rel}","templated":true}]}}