{"id":15387,"date":"2023-10-27T15:24:01","date_gmt":"2023-10-27T14:24:01","guid":{"rendered":"https:\/\/baralivres.ma\/?post_type=product&#038;p=15387"},"modified":"2023-10-27T15:24:02","modified_gmt":"2023-10-27T14:24:02","slug":"pablo-escobar-mon-pere","status":"publish","type":"product","link":"https:\/\/baralivres.ma\/?product=pablo-escobar-mon-pere","title":{"rendered":"Pablo Escobar, mon p\u00e8re"},"content":{"rendered":"<p>Bien que de nombreuses personnes aient d\u00e9j\u00e0 pens\u00e9 avoir explor\u00e9 tous les aspects de la vie de Pablo Escobar, le c\u00e9l\u00e8bre trafiquant de drogue consid\u00e9r\u00e9 comme le plus influent de tous les temps, elles n&rsquo;avaient pas anticip\u00e9 le r\u00e9cit que son fils nous offre maintenant, plus de vingt ans apr\u00e8s une traque m\u00e9morable qui a marqu\u00e9 l&rsquo;histoire. Ce t\u00e9moignage nous plonge dans un portrait intime et complexe de cet homme paradoxal. Pablo Escobar \u00e9tait \u00e0 la fois un individu g\u00e9n\u00e9reux et un p\u00e8re de famille aimant, tout en \u00e9tant capable d&rsquo;une violence et d&rsquo;une cruaut\u00e9 exceptionnelles. Tour \u00e0 tour salu\u00e9 comme un h\u00e9ros populaire \u00e0 la Robin des Bois et redout\u00e9 en tant que chef impitoyable du redoutable Cartel de Medell\u00edn. Ayant laiss\u00e9 derri\u00e8re lui toute rancune et toute culpabilit\u00e9, Escobar Junior ne cherche pas la r\u00e9demption, mais plut\u00f4t \u00e0 partager sa perspective \u00e9clair\u00e9e sur les cons\u00e9quences de la violence, dans l&rsquo;espoir d&rsquo;y mettre fin une fois pour toutes.<\/p>\n","protected":false},"excerpt":{"rendered":"<p>Fils de Pablo Escobar partage v\u00e9rit\u00e9 complexe : g\u00e9n\u00e9rosit\u00e9, cruaut\u00e9, h\u00e9ros et criminel, explorant cons\u00e9quences de la violence.<\/p>\n","protected":false},"featured_media":15390,"comment_status":"open","ping_status":"closed","template":"","meta":{"inline_featured_image":false},"product_cat":[204,143],"product_tag":[],"class_list":{"0":"post-15387","1":"product","2":"type-product","3":"status-publish","4":"has-post-thumbnail","6":"product_cat-francais","7":"product_cat-roman","8":"pa_auteurs-juan-pablo-escobar","10":"first","11":"instock","12":"shipping-taxable","13":"purchasable","14":"product-type-simple"},"_links":{"self":[{"href":"https:\/\/baralivres.ma\/index.php?rest_route=\/wp\/v2\/product\/15387","targetHints":{"allow":["GET"]}}],"collection":[{"href":"https:\/\/baralivres.ma\/index.php?rest_route=\/wp\/v2\/product"}],"about":[{"href":"https:\/\/baralivres.ma\/index.php?rest_route=\/wp\/v2\/types\/product"}],"replies":[{"embeddable":true,"href":"https:\/\/baralivres.ma\/index.php?rest_route=%2Fwp%2Fv2%2Fcomments&post=15387"}],"version-history":[{"count":1,"href":"https:\/\/baralivres.ma\/index.php?rest_route=\/wp\/v2\/product\/15387\/revisions"}],"predecessor-version":[{"id":15391,"href":"https:\/\/baralivres.ma\/index.php?rest_route=\/wp\/v2\/product\/15387\/revisions\/15391"}],"wp:featuredmedia":[{"embeddable":true,"href":"https:\/\/baralivres.ma\/index.php?rest_route=\/wp\/v2\/media\/15390"}],"wp:attachment":[{"href":"https:\/\/baralivres.ma\/index.php?rest_route=%2Fwp%2Fv2%2Fmedia&parent=15387"}],"wp:term":[{"taxonomy":"product_cat","embeddable":true,"href":"https:\/\/baralivres.ma\/index.php?rest_route=%2Fwp%2Fv2%2Fproduct_cat&post=15387"},{"taxonomy":"product_tag","embeddable":true,"href":"https:\/\/baralivres.ma\/index.php?rest_route=%2Fwp%2Fv2%2Fproduct_tag&post=15387"}],"curies":[{"name":"wp","href":"https:\/\/api.w.org\/{rel}","templated":true}]}}