{"id":15367,"date":"2023-10-27T15:12:17","date_gmt":"2023-10-27T14:12:17","guid":{"rendered":"https:\/\/baralivres.ma\/?post_type=product&#038;p=15367"},"modified":"2023-10-27T15:12:17","modified_gmt":"2023-10-27T14:12:17","slug":"nous-revions-juste-de-liberte","status":"publish","type":"product","link":"https:\/\/baralivres.ma\/?product=nous-revions-juste-de-liberte","title":{"rendered":"Nous r\u00eavions juste de libert\u00e9"},"content":{"rendered":"<p>Dans un endroit qu&rsquo;ils appellent Providence, Hugo et sa bande, surnomm\u00e9e Bohem, se retrouvent confront\u00e9s \u00e0 un avenir incertain. Pour \u00e9chapper \u00e0 cette incertitude et poursuivre leurs r\u00eaves de libert\u00e9, ces individus audacieux se lancent dans un p\u00e9riple \u00e0 travers le pays, sans craindre les obstacles qui se dressent sur leur chemin. Ils sont guid\u00e9s dans leur qu\u00eate d&rsquo;\u00e9mancipation par trois valeurs essentielles : la loyaut\u00e9, l&rsquo;honneur et le respect. Tout au long de leur voyage, Bohem et ses compagnons vivront une s\u00e9rie d&rsquo;exp\u00e9riences, \u00e0 la fois magnifiques et d\u00e9cadentes, qui les transformeront. \u00c0 l&rsquo;issue de cette initiation, ils entrevoient un horizon : la libert\u00e9. La question qui les anime tout au long de ce p\u00e9riple est la suivante : \u00ab\u00a0Jusqu&rsquo;o\u00f9 seriez-vous pr\u00eats \u00e0 aller par amour de la libert\u00e9 ?\u00a0\u00bb<\/p>\n","protected":false},"excerpt":{"rendered":"<p>Hugo&rsquo;s Bohem gang embarks on a transformative journey for freedom, guided by loyalty, honor, and respect.<\/p>\n","protected":false},"featured_media":15371,"comment_status":"open","ping_status":"closed","template":"","meta":{"inline_featured_image":false},"product_cat":[204,143],"product_tag":[],"class_list":{"0":"post-15367","1":"product","2":"type-product","3":"status-publish","4":"has-post-thumbnail","6":"product_cat-francais","7":"product_cat-roman","8":"pa_auteurs-henri-loevenbruck","10":"first","11":"instock","12":"shipping-taxable","13":"purchasable","14":"product-type-simple"},"_links":{"self":[{"href":"https:\/\/baralivres.ma\/index.php?rest_route=\/wp\/v2\/product\/15367","targetHints":{"allow":["GET"]}}],"collection":[{"href":"https:\/\/baralivres.ma\/index.php?rest_route=\/wp\/v2\/product"}],"about":[{"href":"https:\/\/baralivres.ma\/index.php?rest_route=\/wp\/v2\/types\/product"}],"replies":[{"embeddable":true,"href":"https:\/\/baralivres.ma\/index.php?rest_route=%2Fwp%2Fv2%2Fcomments&post=15367"}],"version-history":[{"count":1,"href":"https:\/\/baralivres.ma\/index.php?rest_route=\/wp\/v2\/product\/15367\/revisions"}],"predecessor-version":[{"id":15372,"href":"https:\/\/baralivres.ma\/index.php?rest_route=\/wp\/v2\/product\/15367\/revisions\/15372"}],"wp:featuredmedia":[{"embeddable":true,"href":"https:\/\/baralivres.ma\/index.php?rest_route=\/wp\/v2\/media\/15371"}],"wp:attachment":[{"href":"https:\/\/baralivres.ma\/index.php?rest_route=%2Fwp%2Fv2%2Fmedia&parent=15367"}],"wp:term":[{"taxonomy":"product_cat","embeddable":true,"href":"https:\/\/baralivres.ma\/index.php?rest_route=%2Fwp%2Fv2%2Fproduct_cat&post=15367"},{"taxonomy":"product_tag","embeddable":true,"href":"https:\/\/baralivres.ma\/index.php?rest_route=%2Fwp%2Fv2%2Fproduct_tag&post=15367"}],"curies":[{"name":"wp","href":"https:\/\/api.w.org\/{rel}","templated":true}]}}