{"id":15364,"date":"2023-10-27T15:11:53","date_gmt":"2023-10-27T14:11:53","guid":{"rendered":"https:\/\/baralivres.ma\/?post_type=product&#038;p=15364"},"modified":"2023-10-27T15:11:53","modified_gmt":"2023-10-27T14:11:53","slug":"la-belle-de-casa","status":"publish","type":"product","link":"https:\/\/baralivres.ma\/?product=la-belle-de-casa","title":{"rendered":"La Belle de Casa"},"content":{"rendered":"<p>Qui aurait pu mettre fin \u00e0 la vie d&rsquo;Ichrak, cette femme magnifique, au c\u0153ur d&rsquo;une ruelle anim\u00e9e d&rsquo;un quartier populaire de Casablanca ? Cette audacieuse aux courbes envo\u00fbtantes, n\u00e9e sans p\u00e8re d&rsquo;une m\u00e8re un peu excentrique, refusait de se laisser ni s\u00e9duire ni importuner, ce qui aga\u00e7ait plus d&rsquo;un. Tous la d\u00e9siraient autant qu&rsquo;ils la redoutaient, \u00e0 l&rsquo;exception peut-\u00eatre de Sese, un clandestin r\u00e9cemment arriv\u00e9 de Kinshasa, devenu son ami et son partenaire dans des activit\u00e9s commerciales louches. Dans cette m\u00e9tropole du XXIe si\u00e8cle, o\u00f9 la puissance de l&rsquo;argent, la s\u00e9duction et le pouvoir r\u00e8gnent en ma\u00eetres, les suspects pullulent, que ce soient des escrocs chevronn\u00e9s, des individus brutaux ou de simples filous. Et m\u00eame l&rsquo;imp\u00e9tueux Chergui, ce vent violent venu du d\u00e9sert pour secouer les palmiers, d\u00e9molir les murs et ass\u00e9cher les larmes, ne semble pas pouvoir apaiser les esprits&#8230;<\/p>\n<p>Avec sa perspicacit\u00e9 tranchante et son humour incisif, In Koli Jean Bofane d\u00e9nonce la corruption dans l&rsquo;immobilier, la pr\u00e9carit\u00e9 des migrants et la concupiscence masculine. \u00c0 travers son talent de conteur, sa ma\u00eetrise du dialogue et de la caract\u00e9risation, il secoue avec entrain une r\u00e9alit\u00e9 contemporaine accablante, d\u00e9peignant la truculence du d\u00e9sespoir.<\/p>\n","protected":false},"excerpt":{"rendered":"<p>Meurtre d&rsquo;Ichrak, femme s\u00e9duisante \u00e0 Casablanca, suspects vari\u00e9s, corruption, migrants, masculinit\u00e9, vent du d\u00e9sert, d\u00e9nonciation.<\/p>\n","protected":false},"featured_media":15368,"comment_status":"open","ping_status":"closed","template":"","meta":{"inline_featured_image":false},"product_cat":[204,143],"product_tag":[],"class_list":{"0":"post-15364","1":"product","2":"type-product","3":"status-publish","4":"has-post-thumbnail","6":"product_cat-francais","7":"product_cat-roman","8":"pa_auteurs-in-koli-jean-bofan","10":"first","11":"instock","12":"shipping-taxable","13":"purchasable","14":"product-type-simple"},"_links":{"self":[{"href":"https:\/\/baralivres.ma\/index.php?rest_route=\/wp\/v2\/product\/15364","targetHints":{"allow":["GET"]}}],"collection":[{"href":"https:\/\/baralivres.ma\/index.php?rest_route=\/wp\/v2\/product"}],"about":[{"href":"https:\/\/baralivres.ma\/index.php?rest_route=\/wp\/v2\/types\/product"}],"replies":[{"embeddable":true,"href":"https:\/\/baralivres.ma\/index.php?rest_route=%2Fwp%2Fv2%2Fcomments&post=15364"}],"version-history":[{"count":1,"href":"https:\/\/baralivres.ma\/index.php?rest_route=\/wp\/v2\/product\/15364\/revisions"}],"predecessor-version":[{"id":15370,"href":"https:\/\/baralivres.ma\/index.php?rest_route=\/wp\/v2\/product\/15364\/revisions\/15370"}],"wp:featuredmedia":[{"embeddable":true,"href":"https:\/\/baralivres.ma\/index.php?rest_route=\/wp\/v2\/media\/15368"}],"wp:attachment":[{"href":"https:\/\/baralivres.ma\/index.php?rest_route=%2Fwp%2Fv2%2Fmedia&parent=15364"}],"wp:term":[{"taxonomy":"product_cat","embeddable":true,"href":"https:\/\/baralivres.ma\/index.php?rest_route=%2Fwp%2Fv2%2Fproduct_cat&post=15364"},{"taxonomy":"product_tag","embeddable":true,"href":"https:\/\/baralivres.ma\/index.php?rest_route=%2Fwp%2Fv2%2Fproduct_tag&post=15364"}],"curies":[{"name":"wp","href":"https:\/\/api.w.org\/{rel}","templated":true}]}}