{"id":15361,"date":"2023-10-27T15:09:30","date_gmt":"2023-10-27T14:09:30","guid":{"rendered":"https:\/\/baralivres.ma\/?post_type=product&#038;p=15361"},"modified":"2023-10-27T15:09:31","modified_gmt":"2023-10-27T14:09:31","slug":"jirai-tuer-pour-vous","status":"publish","type":"product","link":"https:\/\/baralivres.ma\/?product=jirai-tuer-pour-vous","title":{"rendered":"J&rsquo;irai tuer pour vous"},"content":{"rendered":"<p>En 1985, au milieu des attaques terroristes \u00e0 Paris, Marc Masson, un d\u00e9serteur, est contraint de revenir en France. Recrut\u00e9 par la DGSE, il exerce officiellement en tant qu&rsquo;agent externe, mais secr\u00e8tement, il devient un assassin au service de l&rsquo;\u00c9tat. Alors que tous les services de renseignement se concentrent sur la situation au Liban, les informations les plus d\u00e9licates sont parfois entre les mains d&rsquo;une seule personne. Jusqu&rsquo;o\u00f9 sont pr\u00eats \u00e0 aller ces serviteurs qui portent seuls le fardeau des actions obscures dict\u00e9es par la raison d&rsquo;\u00c9tat ? Et dans quelle mesure la R\u00e9publique est-elle pr\u00eate \u00e0 les soutenir ? De champs de bataille en passant par l&rsquo;\u00c9lys\u00e9e, des cellules terroristes jusqu&rsquo;aux bureaux de la DGSE, Henri Loevenbruck relate un chapitre de l&rsquo;histoire de la France, dont l&rsquo;impact r\u00e9sonne particuli\u00e8rement aujourd&rsquo;hui, \u00e0 travers un r\u00e9cit palpitant et tendu.<\/p>\n","protected":false},"excerpt":{"rendered":"<p>Marc Masson, recrut\u00e9 par la DGSE en 1985, devient assassin d&rsquo;\u00c9tat dans un contexte de terrorisme en France.<\/p>\n","protected":false},"featured_media":15365,"comment_status":"open","ping_status":"closed","template":"","meta":{"inline_featured_image":false},"product_cat":[204,143],"product_tag":[],"class_list":{"0":"post-15361","1":"product","2":"type-product","3":"status-publish","4":"has-post-thumbnail","6":"product_cat-francais","7":"product_cat-roman","8":"pa_auteurs-henri-loevenbruck","10":"first","11":"instock","12":"shipping-taxable","13":"purchasable","14":"product-type-simple"},"_links":{"self":[{"href":"https:\/\/baralivres.ma\/index.php?rest_route=\/wp\/v2\/product\/15361","targetHints":{"allow":["GET"]}}],"collection":[{"href":"https:\/\/baralivres.ma\/index.php?rest_route=\/wp\/v2\/product"}],"about":[{"href":"https:\/\/baralivres.ma\/index.php?rest_route=\/wp\/v2\/types\/product"}],"replies":[{"embeddable":true,"href":"https:\/\/baralivres.ma\/index.php?rest_route=%2Fwp%2Fv2%2Fcomments&post=15361"}],"version-history":[{"count":1,"href":"https:\/\/baralivres.ma\/index.php?rest_route=\/wp\/v2\/product\/15361\/revisions"}],"predecessor-version":[{"id":15366,"href":"https:\/\/baralivres.ma\/index.php?rest_route=\/wp\/v2\/product\/15361\/revisions\/15366"}],"wp:featuredmedia":[{"embeddable":true,"href":"https:\/\/baralivres.ma\/index.php?rest_route=\/wp\/v2\/media\/15365"}],"wp:attachment":[{"href":"https:\/\/baralivres.ma\/index.php?rest_route=%2Fwp%2Fv2%2Fmedia&parent=15361"}],"wp:term":[{"taxonomy":"product_cat","embeddable":true,"href":"https:\/\/baralivres.ma\/index.php?rest_route=%2Fwp%2Fv2%2Fproduct_cat&post=15361"},{"taxonomy":"product_tag","embeddable":true,"href":"https:\/\/baralivres.ma\/index.php?rest_route=%2Fwp%2Fv2%2Fproduct_tag&post=15361"}],"curies":[{"name":"wp","href":"https:\/\/api.w.org\/{rel}","templated":true}]}}