{"id":15353,"date":"2023-10-27T15:07:45","date_gmt":"2023-10-27T14:07:45","guid":{"rendered":"https:\/\/baralivres.ma\/?post_type=product&#038;p=15353"},"modified":"2023-10-27T15:07:46","modified_gmt":"2023-10-27T14:07:46","slug":"incendies","status":"publish","type":"product","link":"https:\/\/baralivres.ma\/?product=incendies","title":{"rendered":"Incendies"},"content":{"rendered":"<p>Quand le notaire Lebel lit le testament de leur m\u00e8re Nawal aux jumeaux Jeanne et Simon Marwan, il ravive en eux l&rsquo;\u00e9nigmatique r\u00e9cit de leur naissance : qui \u00e9tait leur p\u00e8re, et par quelles p\u00e9rip\u00e9ties ont-ils vu le jour loin de la terre natale de leur m\u00e8re ? En leur remettant \u00e0 chacun une enveloppe, l&rsquo;une destin\u00e9e \u00e0 un p\u00e8re qu&rsquo;ils pensaient d\u00e9c\u00e9d\u00e9 et l&rsquo;autre \u00e0 un fr\u00e8re dont ils ignoraient l&rsquo;existence, il les plonge dans la r\u00e9v\u00e9lation d&rsquo;un \u00e9v\u00e9nement irr\u00e9versible&#8230;<\/p>\n","protected":false},"excerpt":{"rendered":"<p>La lecture du testament par Lebel r\u00e9v\u00e8le \u00e0 Jeanne et Simon leur myst\u00e9rieuse origine, d\u00e9clenchant un bouleversement in\u00e9vitable.<\/p>\n","protected":false},"featured_media":15356,"comment_status":"open","ping_status":"closed","template":"","meta":{"inline_featured_image":false},"product_cat":[204,143],"product_tag":[],"class_list":{"0":"post-15353","1":"product","2":"type-product","3":"status-publish","4":"has-post-thumbnail","6":"product_cat-francais","7":"product_cat-roman","8":"pa_auteurs-wajdi-mouawad","10":"first","11":"instock","12":"shipping-taxable","13":"purchasable","14":"product-type-simple"},"_links":{"self":[{"href":"https:\/\/baralivres.ma\/index.php?rest_route=\/wp\/v2\/product\/15353","targetHints":{"allow":["GET"]}}],"collection":[{"href":"https:\/\/baralivres.ma\/index.php?rest_route=\/wp\/v2\/product"}],"about":[{"href":"https:\/\/baralivres.ma\/index.php?rest_route=\/wp\/v2\/types\/product"}],"replies":[{"embeddable":true,"href":"https:\/\/baralivres.ma\/index.php?rest_route=%2Fwp%2Fv2%2Fcomments&post=15353"}],"version-history":[{"count":2,"href":"https:\/\/baralivres.ma\/index.php?rest_route=\/wp\/v2\/product\/15353\/revisions"}],"predecessor-version":[{"id":15363,"href":"https:\/\/baralivres.ma\/index.php?rest_route=\/wp\/v2\/product\/15353\/revisions\/15363"}],"wp:featuredmedia":[{"embeddable":true,"href":"https:\/\/baralivres.ma\/index.php?rest_route=\/wp\/v2\/media\/15356"}],"wp:attachment":[{"href":"https:\/\/baralivres.ma\/index.php?rest_route=%2Fwp%2Fv2%2Fmedia&parent=15353"}],"wp:term":[{"taxonomy":"product_cat","embeddable":true,"href":"https:\/\/baralivres.ma\/index.php?rest_route=%2Fwp%2Fv2%2Fproduct_cat&post=15353"},{"taxonomy":"product_tag","embeddable":true,"href":"https:\/\/baralivres.ma\/index.php?rest_route=%2Fwp%2Fv2%2Fproduct_tag&post=15353"}],"curies":[{"name":"wp","href":"https:\/\/api.w.org\/{rel}","templated":true}]}}