{"id":15352,"date":"2023-10-27T15:06:38","date_gmt":"2023-10-27T14:06:38","guid":{"rendered":"https:\/\/baralivres.ma\/?post_type=product&#038;p=15352"},"modified":"2023-10-27T15:06:39","modified_gmt":"2023-10-27T14:06:39","slug":"un-espion-dhier-et-de-demain","status":"publish","type":"product","link":"https:\/\/baralivres.ma\/?product=un-espion-dhier-et-de-demain","title":{"rendered":"Un espion d&rsquo;hier et de demain"},"content":{"rendered":"<p>Silas Sibley, un jeune agent secret de la Compagnie, connu sous le surnom du Trieur, n&rsquo;avait aucune id\u00e9e que sa cr\u00e9ation d&rsquo;un nouveau syst\u00e8me d&rsquo;\u00e9coute t\u00e9l\u00e9phonique le conduirait \u00e0 d\u00e9voiler un complot qui avait le potentiel de perturber l&rsquo;\u00e9quilibre mondial fragile. Dans vingt-sept jours, une bombe nucl\u00e9aire est programm\u00e9e pour exploser \u00e0 T\u00e9h\u00e9ran, et les indices pointent vers un ordre provenant du minist\u00e8re de la Justice des \u00c9tats-Unis. Le compte \u00e0 rebours est d\u00e9sormais lanc\u00e9 pour la ville iranienne, ainsi que pour la vie de ce jeune Silas.<\/p>\n","protected":false},"excerpt":{"rendered":"<p>Silas Sibley, espion nomm\u00e9 le Trieur, d\u00e9couvre complot nucl\u00e9aire li\u00e9 au minist\u00e8re de la Justice am\u00e9ricain.<\/p>\n","protected":false},"featured_media":15358,"comment_status":"open","ping_status":"closed","template":"","meta":{"inline_featured_image":false},"product_cat":[204,143],"product_tag":[],"class_list":{"0":"post-15352","1":"product","2":"type-product","3":"status-publish","4":"has-post-thumbnail","6":"product_cat-francais","7":"product_cat-roman","8":"pa_auteurs-robert-littel","10":"first","11":"instock","12":"shipping-taxable","13":"purchasable","14":"product-type-simple"},"_links":{"self":[{"href":"https:\/\/baralivres.ma\/index.php?rest_route=\/wp\/v2\/product\/15352","targetHints":{"allow":["GET"]}}],"collection":[{"href":"https:\/\/baralivres.ma\/index.php?rest_route=\/wp\/v2\/product"}],"about":[{"href":"https:\/\/baralivres.ma\/index.php?rest_route=\/wp\/v2\/types\/product"}],"replies":[{"embeddable":true,"href":"https:\/\/baralivres.ma\/index.php?rest_route=%2Fwp%2Fv2%2Fcomments&post=15352"}],"version-history":[{"count":1,"href":"https:\/\/baralivres.ma\/index.php?rest_route=\/wp\/v2\/product\/15352\/revisions"}],"predecessor-version":[{"id":15360,"href":"https:\/\/baralivres.ma\/index.php?rest_route=\/wp\/v2\/product\/15352\/revisions\/15360"}],"wp:featuredmedia":[{"embeddable":true,"href":"https:\/\/baralivres.ma\/index.php?rest_route=\/wp\/v2\/media\/15358"}],"wp:attachment":[{"href":"https:\/\/baralivres.ma\/index.php?rest_route=%2Fwp%2Fv2%2Fmedia&parent=15352"}],"wp:term":[{"taxonomy":"product_cat","embeddable":true,"href":"https:\/\/baralivres.ma\/index.php?rest_route=%2Fwp%2Fv2%2Fproduct_cat&post=15352"},{"taxonomy":"product_tag","embeddable":true,"href":"https:\/\/baralivres.ma\/index.php?rest_route=%2Fwp%2Fv2%2Fproduct_tag&post=15352"}],"curies":[{"name":"wp","href":"https:\/\/api.w.org\/{rel}","templated":true}]}}