{"id":15338,"date":"2023-10-27T15:03:23","date_gmt":"2023-10-27T14:03:23","guid":{"rendered":"https:\/\/baralivres.ma\/?post_type=product&#038;p=15338"},"modified":"2023-10-27T15:03:24","modified_gmt":"2023-10-27T14:03:24","slug":"les-portes-du-paradis","status":"publish","type":"product","link":"https:\/\/baralivres.ma\/?product=les-portes-du-paradis","title":{"rendered":"Les Portes du paradis"},"content":{"rendered":"<p>Yacoub, un homme kowe\u00eftien dans la soixantaine, se consacre enti\u00e8rement \u00e0 la gestion de ses nombreuses et fructueuses entreprises. Sa femme, en raison de l&rsquo;usure de leur relation, comble le vide dans sa vie en succombant \u00e0 une consommation excessive. Cependant, malgr\u00e9 le luxe qui entoure leur famille, il est impossible d&rsquo;ignorer la douloureuse absence d&rsquo;Ahmad, leur plus jeune fils, qui a quitt\u00e9 sa famille pour rejoindre une organisation djihadiste en Syrie. Tout bascule lorsque Yacoub se rend compte qu&rsquo;il est attir\u00e9 de mani\u00e8re irr\u00e9versible et inattendue par l&rsquo;une de ses employ\u00e9es, une jeune femme d&rsquo;origine iranienne. Il se retrouve pris entre l&rsquo;inqui\u00e9tude pour le sort de son fils et l&rsquo;excitation que lui procure cette nouvelle relation naissante. Soudain, il apprend qu&rsquo;Ahmad est retenu en otage par un groupe terroriste rival qui demande une ran\u00e7on colossale&#8230;<\/p>\n<p>Ce roman captivant nous plonge profond\u00e9ment dans la vie quotidienne d&rsquo;une famille kowe\u00eftienne extr\u00eamement ais\u00e9e et soul\u00e8ve des questions sur le d\u00e9sir, les dynamiques familiales douloureuses et les motivations du djihadisme. \u00c0 travers les doutes qui assaillent cette figure patriarcale, contrainte de r\u00e9examiner sa vie et ses choix \u00e0 la lumi\u00e8re de changements inattendus, l&rsquo;auteur dresse le portrait d&rsquo;une soci\u00e9t\u00e9 contemporaine o\u00f9 les g\u00e9n\u00e9rations et les visions du monde s&rsquo;opposent.<\/p>\n","protected":false},"excerpt":{"rendered":"<p>Un riche Kowe\u00eftien confront\u00e9 \u00e0 l&rsquo;absence de son fils djihadiste trouve l&rsquo;amour, mais aussi le chaos.<\/p>\n","protected":false},"featured_media":15347,"comment_status":"open","ping_status":"closed","template":"","meta":{"inline_featured_image":false},"product_cat":[204,143],"product_tag":[],"class_list":{"0":"post-15338","1":"product","2":"type-product","3":"status-publish","4":"has-post-thumbnail","6":"product_cat-francais","7":"product_cat-roman","8":"pa_auteurs-taleb-alrefai","10":"first","11":"instock","12":"shipping-taxable","13":"purchasable","14":"product-type-simple"},"_links":{"self":[{"href":"https:\/\/baralivres.ma\/index.php?rest_route=\/wp\/v2\/product\/15338","targetHints":{"allow":["GET"]}}],"collection":[{"href":"https:\/\/baralivres.ma\/index.php?rest_route=\/wp\/v2\/product"}],"about":[{"href":"https:\/\/baralivres.ma\/index.php?rest_route=\/wp\/v2\/types\/product"}],"replies":[{"embeddable":true,"href":"https:\/\/baralivres.ma\/index.php?rest_route=%2Fwp%2Fv2%2Fcomments&post=15338"}],"version-history":[{"count":1,"href":"https:\/\/baralivres.ma\/index.php?rest_route=\/wp\/v2\/product\/15338\/revisions"}],"predecessor-version":[{"id":15349,"href":"https:\/\/baralivres.ma\/index.php?rest_route=\/wp\/v2\/product\/15338\/revisions\/15349"}],"wp:featuredmedia":[{"embeddable":true,"href":"https:\/\/baralivres.ma\/index.php?rest_route=\/wp\/v2\/media\/15347"}],"wp:attachment":[{"href":"https:\/\/baralivres.ma\/index.php?rest_route=%2Fwp%2Fv2%2Fmedia&parent=15338"}],"wp:term":[{"taxonomy":"product_cat","embeddable":true,"href":"https:\/\/baralivres.ma\/index.php?rest_route=%2Fwp%2Fv2%2Fproduct_cat&post=15338"},{"taxonomy":"product_tag","embeddable":true,"href":"https:\/\/baralivres.ma\/index.php?rest_route=%2Fwp%2Fv2%2Fproduct_tag&post=15338"}],"curies":[{"name":"wp","href":"https:\/\/api.w.org\/{rel}","templated":true}]}}