{"id":15336,"date":"2023-10-27T15:00:43","date_gmt":"2023-10-27T14:00:43","guid":{"rendered":"https:\/\/baralivres.ma\/?post_type=product&#038;p=15336"},"modified":"2023-10-27T15:00:44","modified_gmt":"2023-10-27T14:00:44","slug":"avant-que-le-monde-ne-se-ferme","status":"publish","type":"product","link":"https:\/\/baralivres.ma\/?product=avant-que-le-monde-ne-se-ferme","title":{"rendered":"Avant que le monde ne se ferme"},"content":{"rendered":"<p>Anton Torvath, un Tzigane originaire de la steppe kirghize, est un dresseur de chevaux qui a vu le jour peu apr\u00e8s la fin de la Premi\u00e8re Guerre mondiale. Son enfance se d\u00e9roula au sein d&rsquo;un cirque \u00e9clectique, o\u00f9 il grandit parmi un groupe h\u00e9t\u00e9roclite de jongleurs, trap\u00e9zistes et dompteurs. Surnomm\u00e9 le \u00ab\u00a0fils du vent,\u00a0\u00bb Anton traversa la premi\u00e8re moiti\u00e9 du \u00ab\u00a0si\u00e8cle des g\u00e9nocides,\u00a0\u00bb devenant \u00e0 la fois t\u00e9moin des actes de folie des \u00eatres humains et gardien de la m\u00e9moire d&rsquo;un peuple qui avait presque tout perdu de son histoire. Il entreprit un voyage en compagnie de Jag, un violoniste talentueux, de Simon, un m\u00e9decin philosophe, et de la myst\u00e9rieuse Yadia, une ancienne offici\u00e8re de l&rsquo;Arm\u00e9e rouge. Ensemble, ils arpent\u00e8rent une Europe o\u00f9 le bruit des bottes oppressait tout, sauf le souffle du vent.<\/p>\n","protected":false},"excerpt":{"rendered":"<p>Anton, a Kirghiz horse trainer born after WWI, journeys through a turbulent Europe, bearing witness to history.<\/p>\n","protected":false},"featured_media":15339,"comment_status":"open","ping_status":"closed","template":"","meta":{"inline_featured_image":false},"product_cat":[204,143],"product_tag":[],"class_list":{"0":"post-15336","1":"product","2":"type-product","3":"status-publish","4":"has-post-thumbnail","6":"product_cat-francais","7":"product_cat-roman","8":"pa_auteurs-alain-mascaro","10":"first","11":"instock","12":"shipping-taxable","13":"purchasable","14":"product-type-simple"},"_links":{"self":[{"href":"https:\/\/baralivres.ma\/index.php?rest_route=\/wp\/v2\/product\/15336","targetHints":{"allow":["GET"]}}],"collection":[{"href":"https:\/\/baralivres.ma\/index.php?rest_route=\/wp\/v2\/product"}],"about":[{"href":"https:\/\/baralivres.ma\/index.php?rest_route=\/wp\/v2\/types\/product"}],"replies":[{"embeddable":true,"href":"https:\/\/baralivres.ma\/index.php?rest_route=%2Fwp%2Fv2%2Fcomments&post=15336"}],"version-history":[{"count":1,"href":"https:\/\/baralivres.ma\/index.php?rest_route=\/wp\/v2\/product\/15336\/revisions"}],"predecessor-version":[{"id":15340,"href":"https:\/\/baralivres.ma\/index.php?rest_route=\/wp\/v2\/product\/15336\/revisions\/15340"}],"wp:featuredmedia":[{"embeddable":true,"href":"https:\/\/baralivres.ma\/index.php?rest_route=\/wp\/v2\/media\/15339"}],"wp:attachment":[{"href":"https:\/\/baralivres.ma\/index.php?rest_route=%2Fwp%2Fv2%2Fmedia&parent=15336"}],"wp:term":[{"taxonomy":"product_cat","embeddable":true,"href":"https:\/\/baralivres.ma\/index.php?rest_route=%2Fwp%2Fv2%2Fproduct_cat&post=15336"},{"taxonomy":"product_tag","embeddable":true,"href":"https:\/\/baralivres.ma\/index.php?rest_route=%2Fwp%2Fv2%2Fproduct_tag&post=15336"}],"curies":[{"name":"wp","href":"https:\/\/api.w.org\/{rel}","templated":true}]}}