{"id":15331,"date":"2023-10-27T14:58:48","date_gmt":"2023-10-27T13:58:48","guid":{"rendered":"https:\/\/baralivres.ma\/?post_type=product&#038;p=15331"},"modified":"2023-10-27T14:58:48","modified_gmt":"2023-10-27T13:58:48","slug":"casablanca-circus","status":"publish","type":"product","link":"https:\/\/baralivres.ma\/?product=casablanca-circus","title":{"rendered":"Casablanca Circus"},"content":{"rendered":"<p>L&rsquo;avenir du bidonville le plus ancien de Casablanca est en jeu, alors que les autorit\u00e9s au pouvoir cherchent \u00e0 d\u00e9placer ses habitants, pr\u00e9tendant les reloger \u00e0 plusieurs kilom\u00e8tres du centre-ville. Cette situation met en lumi\u00e8re les destins crois\u00e9s d&rsquo;un couple amoureux, d&rsquo;un jeune architecte et de sa femme historienne, alors que les enjeux politiques de cette affaire les divisent profond\u00e9ment et \u00e9branlent leurs convictions face aux complexit\u00e9s de l&rsquo;urbanisme, \u00e0 l&rsquo;impact de la mondialisation, \u00e0 la tentation du carri\u00e9risme, et surtout \u00e0 la red\u00e9finition des r\u00f4les masculins au sein des familles dans les pays du sud.<\/p>\n","protected":false},"excerpt":{"rendered":"<p>Destin du plus vieux bidonville de Casablanca, un couple, enjeux politiques, urbanisme, mondialisation, carri\u00e9risme, r\u00f4les masculins.<\/p>\n","protected":false},"featured_media":15333,"comment_status":"open","ping_status":"closed","template":"","meta":{"inline_featured_image":false},"product_cat":[204,143],"product_tag":[],"class_list":{"0":"post-15331","1":"product","2":"type-product","3":"status-publish","4":"has-post-thumbnail","6":"product_cat-francais","7":"product_cat-roman","8":"pa_auteurs-yasmine-chami","10":"first","11":"instock","12":"shipping-taxable","13":"purchasable","14":"product-type-simple"},"_links":{"self":[{"href":"https:\/\/baralivres.ma\/index.php?rest_route=\/wp\/v2\/product\/15331","targetHints":{"allow":["GET"]}}],"collection":[{"href":"https:\/\/baralivres.ma\/index.php?rest_route=\/wp\/v2\/product"}],"about":[{"href":"https:\/\/baralivres.ma\/index.php?rest_route=\/wp\/v2\/types\/product"}],"replies":[{"embeddable":true,"href":"https:\/\/baralivres.ma\/index.php?rest_route=%2Fwp%2Fv2%2Fcomments&post=15331"}],"version-history":[{"count":1,"href":"https:\/\/baralivres.ma\/index.php?rest_route=\/wp\/v2\/product\/15331\/revisions"}],"predecessor-version":[{"id":15337,"href":"https:\/\/baralivres.ma\/index.php?rest_route=\/wp\/v2\/product\/15331\/revisions\/15337"}],"wp:featuredmedia":[{"embeddable":true,"href":"https:\/\/baralivres.ma\/index.php?rest_route=\/wp\/v2\/media\/15333"}],"wp:attachment":[{"href":"https:\/\/baralivres.ma\/index.php?rest_route=%2Fwp%2Fv2%2Fmedia&parent=15331"}],"wp:term":[{"taxonomy":"product_cat","embeddable":true,"href":"https:\/\/baralivres.ma\/index.php?rest_route=%2Fwp%2Fv2%2Fproduct_cat&post=15331"},{"taxonomy":"product_tag","embeddable":true,"href":"https:\/\/baralivres.ma\/index.php?rest_route=%2Fwp%2Fv2%2Fproduct_tag&post=15331"}],"curies":[{"name":"wp","href":"https:\/\/api.w.org\/{rel}","templated":true}]}}