{"id":15328,"date":"2023-10-27T14:56:52","date_gmt":"2023-10-27T13:56:52","guid":{"rendered":"https:\/\/baralivres.ma\/?post_type=product&#038;p=15328"},"modified":"2023-10-27T14:56:52","modified_gmt":"2023-10-27T13:56:52","slug":"dahlia","status":"publish","type":"product","link":"https:\/\/baralivres.ma\/?product=dahlia","title":{"rendered":"Dahlia"},"content":{"rendered":"<p>Au d\u00e9but des ann\u00e9es 1990, dans le sud de la France, Lettie, une adolescente de quatorze ans, partage un mobile home avec sa m\u00e8re. Elle nourrit en secret le d\u00e9sir ardent de devenir quelqu&rsquo;un d&rsquo;autre. C&rsquo;est alors que Dahlia, une fille un peu singuli\u00e8re, entre dans sa vie, scellant une amiti\u00e9 passionn\u00e9e entre ces deux jeunes filles que tout semble opposer. Dahlia a deux jeunes fr\u00e8res, des parents bienveillants, et pour Lettie, le p\u00e8re de Dahlia incarne l&rsquo;homme id\u00e9al, celui qui lui a toujours fait d\u00e9faut. Chacune envie quelque chose de l&rsquo;autre, que ce soit la tranquillit\u00e9 ou la chaleur du foyer de l&rsquo;autre. Cependant, tout bascule le jour o\u00f9 Dahlia partage un secret troublant avec Lettie, un secret qu&rsquo;elle ne parvient pas \u00e0 garder. La famille de Dahlia sombre dans le chaos, et Lettie commence \u00e0 douter : et si Dahlia avait menti ?<\/p>\n","protected":false},"excerpt":{"rendered":"<p>Lettie et Dahlia, amies oppos\u00e9es, partagent des secrets, mais un mensonge d\u00e9truit leur amiti\u00e9 et famille.<\/p>\n","protected":false},"featured_media":15332,"comment_status":"open","ping_status":"closed","template":"","meta":{"inline_featured_image":false},"product_cat":[204,143],"product_tag":[],"class_list":{"0":"post-15328","1":"product","2":"type-product","3":"status-publish","4":"has-post-thumbnail","6":"product_cat-francais","7":"product_cat-roman","8":"pa_auteurs-delphine-bertholon","10":"first","11":"instock","12":"shipping-taxable","13":"purchasable","14":"product-type-simple"},"_links":{"self":[{"href":"https:\/\/baralivres.ma\/index.php?rest_route=\/wp\/v2\/product\/15328","targetHints":{"allow":["GET"]}}],"collection":[{"href":"https:\/\/baralivres.ma\/index.php?rest_route=\/wp\/v2\/product"}],"about":[{"href":"https:\/\/baralivres.ma\/index.php?rest_route=\/wp\/v2\/types\/product"}],"replies":[{"embeddable":true,"href":"https:\/\/baralivres.ma\/index.php?rest_route=%2Fwp%2Fv2%2Fcomments&post=15328"}],"version-history":[{"count":1,"href":"https:\/\/baralivres.ma\/index.php?rest_route=\/wp\/v2\/product\/15328\/revisions"}],"predecessor-version":[{"id":15334,"href":"https:\/\/baralivres.ma\/index.php?rest_route=\/wp\/v2\/product\/15328\/revisions\/15334"}],"wp:featuredmedia":[{"embeddable":true,"href":"https:\/\/baralivres.ma\/index.php?rest_route=\/wp\/v2\/media\/15332"}],"wp:attachment":[{"href":"https:\/\/baralivres.ma\/index.php?rest_route=%2Fwp%2Fv2%2Fmedia&parent=15328"}],"wp:term":[{"taxonomy":"product_cat","embeddable":true,"href":"https:\/\/baralivres.ma\/index.php?rest_route=%2Fwp%2Fv2%2Fproduct_cat&post=15328"},{"taxonomy":"product_tag","embeddable":true,"href":"https:\/\/baralivres.ma\/index.php?rest_route=%2Fwp%2Fv2%2Fproduct_tag&post=15328"}],"curies":[{"name":"wp","href":"https:\/\/api.w.org\/{rel}","templated":true}]}}