{"id":15317,"date":"2023-10-27T14:53:10","date_gmt":"2023-10-27T13:53:10","guid":{"rendered":"https:\/\/baralivres.ma\/?post_type=product&#038;p=15317"},"modified":"2023-10-27T14:53:11","modified_gmt":"2023-10-27T13:53:11","slug":"deserter","status":"publish","type":"product","link":"https:\/\/baralivres.ma\/?product=deserter","title":{"rendered":"D\u00e9serter"},"content":{"rendered":"<p>Dans un paysage m\u00e9diterran\u00e9en orageux qui \u00e9voque \u00e0 la fois la familiarit\u00e9 et l&rsquo;insaisissabilit\u00e9, en marge d&rsquo;un champ de bataille dont la localisation demeure incertaine, un soldat anonyme cherche \u00e0 \u00e9chapper \u00e0 sa propre violence. Le 11 septembre 2001, sur les rives de la Havel, \u00e0 proximit\u00e9 de Berlin, \u00e0 bord d&rsquo;un modeste navire de croisi\u00e8re, un colloque scientifique se penche sur le destin tragique de Paul Heudeber, un math\u00e9maticien est-allemand de g\u00e9nie, demeur\u00e9 fid\u00e8le \u00e0 son c\u00f4t\u00e9 du Mur de Berlin malgr\u00e9 l&rsquo;effondrement des id\u00e9ologies.<\/p>\n<p>La guerre, la d\u00e9sertion, l&rsquo;amour et l&rsquo;engagement&#8230; Dans son dernier roman, Mathias Enard, avec une \u00e9criture vive, concise, et empreinte de suspens, explore l&rsquo;impact de la guerre sur l&rsquo;intimit\u00e9 de nos vies.<\/p>\n","protected":false},"excerpt":{"rendered":"<p>Un soldat fuit sa violence, un colloque scientifique \u00e9voque un math\u00e9maticien allemand fid\u00e8le malgr\u00e9 le Mur de Berlin.<\/p>\n","protected":false},"featured_media":15326,"comment_status":"open","ping_status":"closed","template":"","meta":{"inline_featured_image":false},"product_cat":[204,143],"product_tag":[],"class_list":{"0":"post-15317","1":"product","2":"type-product","3":"status-publish","4":"has-post-thumbnail","6":"product_cat-francais","7":"product_cat-roman","8":"pa_auteurs-mathias-enard","10":"first","11":"instock","12":"shipping-taxable","13":"purchasable","14":"product-type-simple"},"_links":{"self":[{"href":"https:\/\/baralivres.ma\/index.php?rest_route=\/wp\/v2\/product\/15317","targetHints":{"allow":["GET"]}}],"collection":[{"href":"https:\/\/baralivres.ma\/index.php?rest_route=\/wp\/v2\/product"}],"about":[{"href":"https:\/\/baralivres.ma\/index.php?rest_route=\/wp\/v2\/types\/product"}],"replies":[{"embeddable":true,"href":"https:\/\/baralivres.ma\/index.php?rest_route=%2Fwp%2Fv2%2Fcomments&post=15317"}],"version-history":[{"count":1,"href":"https:\/\/baralivres.ma\/index.php?rest_route=\/wp\/v2\/product\/15317\/revisions"}],"predecessor-version":[{"id":15329,"href":"https:\/\/baralivres.ma\/index.php?rest_route=\/wp\/v2\/product\/15317\/revisions\/15329"}],"wp:featuredmedia":[{"embeddable":true,"href":"https:\/\/baralivres.ma\/index.php?rest_route=\/wp\/v2\/media\/15326"}],"wp:attachment":[{"href":"https:\/\/baralivres.ma\/index.php?rest_route=%2Fwp%2Fv2%2Fmedia&parent=15317"}],"wp:term":[{"taxonomy":"product_cat","embeddable":true,"href":"https:\/\/baralivres.ma\/index.php?rest_route=%2Fwp%2Fv2%2Fproduct_cat&post=15317"},{"taxonomy":"product_tag","embeddable":true,"href":"https:\/\/baralivres.ma\/index.php?rest_route=%2Fwp%2Fv2%2Fproduct_tag&post=15317"}],"curies":[{"name":"wp","href":"https:\/\/api.w.org\/{rel}","templated":true}]}}