{"id":15309,"date":"2023-10-27T14:49:11","date_gmt":"2023-10-27T13:49:11","guid":{"rendered":"https:\/\/baralivres.ma\/?post_type=product&#038;p=15309"},"modified":"2025-02-20T09:49:20","modified_gmt":"2025-02-20T08:49:20","slug":"les-plus-beaux-textes-de-khalil-gibran","status":"publish","type":"product","link":"https:\/\/baralivres.ma\/?product=les-plus-beaux-textes-de-khalil-gibran","title":{"rendered":"Les plus beaux textes de Khalil Gibran"},"content":{"rendered":"<p>\u00ab\u00a0Les enfants que vous avez ne vous appartiennent pas. Ils sont les produits de la Vie qui aspire \u00e0 elle-m\u00eame. Ils traversent votre existence, mais ne proviennent pas de vous. M\u00eame s&rsquo;ils sont pr\u00e9sents \u00e0 vos c\u00f4t\u00e9s, ils demeurent ind\u00e9pendants de vous.\u00a0\u00bb Ce passage est tir\u00e9 du livre \u00ab\u00a0Le Proph\u00e8te\u00a0\u00bb de Khalil Gibran, une \u0153uvre qui occupe une place pr\u00e9cieuse dans la litt\u00e9rature mondiale. Dans un style clair, inspirant et po\u00e9tique, l&rsquo;\u00e9minent \u00e9crivain libanais partage un message spirituel universel qui r\u00e9tablit la libert\u00e9 et la v\u00e9rit\u00e9 de chaque individu. En explorant des th\u00e8mes tels que l&rsquo;amour, l&rsquo;amiti\u00e9, le d\u00e9sir, la famille, la souffrance et la divinit\u00e9, Gibran nous guide vers une sagesse intemporelle et le bonheur authentique. Les \u00e9crits de Gibran, traduits dans quarante langues, sont des incontournables \u00e0 lire, relire et partager. Ils c\u00e9l\u00e8brent l&rsquo;amour et la vie, et doivent \u00eatre savour\u00e9s avec le c\u0153ur.<\/p>\n","protected":false},"excerpt":{"rendered":"<p>Les enfants, dons de la Vie selon Gibran, apportent libert\u00e9, v\u00e9rit\u00e9, sagesse et bonheur \u00e0 travers l&rsquo;amour universel.<\/p>\n","protected":false},"featured_media":15324,"comment_status":"open","ping_status":"closed","template":"","meta":{"inline_featured_image":false},"product_cat":[3725,3862,4214],"product_tag":[],"class_list":{"0":"post-15309","1":"product","2":"type-product","3":"status-publish","4":"has-post-thumbnail","6":"product_cat-litterature-religieuse","7":"product_cat-spiritualite","8":"product_cat-voyage-spirituel-pendant-le-ramadan","9":"pa_auteurs-khalil-gibran","11":"first","12":"instock","13":"shipping-taxable","14":"purchasable","15":"product-type-simple"},"_links":{"self":[{"href":"https:\/\/baralivres.ma\/index.php?rest_route=\/wp\/v2\/product\/15309","targetHints":{"allow":["GET"]}}],"collection":[{"href":"https:\/\/baralivres.ma\/index.php?rest_route=\/wp\/v2\/product"}],"about":[{"href":"https:\/\/baralivres.ma\/index.php?rest_route=\/wp\/v2\/types\/product"}],"replies":[{"embeddable":true,"href":"https:\/\/baralivres.ma\/index.php?rest_route=%2Fwp%2Fv2%2Fcomments&post=15309"}],"version-history":[{"count":1,"href":"https:\/\/baralivres.ma\/index.php?rest_route=\/wp\/v2\/product\/15309\/revisions"}],"predecessor-version":[{"id":15325,"href":"https:\/\/baralivres.ma\/index.php?rest_route=\/wp\/v2\/product\/15309\/revisions\/15325"}],"wp:featuredmedia":[{"embeddable":true,"href":"https:\/\/baralivres.ma\/index.php?rest_route=\/wp\/v2\/media\/15324"}],"wp:attachment":[{"href":"https:\/\/baralivres.ma\/index.php?rest_route=%2Fwp%2Fv2%2Fmedia&parent=15309"}],"wp:term":[{"taxonomy":"product_cat","embeddable":true,"href":"https:\/\/baralivres.ma\/index.php?rest_route=%2Fwp%2Fv2%2Fproduct_cat&post=15309"},{"taxonomy":"product_tag","embeddable":true,"href":"https:\/\/baralivres.ma\/index.php?rest_route=%2Fwp%2Fv2%2Fproduct_tag&post=15309"}],"curies":[{"name":"wp","href":"https:\/\/api.w.org\/{rel}","templated":true}]}}