{"id":15305,"date":"2023-10-27T14:41:05","date_gmt":"2023-10-27T13:41:05","guid":{"rendered":"https:\/\/baralivres.ma\/?post_type=product&#038;p=15305"},"modified":"2023-10-27T14:41:06","modified_gmt":"2023-10-27T13:41:06","slug":"retour-a-whistle-stop","status":"publish","type":"product","link":"https:\/\/baralivres.ma\/?product=retour-a-whistle-stop","title":{"rendered":"Retour \u00e0 Whistle Stop"},"content":{"rendered":"<p>Bud, ayant grandi \u00e0 Whistle Stop, une petite ville ferroviaire d&rsquo;Alabama, aux c\u00f4t\u00e9s de sa m\u00e8re Ruth et de sa tante Idgie, a partag\u00e9 avec elles la gestion du c\u00e9l\u00e8bre Whistle Stop Caf\u00e9, mondialement reconnu pour ses d\u00e9licieux beignets de tomates vertes. Cependant, l&rsquo;histoire a suivi son cours, la gare a ferm\u00e9, et Whistle Stop a sombr\u00e9 dans l&rsquo;oubli, devenant une ville d\u00e9serte. \u00c0 un \u00e2ge avanc\u00e9, Bud d\u00e9cide de revenir une derni\u00e8re fois dans cette ville qui fut le th\u00e9\u00e2tre de sa joie pass\u00e9e. Au fil de son voyage, il se lie d&rsquo;amiti\u00e9 avec de nouvelles personnes et d\u00e9couvre des r\u00e9v\u00e9lations surprenantes au sujet des individus qu&rsquo;il croyait conna\u00eetre \u00e0 fond. Tout comme le roman \u00ab\u00a0Beignets de tomates vertes\u00a0\u00bb, dont il est la suite, \u00ab\u00a0Retour \u00e0 Whistle Stop\u00a0\u00bb est une c\u00e9l\u00e9bration de la vie et de la magie du quotidien.<\/p>\n","protected":false},"excerpt":{"rendered":"<p>Bud retourne \u00e0 Whistle Stop, o\u00f9 il a grandi, red\u00e9couvrant la vie, l&rsquo;amiti\u00e9, et des secrets inattendus.<\/p>\n","protected":false},"featured_media":15310,"comment_status":"open","ping_status":"closed","template":"","meta":{"inline_featured_image":false},"product_cat":[204,143],"product_tag":[],"class_list":{"0":"post-15305","1":"product","2":"type-product","3":"status-publish","4":"has-post-thumbnail","6":"product_cat-francais","7":"product_cat-roman","8":"pa_auteurs-fannie-flagg","10":"first","11":"instock","12":"shipping-taxable","13":"purchasable","14":"product-type-simple"},"_links":{"self":[{"href":"https:\/\/baralivres.ma\/index.php?rest_route=\/wp\/v2\/product\/15305","targetHints":{"allow":["GET"]}}],"collection":[{"href":"https:\/\/baralivres.ma\/index.php?rest_route=\/wp\/v2\/product"}],"about":[{"href":"https:\/\/baralivres.ma\/index.php?rest_route=\/wp\/v2\/types\/product"}],"replies":[{"embeddable":true,"href":"https:\/\/baralivres.ma\/index.php?rest_route=%2Fwp%2Fv2%2Fcomments&post=15305"}],"version-history":[{"count":1,"href":"https:\/\/baralivres.ma\/index.php?rest_route=\/wp\/v2\/product\/15305\/revisions"}],"predecessor-version":[{"id":15311,"href":"https:\/\/baralivres.ma\/index.php?rest_route=\/wp\/v2\/product\/15305\/revisions\/15311"}],"wp:featuredmedia":[{"embeddable":true,"href":"https:\/\/baralivres.ma\/index.php?rest_route=\/wp\/v2\/media\/15310"}],"wp:attachment":[{"href":"https:\/\/baralivres.ma\/index.php?rest_route=%2Fwp%2Fv2%2Fmedia&parent=15305"}],"wp:term":[{"taxonomy":"product_cat","embeddable":true,"href":"https:\/\/baralivres.ma\/index.php?rest_route=%2Fwp%2Fv2%2Fproduct_cat&post=15305"},{"taxonomy":"product_tag","embeddable":true,"href":"https:\/\/baralivres.ma\/index.php?rest_route=%2Fwp%2Fv2%2Fproduct_tag&post=15305"}],"curies":[{"name":"wp","href":"https:\/\/api.w.org\/{rel}","templated":true}]}}