{"id":15297,"date":"2023-10-27T14:43:04","date_gmt":"2023-10-27T13:43:04","guid":{"rendered":"https:\/\/baralivres.ma\/?post_type=product&#038;p=15297"},"modified":"2023-10-27T14:43:04","modified_gmt":"2023-10-27T13:43:04","slug":"eldorado-2","status":"publish","type":"product","link":"https:\/\/baralivres.ma\/?product=eldorado-2","title":{"rendered":"Eldorado"},"content":{"rendered":"<p>Salvatore Piracci, un v\u00e9t\u00e9ran de la marine italienne, a pour mission d&rsquo;intercepter les migrants en mer pr\u00e8s de la Sicile. Toutefois, sa vie prend un tournant inattendu lorsqu&rsquo;il rencontre une femme qu&rsquo;il avait sauv\u00e9e d&rsquo;un naufrage quelques temps auparavant, la poussant \u00e0 quitter son errance int\u00e9rieure pour partir en Afrique. En parall\u00e8le, Soleiman, un jeune Soudanais, nourrit le r\u00eave de rejoindre l&rsquo;Europe, une terre de possibilit\u00e9s, et s&rsquo;engage dans ce p\u00e9riple \u00e0 tout prix.<\/p>\n<p>\u00c0 premi\u00e8re vue, il n&rsquo;y a aucun lien entre ces deux h\u00e9ros et leurs parcours oppos\u00e9s, \u00e0 l&rsquo;exception de l&rsquo;esp\u00e9rance. \u00c0 travers ces deux histoires entrelac\u00e9es, Laurent Gaud\u00e9 explore la force pr\u00e9cieuse du d\u00e9sir qui pousse les hommes \u00e0 se lancer dans un voyage, m\u00eame au prix de leur identit\u00e9 et parfois de leur vie.<\/p>\n","protected":false},"excerpt":{"rendered":"<p>Marine italienne intercepte migrants en Sicile. Rencontre femme sauv\u00e9e. Jeune Soudanais r\u00eave d&rsquo;Europe. Esp\u00e9rance les unit.<\/p>\n","protected":false},"featured_media":15300,"comment_status":"open","ping_status":"closed","template":"","meta":{"inline_featured_image":false},"product_cat":[204,143],"product_tag":[],"class_list":{"0":"post-15297","1":"product","2":"type-product","3":"status-publish","4":"has-post-thumbnail","6":"product_cat-francais","7":"product_cat-roman","8":"pa_auteurs-laurent-goude","10":"first","11":"instock","12":"shipping-taxable","13":"purchasable","14":"product-type-simple"},"_links":{"self":[{"href":"https:\/\/baralivres.ma\/index.php?rest_route=\/wp\/v2\/product\/15297","targetHints":{"allow":["GET"]}}],"collection":[{"href":"https:\/\/baralivres.ma\/index.php?rest_route=\/wp\/v2\/product"}],"about":[{"href":"https:\/\/baralivres.ma\/index.php?rest_route=\/wp\/v2\/types\/product"}],"replies":[{"embeddable":true,"href":"https:\/\/baralivres.ma\/index.php?rest_route=%2Fwp%2Fv2%2Fcomments&post=15297"}],"version-history":[{"count":1,"href":"https:\/\/baralivres.ma\/index.php?rest_route=\/wp\/v2\/product\/15297\/revisions"}],"predecessor-version":[{"id":15315,"href":"https:\/\/baralivres.ma\/index.php?rest_route=\/wp\/v2\/product\/15297\/revisions\/15315"}],"wp:featuredmedia":[{"embeddable":true,"href":"https:\/\/baralivres.ma\/index.php?rest_route=\/wp\/v2\/media\/15300"}],"wp:attachment":[{"href":"https:\/\/baralivres.ma\/index.php?rest_route=%2Fwp%2Fv2%2Fmedia&parent=15297"}],"wp:term":[{"taxonomy":"product_cat","embeddable":true,"href":"https:\/\/baralivres.ma\/index.php?rest_route=%2Fwp%2Fv2%2Fproduct_cat&post=15297"},{"taxonomy":"product_tag","embeddable":true,"href":"https:\/\/baralivres.ma\/index.php?rest_route=%2Fwp%2Fv2%2Fproduct_tag&post=15297"}],"curies":[{"name":"wp","href":"https:\/\/api.w.org\/{rel}","templated":true}]}}